{"id":9150,"date":"2026-05-15T13:28:28","date_gmt":"2026-05-15T13:28:28","guid":{"rendered":"https:\/\/abra.org.pt\/?post_type=product&#038;p=9150"},"modified":"2026-05-15T13:44:41","modified_gmt":"2026-05-15T13:44:41","slug":"celine-dion","status":"publish","type":"product","link":"https:\/\/abra.org.pt\/index.php\/produto\/celine-dion\/","title":{"rendered":"C\u00e9line Dion"},"content":{"rendered":"","protected":false},"excerpt":{"rendered":"<h3><\/h3>\n<h1><\/h1>\n<p>&nbsp;<\/p>\n<h2 class=\"itemTitle\"><span data-sheets-root=\"1\">C\u00e9line Dion<\/span><\/h2>\n<p><strong>Data de entrada: 31 de mar\u00e7o de 2026<\/strong><\/p>\n<h4><strong>Caracter\u00edsticas:<\/strong><\/h4>\n<h5 class=\"isSelectedEnd\">A C\u00e9line Dion deu entrada no Hospital Veterin\u00e1rio atrav\u00e9s da ambul\u00e2ncia animal, apresentando fratura da bacia. Foi submetida a cirurgia e encontra-se atualmente em recupera\u00e7\u00e3o favor\u00e1vel, tendo j\u00e1 retirado os fixadores. \u00c9 uma cadela muito calma e meiga, que adora receber festinhas e merece uma fam\u00edlia definitiva, onde possa ser feliz e amada para sempre.<\/h5>\n<h2><a href=\"https:\/\/abra.org.pt\/index.php\/adotar\/\">Quero adotar!<\/a><\/h2>\n<div style=\"text-align: left;\">\n<p><a title=\"C\u00e9line Dion\" href=\"https:\/\/www.flickr.com\/photos\/73528242@N04\/albums\/72177720333664111\" data-flickr-embed=\"true\"><img decoding=\"async\" src=\"https:\/\/live.staticflickr.com\/65535\/55271398106_9444234287_n.jpg\" alt=\"C\u00e9line Dion\" width=\"200\" height=\"100\" \/><\/a><script async src=\"\/\/embedr.flickr.com\/assets\/client-code.js\" charset=\"utf-8\"><\/script><\/p>\n<style>\n  .responsive-img {<br \/>    max-width: 100%;<br \/>    height: auto;<br \/>  }<br \/><\/style>\n<\/div>\n","protected":false},"featured_media":9151,"template":"","meta":[],"product_brand":[],"product_cat":[37,31,36],"product_tag":[],"class_list":{"0":"post-9150","1":"product","2":"type-product","3":"status-publish","4":"has-post-thumbnail","6":"product_cat-caes","7":"product_cat-caes-em-fat","8":"product_cat-ultimas-entradas","10":"first","11":"instock","12":"shipping-taxable","13":"product-type-simple"},"_links":{"self":[{"href":"https:\/\/abra.org.pt\/index.php\/wp-json\/wp\/v2\/product\/9150","targetHints":{"allow":["GET"]}}],"collection":[{"href":"https:\/\/abra.org.pt\/index.php\/wp-json\/wp\/v2\/product"}],"about":[{"href":"https:\/\/abra.org.pt\/index.php\/wp-json\/wp\/v2\/types\/product"}],"version-history":[{"count":1,"href":"https:\/\/abra.org.pt\/index.php\/wp-json\/wp\/v2\/product\/9150\/revisions"}],"predecessor-version":[{"id":9154,"href":"https:\/\/abra.org.pt\/index.php\/wp-json\/wp\/v2\/product\/9150\/revisions\/9154"}],"wp:featuredmedia":[{"embeddable":true,"href":"https:\/\/abra.org.pt\/index.php\/wp-json\/wp\/v2\/media\/9151"}],"wp:attachment":[{"href":"https:\/\/abra.org.pt\/index.php\/wp-json\/wp\/v2\/media?parent=9150"}],"wp:term":[{"taxonomy":"product_brand","embeddable":true,"href":"https:\/\/abra.org.pt\/index.php\/wp-json\/wp\/v2\/product_brand?post=9150"},{"taxonomy":"product_cat","embeddable":true,"href":"https:\/\/abra.org.pt\/index.php\/wp-json\/wp\/v2\/product_cat?post=9150"},{"taxonomy":"product_tag","embeddable":true,"href":"https:\/\/abra.org.pt\/index.php\/wp-json\/wp\/v2\/product_tag?post=9150"}],"curies":[{"name":"wp","href":"https:\/\/api.w.org\/{rel}","templated":true}]}}