{"id":9146,"date":"2026-05-15T10:56:28","date_gmt":"2026-05-15T10:56:28","guid":{"rendered":"https:\/\/abra.org.pt\/?post_type=product&#038;p=9146"},"modified":"2026-05-15T13:25:11","modified_gmt":"2026-05-15T13:25:11","slug":"joffrey","status":"publish","type":"product","link":"https:\/\/abra.org.pt\/index.php\/produto\/joffrey\/","title":{"rendered":"Joffrey"},"content":{"rendered":"","protected":false},"excerpt":{"rendered":"<h3><\/h3>\n<h1><\/h1>\n<p>&nbsp;<\/p>\n<h2 class=\"itemTitle\">Joffrey<\/h2>\n<h2 class=\"itemTitle\"><strong style=\"font-size: 16px;\">Data de entrada: 2 de maio de 2026<\/strong><\/h2>\n<h4><strong>Caracter\u00edsticas:<\/strong><\/h4>\n<h5 class=\"isSelectedEnd\">O Joffrey deu entrada no CRO e foi posteriormente internado por apresentar p\u00fastulas orais e gengivas bastante inflamadas. Encontrava-se bastante desidratado, apresentando um quadro cl\u00ednico compat\u00edvel com gengivoestomatite. Ap\u00f3s avalia\u00e7\u00e3o cl\u00ednica, foi recomendada a realiza\u00e7\u00e3o de exodontia total. Infelizmente, s\u00f3 conseguimos continuar a ajudar o Joffrey com o apoio da nossa comunidade, de forma a conseguir suportar os custos associados ao seu tratamento.<br \/>\nO Joffrey \u00e9 um gato ainda retra\u00eddo e precisa de uma fam\u00edlia paciente, que lhe d\u00ea tempo e espa\u00e7o para voltar a confiar.<\/h5>\n<h2><a href=\"https:\/\/abra.org.pt\/index.php\/adotar\/\">Quero adotar!<\/a><\/h2>\n<div style=\"text-align: left;\">\n<p><a title=\"Joffrey\" href=\"https:\/\/www.flickr.com\/photos\/73528242@N04\/albums\/72177720333663526\" data-flickr-embed=\"true\"><img decoding=\"async\" src=\"https:\/\/live.staticflickr.com\/65535\/55271561999_7963143d48_n.jpg\" alt=\"Joffrey\" width=\"200\" height=\"100\" \/><\/a><script async src=\"\/\/embedr.flickr.com\/assets\/client-code.js\" charset=\"utf-8\"><\/script><\/p>\n<style>\n .responsive-img {<br \/>    max-width: 100%;<br \/>    height: auto;<br \/>  }<br \/><\/style>\n<\/div>\n","protected":false},"featured_media":9147,"template":"","meta":[],"product_brand":[],"product_cat":[39,38,29,36],"product_tag":[],"class_list":{"0":"post-9146","1":"product","2":"type-product","3":"status-publish","4":"has-post-thumbnail","6":"product_cat-casos-urgentes","7":"product_cat-gatos","8":"product_cat-gatosnocro","9":"product_cat-ultimas-entradas","11":"first","12":"instock","13":"shipping-taxable","14":"product-type-simple"},"_links":{"self":[{"href":"https:\/\/abra.org.pt\/index.php\/wp-json\/wp\/v2\/product\/9146","targetHints":{"allow":["GET"]}}],"collection":[{"href":"https:\/\/abra.org.pt\/index.php\/wp-json\/wp\/v2\/product"}],"about":[{"href":"https:\/\/abra.org.pt\/index.php\/wp-json\/wp\/v2\/types\/product"}],"version-history":[{"count":1,"href":"https:\/\/abra.org.pt\/index.php\/wp-json\/wp\/v2\/product\/9146\/revisions"}],"predecessor-version":[{"id":9149,"href":"https:\/\/abra.org.pt\/index.php\/wp-json\/wp\/v2\/product\/9146\/revisions\/9149"}],"wp:featuredmedia":[{"embeddable":true,"href":"https:\/\/abra.org.pt\/index.php\/wp-json\/wp\/v2\/media\/9147"}],"wp:attachment":[{"href":"https:\/\/abra.org.pt\/index.php\/wp-json\/wp\/v2\/media?parent=9146"}],"wp:term":[{"taxonomy":"product_brand","embeddable":true,"href":"https:\/\/abra.org.pt\/index.php\/wp-json\/wp\/v2\/product_brand?post=9146"},{"taxonomy":"product_cat","embeddable":true,"href":"https:\/\/abra.org.pt\/index.php\/wp-json\/wp\/v2\/product_cat?post=9146"},{"taxonomy":"product_tag","embeddable":true,"href":"https:\/\/abra.org.pt\/index.php\/wp-json\/wp\/v2\/product_tag?post=9146"}],"curies":[{"name":"wp","href":"https:\/\/api.w.org\/{rel}","templated":true}]}}