{"id":9142,"date":"2026-05-14T19:01:49","date_gmt":"2026-05-14T19:01:49","guid":{"rendered":"https:\/\/abra.org.pt\/?post_type=product&#038;p=9142"},"modified":"2026-05-14T19:03:19","modified_gmt":"2026-05-14T19:03:19","slug":"beirao","status":"publish","type":"product","link":"https:\/\/abra.org.pt\/index.php\/produto\/beirao\/","title":{"rendered":"Beir\u00e3o"},"content":{"rendered":"","protected":false},"excerpt":{"rendered":"<h3><\/h3>\n<h1><\/h1>\n<p>&nbsp;<\/p>\n<h2 class=\"itemTitle\">Beir\u00e3o<\/h2>\n<h2 class=\"itemTitle\"><strong style=\"font-size: 16px;\">Data de entrada: 24 de abril de 2026<\/strong><\/h2>\n<h4><strong>Caracter\u00edsticas:<\/strong><\/h4>\n<h5 data-start=\"65\" data-end=\"304\">O Beir\u00e3o \u00e9 um gato muito meigo e carente, que merece uma fam\u00edlia que lhe d\u00ea amor e um lar para sempre.<\/h5>\n<h2><a href=\"https:\/\/abra.org.pt\/index.php\/adotar\/\">Quero adotar!<\/a><\/h2>\n<div style=\"text-align: left;\">\n<p><a data-flickr-embed=\"true\" href=\"https:\/\/www.flickr.com\/photos\/73528242@N04\/albums\/72177720333647852\" title=\"Beir\u00e3o\"><img decoding=\"async\" src=\"https:\/\/live.staticflickr.com\/65535\/55270357994_c26187654e.jpg\" width=\"200\" height=\"100\" alt=\"Beir\u00e3o\"\/><\/a><script async src=\"\/\/embedr.flickr.com\/assets\/client-code.js\" charset=\"utf-8\"><\/script><\/p>\n<style>\n .responsive-img {<br \/>    max-width: 100%;<br \/>    height: auto;<br \/>  }<br \/><\/style>\n<\/div>\n","protected":false},"featured_media":9133,"template":"","meta":[],"product_brand":[],"product_cat":[38,29,36],"product_tag":[],"class_list":{"0":"post-9142","1":"product","2":"type-product","3":"status-publish","4":"has-post-thumbnail","6":"product_cat-gatos","7":"product_cat-gatosnocro","8":"product_cat-ultimas-entradas","10":"first","11":"instock","12":"shipping-taxable","13":"product-type-simple"},"_links":{"self":[{"href":"https:\/\/abra.org.pt\/index.php\/wp-json\/wp\/v2\/product\/9142","targetHints":{"allow":["GET"]}}],"collection":[{"href":"https:\/\/abra.org.pt\/index.php\/wp-json\/wp\/v2\/product"}],"about":[{"href":"https:\/\/abra.org.pt\/index.php\/wp-json\/wp\/v2\/types\/product"}],"version-history":[{"count":1,"href":"https:\/\/abra.org.pt\/index.php\/wp-json\/wp\/v2\/product\/9142\/revisions"}],"predecessor-version":[{"id":9143,"href":"https:\/\/abra.org.pt\/index.php\/wp-json\/wp\/v2\/product\/9142\/revisions\/9143"}],"wp:featuredmedia":[{"embeddable":true,"href":"https:\/\/abra.org.pt\/index.php\/wp-json\/wp\/v2\/media\/9133"}],"wp:attachment":[{"href":"https:\/\/abra.org.pt\/index.php\/wp-json\/wp\/v2\/media?parent=9142"}],"wp:term":[{"taxonomy":"product_brand","embeddable":true,"href":"https:\/\/abra.org.pt\/index.php\/wp-json\/wp\/v2\/product_brand?post=9142"},{"taxonomy":"product_cat","embeddable":true,"href":"https:\/\/abra.org.pt\/index.php\/wp-json\/wp\/v2\/product_cat?post=9142"},{"taxonomy":"product_tag","embeddable":true,"href":"https:\/\/abra.org.pt\/index.php\/wp-json\/wp\/v2\/product_tag?post=9142"}],"curies":[{"name":"wp","href":"https:\/\/api.w.org\/{rel}","templated":true}]}}