{"id":9098,"date":"2026-05-07T11:03:32","date_gmt":"2026-05-07T11:03:32","guid":{"rendered":"https:\/\/abra.org.pt\/?post_type=product&#038;p=9098"},"modified":"2026-05-07T11:10:12","modified_gmt":"2026-05-07T11:10:12","slug":"marley","status":"publish","type":"product","link":"https:\/\/abra.org.pt\/index.php\/produto\/marley\/","title":{"rendered":"Marley"},"content":{"rendered":"","protected":false},"excerpt":{"rendered":"<h3><\/h3>\n<h1><\/h1>\n<p>&nbsp;<\/p>\n<h1>Marley<\/h1>\n<p><strong>Data do pedido: 30 de abril de 2026<\/strong><\/p>\n<h4><strong>Caracter\u00edsticas:<\/strong><\/h4>\n<h5>O Marley est\u00e1 vacinado e tem microchip. \u00c9 um c\u00e3o muito d\u00f3cil. Se estiver interessado em adot\u00e1-lo, contacte: 933979716.<\/h5>\n<p>&nbsp;<\/p>\n<style>\n  .responsive-img {<br \/>    max-width: 100%;<br \/>    height: auto;<br \/>  }<br \/><\/style>\n<p><a title=\"PE - Marley\" href=\"https:\/\/www.flickr.com\/photos\/73528242@N04\/albums\/72177720333459950\" data-flickr-embed=\"true\"><img decoding=\"async\" src=\"https:\/\/live.staticflickr.com\/65535\/55249404964_086e53f4a9_n.jpg\" alt=\"PE - Marley\" width=\"200\" height=\"100\" \/><\/a><script async src=\"\/\/embedr.flickr.com\/assets\/client-code.js\" charset=\"utf-8\"><\/script><\/p>\n<style>\n  .responsive-img {<br \/>    max-width: 100%;<br \/>    height: auto;<br \/>  }<br \/><\/style>\n","protected":false},"featured_media":9101,"template":"","meta":[],"product_brand":[],"product_cat":[37,34],"product_tag":[],"class_list":{"0":"post-9098","1":"product","2":"type-product","3":"status-publish","4":"has-post-thumbnail","6":"product_cat-caes","7":"product_cat-pedidos-externos","9":"first","10":"instock","11":"shipping-taxable","12":"product-type-simple"},"_links":{"self":[{"href":"https:\/\/abra.org.pt\/index.php\/wp-json\/wp\/v2\/product\/9098","targetHints":{"allow":["GET"]}}],"collection":[{"href":"https:\/\/abra.org.pt\/index.php\/wp-json\/wp\/v2\/product"}],"about":[{"href":"https:\/\/abra.org.pt\/index.php\/wp-json\/wp\/v2\/types\/product"}],"version-history":[{"count":1,"href":"https:\/\/abra.org.pt\/index.php\/wp-json\/wp\/v2\/product\/9098\/revisions"}],"predecessor-version":[{"id":9102,"href":"https:\/\/abra.org.pt\/index.php\/wp-json\/wp\/v2\/product\/9098\/revisions\/9102"}],"wp:featuredmedia":[{"embeddable":true,"href":"https:\/\/abra.org.pt\/index.php\/wp-json\/wp\/v2\/media\/9101"}],"wp:attachment":[{"href":"https:\/\/abra.org.pt\/index.php\/wp-json\/wp\/v2\/media?parent=9098"}],"wp:term":[{"taxonomy":"product_brand","embeddable":true,"href":"https:\/\/abra.org.pt\/index.php\/wp-json\/wp\/v2\/product_brand?post=9098"},{"taxonomy":"product_cat","embeddable":true,"href":"https:\/\/abra.org.pt\/index.php\/wp-json\/wp\/v2\/product_cat?post=9098"},{"taxonomy":"product_tag","embeddable":true,"href":"https:\/\/abra.org.pt\/index.php\/wp-json\/wp\/v2\/product_tag?post=9098"}],"curies":[{"name":"wp","href":"https:\/\/api.w.org\/{rel}","templated":true}]}}