{"id":9075,"date":"2026-04-30T22:53:24","date_gmt":"2026-04-30T22:53:24","guid":{"rendered":"https:\/\/abra.org.pt\/?post_type=product&#038;p=9075"},"modified":"2026-04-30T22:58:40","modified_gmt":"2026-04-30T22:58:40","slug":"joya","status":"publish","type":"product","link":"https:\/\/abra.org.pt\/index.php\/produto\/joya\/","title":{"rendered":"Joya"},"content":{"rendered":"","protected":false},"excerpt":{"rendered":"<h3><\/h3>\n<h1><\/h1>\n<p>&nbsp;<\/p>\n<h2 class=\"itemTitle\"><span data-sheets-root=\"1\">Joya<\/span><\/h2>\n<p><strong>Data de entrada: 21 de abril de 2026<\/strong><\/p>\n<h4><strong>Caracter\u00edsticas:<\/strong><\/h4>\n<h5 class=\"isSelectedEnd\">A Joya \u00e9 uma cadela jovem, meiga e calma. Procura uma fam\u00edlia que cuide dela e n\u00e3o a volte a abandonar.<\/h5>\n<h2><a href=\"https:\/\/abra.org.pt\/index.php\/adotar\/\">Quero adotar!<\/a><\/h2>\n<div style=\"text-align: left;\">\n<p><a data-flickr-embed=\"true\" href=\"https:\/\/www.flickr.com\/photos\/73528242@N04\/albums\/72177720333424054\" title=\"Joya\"><img decoding=\"async\" src=\"https:\/\/live.staticflickr.com\/65535\/55240234722_c629923998_z.jpg\" width=\"200\" height=\"100\" alt=\"Joya\"\/><\/a><script async src=\"\/\/embedr.flickr.com\/assets\/client-code.js\" charset=\"utf-8\"><\/script><\/p>\n<style>\n  .responsive-img {<br \/>    max-width: 100%;<br \/>    height: auto;<br \/>  }<br \/><\/style>\n<\/div>\n","protected":false},"featured_media":9065,"template":"","meta":[],"product_brand":[],"product_cat":[37,28,36],"product_tag":[],"class_list":{"0":"post-9075","1":"product","2":"type-product","3":"status-publish","4":"has-post-thumbnail","6":"product_cat-caes","7":"product_cat-caesnocro","8":"product_cat-ultimas-entradas","10":"first","11":"instock","12":"shipping-taxable","13":"product-type-simple"},"_links":{"self":[{"href":"https:\/\/abra.org.pt\/index.php\/wp-json\/wp\/v2\/product\/9075","targetHints":{"allow":["GET"]}}],"collection":[{"href":"https:\/\/abra.org.pt\/index.php\/wp-json\/wp\/v2\/product"}],"about":[{"href":"https:\/\/abra.org.pt\/index.php\/wp-json\/wp\/v2\/types\/product"}],"version-history":[{"count":1,"href":"https:\/\/abra.org.pt\/index.php\/wp-json\/wp\/v2\/product\/9075\/revisions"}],"predecessor-version":[{"id":9076,"href":"https:\/\/abra.org.pt\/index.php\/wp-json\/wp\/v2\/product\/9075\/revisions\/9076"}],"wp:featuredmedia":[{"embeddable":true,"href":"https:\/\/abra.org.pt\/index.php\/wp-json\/wp\/v2\/media\/9065"}],"wp:attachment":[{"href":"https:\/\/abra.org.pt\/index.php\/wp-json\/wp\/v2\/media?parent=9075"}],"wp:term":[{"taxonomy":"product_brand","embeddable":true,"href":"https:\/\/abra.org.pt\/index.php\/wp-json\/wp\/v2\/product_brand?post=9075"},{"taxonomy":"product_cat","embeddable":true,"href":"https:\/\/abra.org.pt\/index.php\/wp-json\/wp\/v2\/product_cat?post=9075"},{"taxonomy":"product_tag","embeddable":true,"href":"https:\/\/abra.org.pt\/index.php\/wp-json\/wp\/v2\/product_tag?post=9075"}],"curies":[{"name":"wp","href":"https:\/\/api.w.org\/{rel}","templated":true}]}}