{"id":9014,"date":"2026-04-13T20:25:04","date_gmt":"2026-04-13T20:25:04","guid":{"rendered":"https:\/\/abra.org.pt\/?post_type=product&#038;p=9014"},"modified":"2026-04-13T20:29:20","modified_gmt":"2026-04-13T20:29:20","slug":"tarrafal","status":"publish","type":"product","link":"https:\/\/abra.org.pt\/index.php\/produto\/tarrafal\/","title":{"rendered":"Tarrafal"},"content":{"rendered":"","protected":false},"excerpt":{"rendered":"<h3><\/h3>\n<h1><\/h1>\n<p>&nbsp;<\/p>\n<h2 class=\"itemTitle\">Tarrafal<\/h2>\n<h2 class=\"itemTitle\"><strong style=\"font-size: 16px;\">Data de entrada: 19 de novembro de 2025<\/strong><\/h2>\n<h4><strong>Caracter\u00edsticas:<\/strong><\/h4>\n<h5 data-start=\"65\" data-end=\"304\">O Tarrafal \u00e9 um gato jovem que ainda est\u00e1 um pouco assustado, e por isso anseia por conhecer a fam\u00edlia na qual pode depositar toda a sua confian\u00e7a.<\/h5>\n<h2><a href=\"https:\/\/abra.org.pt\/index.php\/adotar\/\">Quero adotar!<\/a><\/h2>\n<div style=\"text-align: left;\">\n<p><a title=\"Tarrafal\" href=\"https:\/\/www.flickr.com\/photos\/73528242@N04\/albums\/72177720333064348\" data-flickr-embed=\"true\"><img decoding=\"async\" src=\"https:\/\/live.staticflickr.com\/65535\/55203282924_a72e2af7b0.jpg\" alt=\"Tarrafal\" width=\"200\" height=\"100\" \/><\/a><script async src=\"\/\/embedr.flickr.com\/assets\/client-code.js\" charset=\"utf-8\"><\/script><\/p>\n<style>\n .responsive-img {<br \/>    max-width: 100%;<br \/>    height: auto;<br \/>  }<br \/><\/style>\n<\/div>\n","protected":false},"featured_media":9015,"template":"","meta":[],"product_brand":[],"product_cat":[38,29,36],"product_tag":[],"class_list":{"0":"post-9014","1":"product","2":"type-product","3":"status-publish","4":"has-post-thumbnail","6":"product_cat-gatos","7":"product_cat-gatosnocro","8":"product_cat-ultimas-entradas","10":"first","11":"instock","12":"shipping-taxable","13":"product-type-simple"},"_links":{"self":[{"href":"https:\/\/abra.org.pt\/index.php\/wp-json\/wp\/v2\/product\/9014","targetHints":{"allow":["GET"]}}],"collection":[{"href":"https:\/\/abra.org.pt\/index.php\/wp-json\/wp\/v2\/product"}],"about":[{"href":"https:\/\/abra.org.pt\/index.php\/wp-json\/wp\/v2\/types\/product"}],"version-history":[{"count":1,"href":"https:\/\/abra.org.pt\/index.php\/wp-json\/wp\/v2\/product\/9014\/revisions"}],"predecessor-version":[{"id":9017,"href":"https:\/\/abra.org.pt\/index.php\/wp-json\/wp\/v2\/product\/9014\/revisions\/9017"}],"wp:featuredmedia":[{"embeddable":true,"href":"https:\/\/abra.org.pt\/index.php\/wp-json\/wp\/v2\/media\/9015"}],"wp:attachment":[{"href":"https:\/\/abra.org.pt\/index.php\/wp-json\/wp\/v2\/media?parent=9014"}],"wp:term":[{"taxonomy":"product_brand","embeddable":true,"href":"https:\/\/abra.org.pt\/index.php\/wp-json\/wp\/v2\/product_brand?post=9014"},{"taxonomy":"product_cat","embeddable":true,"href":"https:\/\/abra.org.pt\/index.php\/wp-json\/wp\/v2\/product_cat?post=9014"},{"taxonomy":"product_tag","embeddable":true,"href":"https:\/\/abra.org.pt\/index.php\/wp-json\/wp\/v2\/product_tag?post=9014"}],"curies":[{"name":"wp","href":"https:\/\/api.w.org\/{rel}","templated":true}]}}