{"id":8969,"date":"2026-04-07T16:04:38","date_gmt":"2026-04-07T16:04:38","guid":{"rendered":"https:\/\/abra.org.pt\/?post_type=product&#038;p=8969"},"modified":"2026-04-07T21:08:47","modified_gmt":"2026-04-07T21:08:47","slug":"luna-4","status":"publish","type":"product","link":"https:\/\/abra.org.pt\/index.php\/produto\/luna-4\/","title":{"rendered":"Luna"},"content":{"rendered":"","protected":false},"excerpt":{"rendered":"<h3><\/h3>\n<h1><\/h1>\n<p>&nbsp;<\/p>\n<h2 class=\"itemTitle\"><span data-sheets-root=\"1\">Luna<\/span><\/h2>\n<p><strong>Data de entrada: 4 de mar\u00e7o de 2026<\/strong><\/p>\n<h4><strong>Caracter\u00edsticas:<\/strong><\/h4>\n<h5>A Luna foi retirada ao antigo dono, por motivos que desconhecemos, apresentando v\u00e1rios tumores mam\u00e1rios. J\u00e1 foi submetida a uma mastectomia parcial e encontra-se atualmente em FAT, onde tem recuperado com mais conforto, enquanto aguarda pela segunda parte da cirurgia.<\/h5>\n<h2><a href=\"https:\/\/abra.org.pt\/index.php\/adotar\/\">Quero adotar!<\/a><\/h2>\n<div style=\"text-align: left;\">\n<p><a title=\"Luna\" href=\"https:\/\/www.flickr.com\/photos\/73528242@N04\/albums\/72177720332979049\" data-flickr-embed=\"true\"><img decoding=\"async\" src=\"https:\/\/live.staticflickr.com\/65535\/55193493034_1bc5cf694d_n.jpg\" alt=\"Luna\" width=\"200\" height=\"100\" \/><\/a><script async src=\"\/\/embedr.flickr.com\/assets\/client-code.js\" charset=\"utf-8\"><\/script><\/p>\n<style>\n  .responsive-img {<br \/>    max-width: 100%;<br \/>    height: auto;<br \/>  }<br \/><\/style>\n<\/div>\n","protected":false},"featured_media":8951,"template":"","meta":[],"product_brand":[],"product_cat":[37,31,36],"product_tag":[],"class_list":{"0":"post-8969","1":"product","2":"type-product","3":"status-publish","4":"has-post-thumbnail","6":"product_cat-caes","7":"product_cat-caes-em-fat","8":"product_cat-ultimas-entradas","10":"first","11":"instock","12":"shipping-taxable","13":"product-type-simple"},"_links":{"self":[{"href":"https:\/\/abra.org.pt\/index.php\/wp-json\/wp\/v2\/product\/8969","targetHints":{"allow":["GET"]}}],"collection":[{"href":"https:\/\/abra.org.pt\/index.php\/wp-json\/wp\/v2\/product"}],"about":[{"href":"https:\/\/abra.org.pt\/index.php\/wp-json\/wp\/v2\/types\/product"}],"version-history":[{"count":1,"href":"https:\/\/abra.org.pt\/index.php\/wp-json\/wp\/v2\/product\/8969\/revisions"}],"predecessor-version":[{"id":8970,"href":"https:\/\/abra.org.pt\/index.php\/wp-json\/wp\/v2\/product\/8969\/revisions\/8970"}],"wp:featuredmedia":[{"embeddable":true,"href":"https:\/\/abra.org.pt\/index.php\/wp-json\/wp\/v2\/media\/8951"}],"wp:attachment":[{"href":"https:\/\/abra.org.pt\/index.php\/wp-json\/wp\/v2\/media?parent=8969"}],"wp:term":[{"taxonomy":"product_brand","embeddable":true,"href":"https:\/\/abra.org.pt\/index.php\/wp-json\/wp\/v2\/product_brand?post=8969"},{"taxonomy":"product_cat","embeddable":true,"href":"https:\/\/abra.org.pt\/index.php\/wp-json\/wp\/v2\/product_cat?post=8969"},{"taxonomy":"product_tag","embeddable":true,"href":"https:\/\/abra.org.pt\/index.php\/wp-json\/wp\/v2\/product_tag?post=8969"}],"curies":[{"name":"wp","href":"https:\/\/api.w.org\/{rel}","templated":true}]}}