{"id":8910,"date":"2026-03-23T22:37:10","date_gmt":"2026-03-23T22:37:10","guid":{"rendered":"https:\/\/abra.org.pt\/?post_type=product&#038;p=8910"},"modified":"2026-04-09T14:49:44","modified_gmt":"2026-04-09T14:49:44","slug":"vera","status":"publish","type":"product","link":"https:\/\/abra.org.pt\/index.php\/produto\/vera\/","title":{"rendered":"Vera"},"content":{"rendered":"","protected":false},"excerpt":{"rendered":"<h3><\/h3>\n<h1><\/h1>\n<p>&nbsp;<\/p>\n<h2 class=\"itemTitle\"><span data-sheets-root=\"1\">Vera<\/span><\/h2>\n<p><strong>Data de entrada: 1 de mar\u00e7o de 2026<\/strong><\/p>\n<h4><strong>Caracter\u00edsticas:<\/strong><\/h4>\n<h5 class=\"isSelectedEnd\">A Vera deu entrada no Hospital Veterin\u00e1rio com uma placa antiga no f\u00e9mur, o que indica que j\u00e1 ter\u00e1 tido um dono, mas ningu\u00e9m a veio reclamar. Foi novamente intervencionada por apresentar fratura do f\u00e9mur direito e da t\u00edbia distal esquerda, tendo sido colocada uma placa no f\u00e9mur, e est\u00e1 agora em recupera\u00e7\u00e3o. Apesar de tudo, \u00e9 uma cadela muito meiga, querida e cheia de amor para dar. A Vera procura um lar onde possa recuperar em seguran\u00e7a, ser verdadeiramente feliz e encontrar algu\u00e9m que nunca mais a abandone.<\/h5>\n<h2><a href=\"https:\/\/abra.org.pt\/index.php\/adotar\/\">Quero adotar!<\/a><\/h2>\n<div style=\"text-align: left;\">\n<p><a title=\"Vera\" href=\"https:\/\/www.flickr.com\/photos\/73528242@N04\/albums\/72177720332713149\" data-flickr-embed=\"true\"><img decoding=\"async\" src=\"https:\/\/live.staticflickr.com\/65535\/55197105119_ba041aa454_n.jpg\" alt=\"Vera\" width=\"200\" height=\"100\" \/><\/a><script async src=\"\/\/embedr.flickr.com\/assets\/client-code.js\" charset=\"utf-8\"><\/script><\/p>\n<style>\n  .responsive-img {<br \/>    max-width: 100%;<br \/>    height: auto;<br \/>  }<br \/><\/style>\n<\/div>\n","protected":false},"featured_media":9006,"template":"","meta":[],"product_brand":[],"product_cat":[37,28,39,36],"product_tag":[],"class_list":{"0":"post-8910","1":"product","2":"type-product","3":"status-publish","4":"has-post-thumbnail","6":"product_cat-caes","7":"product_cat-caesnocro","8":"product_cat-casos-urgentes","9":"product_cat-ultimas-entradas","11":"first","12":"instock","13":"shipping-taxable","14":"product-type-simple"},"_links":{"self":[{"href":"https:\/\/abra.org.pt\/index.php\/wp-json\/wp\/v2\/product\/8910","targetHints":{"allow":["GET"]}}],"collection":[{"href":"https:\/\/abra.org.pt\/index.php\/wp-json\/wp\/v2\/product"}],"about":[{"href":"https:\/\/abra.org.pt\/index.php\/wp-json\/wp\/v2\/types\/product"}],"version-history":[{"count":5,"href":"https:\/\/abra.org.pt\/index.php\/wp-json\/wp\/v2\/product\/8910\/revisions"}],"predecessor-version":[{"id":9012,"href":"https:\/\/abra.org.pt\/index.php\/wp-json\/wp\/v2\/product\/8910\/revisions\/9012"}],"wp:featuredmedia":[{"embeddable":true,"href":"https:\/\/abra.org.pt\/index.php\/wp-json\/wp\/v2\/media\/9006"}],"wp:attachment":[{"href":"https:\/\/abra.org.pt\/index.php\/wp-json\/wp\/v2\/media?parent=8910"}],"wp:term":[{"taxonomy":"product_brand","embeddable":true,"href":"https:\/\/abra.org.pt\/index.php\/wp-json\/wp\/v2\/product_brand?post=8910"},{"taxonomy":"product_cat","embeddable":true,"href":"https:\/\/abra.org.pt\/index.php\/wp-json\/wp\/v2\/product_cat?post=8910"},{"taxonomy":"product_tag","embeddable":true,"href":"https:\/\/abra.org.pt\/index.php\/wp-json\/wp\/v2\/product_tag?post=8910"}],"curies":[{"name":"wp","href":"https:\/\/api.w.org\/{rel}","templated":true}]}}