{"id":8898,"date":"2026-03-20T16:22:44","date_gmt":"2026-03-20T16:22:44","guid":{"rendered":"https:\/\/abra.org.pt\/?post_type=product&#038;p=8898"},"modified":"2026-04-08T16:22:19","modified_gmt":"2026-04-08T16:22:19","slug":"picasso","status":"publish","type":"product","link":"https:\/\/abra.org.pt\/index.php\/produto\/picasso\/","title":{"rendered":"Picasso"},"content":{"rendered":"","protected":false},"excerpt":{"rendered":"<h3><\/h3>\n<h1><\/h1>\n<p>&nbsp;<\/p>\n<h2 class=\"itemTitle\"><strong>Picasso<\/strong><\/h2>\n<h2 class=\"itemTitle\"><strong style=\"font-size: 16px;\">Data de entrada: 4 de janeiro de 2026<\/strong><\/h2>\n<h4><strong>Caracter\u00edsticas:<\/strong><\/h4>\n<h5 data-start=\"65\" data-end=\"304\">O Picasso deu entrada no Hospital Veterin\u00e1rio atrav\u00e9s da ambul\u00e2ncia animal, apresentando ataxia e s\u00edndrome vestibular. Ficou internado para tratamento de uma otite, tendo apresentado uma evolu\u00e7\u00e3o positiva. Foi recomendada a realiza\u00e7\u00e3o de uma destartariza\u00e7\u00e3o devido a doen\u00e7a periodontal.<br \/>\nNo primeiro contacto \u00e9 um pouco reservado, mas rapidamente se deixa conquistar. O Picasso \u00e9 um gato s\u00e9nior que procura uma fam\u00edlia paciente, que respeite o seu tempo e lhe d\u00ea o cuidado e carinho de que precisa para continuar a ganhar confian\u00e7a.<\/h5>\n<h2><a href=\"https:\/\/abra.org.pt\/index.php\/adotar\/\">Quero adotar!<\/a><\/h2>\n<div style=\"text-align: left;\">\n<p><a title=\"Picasso\" href=\"https:\/\/www.flickr.com\/photos\/73528242@N04\/albums\/72177720332459084\" data-flickr-embed=\"true\"><img decoding=\"async\" src=\"https:\/\/live.staticflickr.com\/65535\/55195599425_8271668085_n.jpg\" alt=\"Picasso\" width=\"200\" height=\"100\" \/><\/a><script async src=\"\/\/embedr.flickr.com\/assets\/client-code.js\" charset=\"utf-8\"><\/script><\/p>\n<style>\n .responsive-img {<br \/>    max-width: 100%;<br \/>    height: auto;<br \/>  }<br \/><\/style>\n<\/div>\n","protected":false},"featured_media":9001,"template":"","meta":[],"product_brand":[],"product_cat":[39,38,29,36],"product_tag":[],"class_list":{"0":"post-8898","1":"product","2":"type-product","3":"status-publish","4":"has-post-thumbnail","6":"product_cat-casos-urgentes","7":"product_cat-gatos","8":"product_cat-gatosnocro","9":"product_cat-ultimas-entradas","11":"first","12":"instock","13":"shipping-taxable","14":"product-type-simple"},"_links":{"self":[{"href":"https:\/\/abra.org.pt\/index.php\/wp-json\/wp\/v2\/product\/8898","targetHints":{"allow":["GET"]}}],"collection":[{"href":"https:\/\/abra.org.pt\/index.php\/wp-json\/wp\/v2\/product"}],"about":[{"href":"https:\/\/abra.org.pt\/index.php\/wp-json\/wp\/v2\/types\/product"}],"version-history":[{"count":3,"href":"https:\/\/abra.org.pt\/index.php\/wp-json\/wp\/v2\/product\/8898\/revisions"}],"predecessor-version":[{"id":9005,"href":"https:\/\/abra.org.pt\/index.php\/wp-json\/wp\/v2\/product\/8898\/revisions\/9005"}],"wp:featuredmedia":[{"embeddable":true,"href":"https:\/\/abra.org.pt\/index.php\/wp-json\/wp\/v2\/media\/9001"}],"wp:attachment":[{"href":"https:\/\/abra.org.pt\/index.php\/wp-json\/wp\/v2\/media?parent=8898"}],"wp:term":[{"taxonomy":"product_brand","embeddable":true,"href":"https:\/\/abra.org.pt\/index.php\/wp-json\/wp\/v2\/product_brand?post=8898"},{"taxonomy":"product_cat","embeddable":true,"href":"https:\/\/abra.org.pt\/index.php\/wp-json\/wp\/v2\/product_cat?post=8898"},{"taxonomy":"product_tag","embeddable":true,"href":"https:\/\/abra.org.pt\/index.php\/wp-json\/wp\/v2\/product_tag?post=8898"}],"curies":[{"name":"wp","href":"https:\/\/api.w.org\/{rel}","templated":true}]}}