{"id":8774,"date":"2026-03-05T16:17:07","date_gmt":"2026-03-05T16:17:07","guid":{"rendered":"https:\/\/abra.org.pt\/?post_type=product&#038;p=8774"},"modified":"2026-05-12T23:26:34","modified_gmt":"2026-05-12T23:26:34","slug":"max","status":"publish","type":"product","link":"https:\/\/abra.org.pt\/index.php\/produto\/max\/","title":{"rendered":"Max"},"content":{"rendered":"","protected":false},"excerpt":{"rendered":"<h3><\/h3>\n<h1><\/h1>\n<p>&nbsp;<\/p>\n<h2 class=\"itemTitle\"><span data-sheets-root=\"1\">Max<\/span><\/h2>\n<p><strong>Data de entrada: 23 de fevereiro de 2026<\/strong><\/p>\n<h4><strong>Caracter\u00edsticas:<\/strong><\/h4>\n<h5 data-start=\"92\" data-end=\"367\">O Max deu entrada no Hospital Veterin\u00e1rio atrav\u00e9s da ambul\u00e2ncia animal ap\u00f3s ter sido atropelado. O seu estado exigiu interven\u00e7\u00e3o cir\u00fargica, tendo sido necess\u00e1ria uma cirurgia ortop\u00e9dica que incluiu ressec\u00e7\u00e3o da cabe\u00e7a do f\u00e9mur e ressec\u00e7\u00e3o da coluna caudal. Neste momento, o Max encontra-se em fase de recupera\u00e7\u00e3o da cirurgia. Infelizmente, o Max \u00e9 mais um c\u00e3o s\u00e9nior que foi abandonado numa fase da vida em que mais precisa de estabilidade, carinho e conforto. Agora, mais do que nunca, precisa de uma fam\u00edlia que o acolha com amor, paci\u00eancia, responsabilidade, e que nunca mais o abandone.<\/h5>\n<h2><a href=\"https:\/\/abra.org.pt\/index.php\/adotar\/\">Quero adotar!<\/a><\/h2>\n<div style=\"text-align: left;\">\n<p><a title=\"Max\" href=\"https:\/\/www.flickr.com\/photos\/73528242@N04\/albums\/72177720332381443\" data-flickr-embed=\"true\"><img decoding=\"async\" src=\"https:\/\/live.staticflickr.com\/65535\/55266402953_38599db99c_n.jpg\" alt=\"Max\" width=\"200\" height=\"100\" \/><\/a><script async src=\"\/\/embedr.flickr.com\/assets\/client-code.js\" charset=\"utf-8\"><\/script><\/p>\n<style>\n  .responsive-img {<br \/>    max-width: 100%;<br \/>    height: auto;<br \/>  }<br \/><\/style>\n<\/div>\n","protected":false},"featured_media":9112,"template":"","meta":[],"product_brand":[],"product_cat":[37,31,39,36],"product_tag":[],"class_list":{"0":"post-8774","1":"product","2":"type-product","3":"status-publish","4":"has-post-thumbnail","6":"product_cat-caes","7":"product_cat-caes-em-fat","8":"product_cat-casos-urgentes","9":"product_cat-ultimas-entradas","11":"first","12":"instock","13":"shipping-taxable","14":"product-type-simple"},"_links":{"self":[{"href":"https:\/\/abra.org.pt\/index.php\/wp-json\/wp\/v2\/product\/8774","targetHints":{"allow":["GET"]}}],"collection":[{"href":"https:\/\/abra.org.pt\/index.php\/wp-json\/wp\/v2\/product"}],"about":[{"href":"https:\/\/abra.org.pt\/index.php\/wp-json\/wp\/v2\/types\/product"}],"version-history":[{"count":4,"href":"https:\/\/abra.org.pt\/index.php\/wp-json\/wp\/v2\/product\/8774\/revisions"}],"predecessor-version":[{"id":9124,"href":"https:\/\/abra.org.pt\/index.php\/wp-json\/wp\/v2\/product\/8774\/revisions\/9124"}],"wp:featuredmedia":[{"embeddable":true,"href":"https:\/\/abra.org.pt\/index.php\/wp-json\/wp\/v2\/media\/9112"}],"wp:attachment":[{"href":"https:\/\/abra.org.pt\/index.php\/wp-json\/wp\/v2\/media?parent=8774"}],"wp:term":[{"taxonomy":"product_brand","embeddable":true,"href":"https:\/\/abra.org.pt\/index.php\/wp-json\/wp\/v2\/product_brand?post=8774"},{"taxonomy":"product_cat","embeddable":true,"href":"https:\/\/abra.org.pt\/index.php\/wp-json\/wp\/v2\/product_cat?post=8774"},{"taxonomy":"product_tag","embeddable":true,"href":"https:\/\/abra.org.pt\/index.php\/wp-json\/wp\/v2\/product_tag?post=8774"}],"curies":[{"name":"wp","href":"https:\/\/api.w.org\/{rel}","templated":true}]}}