{"id":8758,"date":"2026-03-04T12:34:58","date_gmt":"2026-03-04T12:34:58","guid":{"rendered":"https:\/\/abra.org.pt\/?post_type=product&#038;p=8758"},"modified":"2026-03-04T18:26:22","modified_gmt":"2026-03-04T18:26:22","slug":"blade","status":"publish","type":"product","link":"https:\/\/abra.org.pt\/index.php\/produto\/blade\/","title":{"rendered":"Blade"},"content":{"rendered":"","protected":false},"excerpt":{"rendered":"<h3><\/h3>\n<h1><\/h1>\n<p>&nbsp;<\/p>\n<h2 class=\"itemTitle\"><span data-sheets-root=\"1\">Blade<\/span><\/h2>\n<p><strong>Data de entrada: 13 de fevereiro de 2026<\/strong><\/p>\n<h4><strong>Caracter\u00edsticas:<\/strong><\/h4>\n<h5>A Blade ainda est\u00e1 a adaptar-se \u00e0 sua nova realidade e precisa de uma fam\u00edlia paciente e que respeite o seu tempo.<\/h5>\n<h2><a href=\"https:\/\/abra.org.pt\/index.php\/adotar\/\">Quero adotar!<\/a><\/h2>\n<div style=\"text-align: left;\">\n<p><a title=\"Blade\" href=\"https:\/\/www.flickr.com\/photos\/73528242@N04\/albums\/72177720332331121\" data-flickr-embed=\"true\"><img decoding=\"async\" src=\"https:\/\/live.staticflickr.com\/65535\/55126755317_46203c84f0_c.jpg\" alt=\"Blade\" width=\"200\" height=\"100\" \/><\/a><script async src=\"\/\/embedr.flickr.com\/assets\/client-code.js\" charset=\"utf-8\"><\/script><\/p>\n<style>\n  .responsive-img {<br \/>    max-width: 100%;<br \/>    height: auto;<br \/>  }<br \/><\/style>\n<\/div>\n","protected":false},"featured_media":8739,"template":"","meta":[],"product_brand":[],"product_cat":[37,28,36],"product_tag":[],"class_list":{"0":"post-8758","1":"product","2":"type-product","3":"status-publish","4":"has-post-thumbnail","6":"product_cat-caes","7":"product_cat-caesnocro","8":"product_cat-ultimas-entradas","10":"first","11":"instock","12":"shipping-taxable","13":"product-type-simple"},"_links":{"self":[{"href":"https:\/\/abra.org.pt\/index.php\/wp-json\/wp\/v2\/product\/8758","targetHints":{"allow":["GET"]}}],"collection":[{"href":"https:\/\/abra.org.pt\/index.php\/wp-json\/wp\/v2\/product"}],"about":[{"href":"https:\/\/abra.org.pt\/index.php\/wp-json\/wp\/v2\/types\/product"}],"version-history":[{"count":3,"href":"https:\/\/abra.org.pt\/index.php\/wp-json\/wp\/v2\/product\/8758\/revisions"}],"predecessor-version":[{"id":8772,"href":"https:\/\/abra.org.pt\/index.php\/wp-json\/wp\/v2\/product\/8758\/revisions\/8772"}],"wp:featuredmedia":[{"embeddable":true,"href":"https:\/\/abra.org.pt\/index.php\/wp-json\/wp\/v2\/media\/8739"}],"wp:attachment":[{"href":"https:\/\/abra.org.pt\/index.php\/wp-json\/wp\/v2\/media?parent=8758"}],"wp:term":[{"taxonomy":"product_brand","embeddable":true,"href":"https:\/\/abra.org.pt\/index.php\/wp-json\/wp\/v2\/product_brand?post=8758"},{"taxonomy":"product_cat","embeddable":true,"href":"https:\/\/abra.org.pt\/index.php\/wp-json\/wp\/v2\/product_cat?post=8758"},{"taxonomy":"product_tag","embeddable":true,"href":"https:\/\/abra.org.pt\/index.php\/wp-json\/wp\/v2\/product_tag?post=8758"}],"curies":[{"name":"wp","href":"https:\/\/api.w.org\/{rel}","templated":true}]}}