{"id":8711,"date":"2026-03-03T23:42:11","date_gmt":"2026-03-03T23:42:11","guid":{"rendered":"https:\/\/abra.org.pt\/?post_type=product&#038;p=8711"},"modified":"2026-03-12T18:14:02","modified_gmt":"2026-03-12T18:14:02","slug":"taipei","status":"publish","type":"product","link":"https:\/\/abra.org.pt\/index.php\/produto\/taipei\/","title":{"rendered":"Taipei"},"content":{"rendered":"","protected":false},"excerpt":{"rendered":"<h3><\/h3>\n<h1><\/h1>\n<p>&nbsp;<\/p>\n<h2 class=\"itemTitle\"><strong>Taipei<\/strong><\/h2>\n<h2 class=\"itemTitle\"><strong style=\"font-size: 16px;\">Data de entrada: 18 de fevereiro de 2026<\/strong><\/h2>\n<h4><strong>Caracter\u00edsticas:<\/strong><\/h4>\n<h5 data-start=\"65\" data-end=\"304\">A Taipei \u00e9 uma gatinha juvenil que ainda est\u00e1 um pouco assustada porque deu entrada recentemente no CRO. Est\u00e1 ansiosa por conhecer a fam\u00edlia que ser\u00e1 o seu porto seguro.<\/h5>\n<h2><a href=\"https:\/\/abra.org.pt\/index.php\/adotar\/\">Quero adotar!<\/a><\/h2>\n<div style=\"text-align: left;\">\n<p><a title=\"Taipei\" href=\"https:\/\/www.flickr.com\/photos\/73528242@N04\/albums\/72177720332348363\" data-flickr-embed=\"true\"><img decoding=\"async\" src=\"https:\/\/live.staticflickr.com\/65535\/55128021645_181b9b4e27.jpg\" alt=\"Taipei\" width=\"200\" height=\"100\" \/><\/a><script async src=\"\/\/embedr.flickr.com\/assets\/client-code.js\" charset=\"utf-8\"><\/script><\/p>\n<style>\n .responsive-img {<br \/>    max-width: 100%;<br \/>    height: auto;<br \/>  }<br \/><\/style>\n<\/div>\n","protected":false},"featured_media":8712,"template":"","meta":[],"product_brand":[],"product_cat":[38,29,36],"product_tag":[],"class_list":{"0":"post-8711","1":"product","2":"type-product","3":"status-publish","4":"has-post-thumbnail","6":"product_cat-gatos","7":"product_cat-gatosnocro","8":"product_cat-ultimas-entradas","10":"first","11":"instock","12":"shipping-taxable","13":"product-type-simple"},"_links":{"self":[{"href":"https:\/\/abra.org.pt\/index.php\/wp-json\/wp\/v2\/product\/8711","targetHints":{"allow":["GET"]}}],"collection":[{"href":"https:\/\/abra.org.pt\/index.php\/wp-json\/wp\/v2\/product"}],"about":[{"href":"https:\/\/abra.org.pt\/index.php\/wp-json\/wp\/v2\/types\/product"}],"version-history":[{"count":4,"href":"https:\/\/abra.org.pt\/index.php\/wp-json\/wp\/v2\/product\/8711\/revisions"}],"predecessor-version":[{"id":8852,"href":"https:\/\/abra.org.pt\/index.php\/wp-json\/wp\/v2\/product\/8711\/revisions\/8852"}],"wp:featuredmedia":[{"embeddable":true,"href":"https:\/\/abra.org.pt\/index.php\/wp-json\/wp\/v2\/media\/8712"}],"wp:attachment":[{"href":"https:\/\/abra.org.pt\/index.php\/wp-json\/wp\/v2\/media?parent=8711"}],"wp:term":[{"taxonomy":"product_brand","embeddable":true,"href":"https:\/\/abra.org.pt\/index.php\/wp-json\/wp\/v2\/product_brand?post=8711"},{"taxonomy":"product_cat","embeddable":true,"href":"https:\/\/abra.org.pt\/index.php\/wp-json\/wp\/v2\/product_cat?post=8711"},{"taxonomy":"product_tag","embeddable":true,"href":"https:\/\/abra.org.pt\/index.php\/wp-json\/wp\/v2\/product_tag?post=8711"}],"curies":[{"name":"wp","href":"https:\/\/api.w.org\/{rel}","templated":true}]}}