{"id":8566,"date":"2026-02-06T12:50:18","date_gmt":"2026-02-06T12:50:18","guid":{"rendered":"https:\/\/abra.org.pt\/?post_type=product&#038;p=8566"},"modified":"2026-02-06T12:55:49","modified_gmt":"2026-02-06T12:55:49","slug":"sopatia","status":"publish","type":"product","link":"https:\/\/abra.org.pt\/index.php\/produto\/sopatia\/","title":{"rendered":"Sopat\u00eda"},"content":{"rendered":"","protected":false},"excerpt":{"rendered":"<h3><\/h3>\n<h1><\/h1>\n<p>&nbsp;<\/p>\n<h1>Sopat\u00eda<\/h1>\n<p><strong>Data do pedido: 3 de fevereiro de 2026<\/strong><\/p>\n<h4><strong>Caracter\u00edsticas:<\/strong><\/h4>\n<h5>O Sopat\u00eda tem seis anos, possui todos os documentos e vacinas, \u00e9 castrado e totalmente habituado \u00e0 caixa de areia. \u00c9 muito carinhoso, meigo e gosta muito de aten\u00e7\u00e3o humana. Acreditamos que ser\u00e1 um excelente companheiro para algu\u00e9m que valorize uma rela\u00e7\u00e3o pr\u00f3xima e agrad\u00e1vel com um gato. Se tiver interesse em adotar, contacte: 937 227 923.<\/h5>\n<style>\n  .responsive-img {<br \/>    max-width: 100%;<br \/>    height: auto;<br \/>  }<br \/><\/style>\n<style>\n  .responsive-img {<br \/>    max-width: 100%;<br \/>    height: auto;<br \/>  }<br \/><\/style>\n","protected":false},"featured_media":8568,"template":"","meta":[],"product_brand":[],"product_cat":[38,40],"product_tag":[],"class_list":{"0":"post-8566","1":"product","2":"type-product","3":"status-publish","4":"has-post-thumbnail","6":"product_cat-gatos","7":"product_cat-pedidos-externos-gatos","9":"first","10":"instock","11":"shipping-taxable","12":"product-type-simple"},"_links":{"self":[{"href":"https:\/\/abra.org.pt\/index.php\/wp-json\/wp\/v2\/product\/8566","targetHints":{"allow":["GET"]}}],"collection":[{"href":"https:\/\/abra.org.pt\/index.php\/wp-json\/wp\/v2\/product"}],"about":[{"href":"https:\/\/abra.org.pt\/index.php\/wp-json\/wp\/v2\/types\/product"}],"version-history":[{"count":3,"href":"https:\/\/abra.org.pt\/index.php\/wp-json\/wp\/v2\/product\/8566\/revisions"}],"predecessor-version":[{"id":8571,"href":"https:\/\/abra.org.pt\/index.php\/wp-json\/wp\/v2\/product\/8566\/revisions\/8571"}],"wp:featuredmedia":[{"embeddable":true,"href":"https:\/\/abra.org.pt\/index.php\/wp-json\/wp\/v2\/media\/8568"}],"wp:attachment":[{"href":"https:\/\/abra.org.pt\/index.php\/wp-json\/wp\/v2\/media?parent=8566"}],"wp:term":[{"taxonomy":"product_brand","embeddable":true,"href":"https:\/\/abra.org.pt\/index.php\/wp-json\/wp\/v2\/product_brand?post=8566"},{"taxonomy":"product_cat","embeddable":true,"href":"https:\/\/abra.org.pt\/index.php\/wp-json\/wp\/v2\/product_cat?post=8566"},{"taxonomy":"product_tag","embeddable":true,"href":"https:\/\/abra.org.pt\/index.php\/wp-json\/wp\/v2\/product_tag?post=8566"}],"curies":[{"name":"wp","href":"https:\/\/api.w.org\/{rel}","templated":true}]}}