{"id":8524,"date":"2026-02-02T22:03:35","date_gmt":"2026-02-02T22:03:35","guid":{"rendered":"https:\/\/abra.org.pt\/?post_type=product&#038;p=8524"},"modified":"2026-03-04T12:10:45","modified_gmt":"2026-03-04T12:10:45","slug":"yoshi","status":"publish","type":"product","link":"https:\/\/abra.org.pt\/index.php\/produto\/yoshi\/","title":{"rendered":"Yoshi"},"content":{"rendered":"","protected":false},"excerpt":{"rendered":"<h3><\/h3>\n<h1><\/h1>\n<p>&nbsp;<\/p>\n<h2 class=\"itemTitle\"><span data-sheets-root=\"1\">Yoshi<\/span><\/h2>\n<p><strong>Data de entrada: 9 de janeiro de 2025<\/strong><\/p>\n<h4><strong>Caracter\u00edsticas:<\/strong><\/h4>\n<h5>Ap\u00f3s um ano no CRO a aguardar a\u00a0resolu\u00e7\u00e3o\u00a0de um\u00a0processo burocr\u00e1tico, o Yoshi est\u00e1 agora dispon\u00edvel para ado\u00e7\u00e3o respons\u00e1vel. \u00c9 um c\u00e3o muito meigo e soci\u00e1vel com outros c\u00e3es.<\/h5>\n<h2><a href=\"https:\/\/abra.org.pt\/index.php\/adotar\/\">Quero adotar!<\/a><\/h2>\n<div style=\"text-align: left;\">\n<p><a title=\"Yoshi\" href=\"https:\/\/www.flickr.com\/photos\/73528242@N04\/albums\/72177720331818888\" data-flickr-embed=\"true\"><img decoding=\"async\" src=\"https:\/\/live.staticflickr.com\/65535\/55075436695_32055e6a0a_z.jpg\" alt=\"Yoshi\" width=\"200\" height=\"100\" \/><\/a><script async src=\"\/\/embedr.flickr.com\/assets\/client-code.js\" charset=\"utf-8\"><\/script><\/p>\n<style>\n  .responsive-img {<br \/>    max-width: 100%;<br \/>    height: auto;<br \/>  }<br \/><\/style>\n<\/div>\n","protected":false},"featured_media":8525,"template":"","meta":[],"product_brand":[],"product_cat":[37,28,36],"product_tag":[],"class_list":{"0":"post-8524","1":"product","2":"type-product","3":"status-publish","4":"has-post-thumbnail","6":"product_cat-caes","7":"product_cat-caesnocro","8":"product_cat-ultimas-entradas","10":"first","11":"instock","12":"shipping-taxable","13":"product-type-simple"},"_links":{"self":[{"href":"https:\/\/abra.org.pt\/index.php\/wp-json\/wp\/v2\/product\/8524","targetHints":{"allow":["GET"]}}],"collection":[{"href":"https:\/\/abra.org.pt\/index.php\/wp-json\/wp\/v2\/product"}],"about":[{"href":"https:\/\/abra.org.pt\/index.php\/wp-json\/wp\/v2\/types\/product"}],"version-history":[{"count":2,"href":"https:\/\/abra.org.pt\/index.php\/wp-json\/wp\/v2\/product\/8524\/revisions"}],"predecessor-version":[{"id":8736,"href":"https:\/\/abra.org.pt\/index.php\/wp-json\/wp\/v2\/product\/8524\/revisions\/8736"}],"wp:featuredmedia":[{"embeddable":true,"href":"https:\/\/abra.org.pt\/index.php\/wp-json\/wp\/v2\/media\/8525"}],"wp:attachment":[{"href":"https:\/\/abra.org.pt\/index.php\/wp-json\/wp\/v2\/media?parent=8524"}],"wp:term":[{"taxonomy":"product_brand","embeddable":true,"href":"https:\/\/abra.org.pt\/index.php\/wp-json\/wp\/v2\/product_brand?post=8524"},{"taxonomy":"product_cat","embeddable":true,"href":"https:\/\/abra.org.pt\/index.php\/wp-json\/wp\/v2\/product_cat?post=8524"},{"taxonomy":"product_tag","embeddable":true,"href":"https:\/\/abra.org.pt\/index.php\/wp-json\/wp\/v2\/product_tag?post=8524"}],"curies":[{"name":"wp","href":"https:\/\/api.w.org\/{rel}","templated":true}]}}