{"id":8433,"date":"2026-01-20T19:25:37","date_gmt":"2026-01-20T19:25:37","guid":{"rendered":"https:\/\/abra.org.pt\/?post_type=product&#038;p=8433"},"modified":"2026-01-28T13:40:26","modified_gmt":"2026-01-28T13:40:26","slug":"cao-para-adocao-2","status":"publish","type":"product","link":"https:\/\/abra.org.pt\/index.php\/produto\/cao-para-adocao-2\/","title":{"rendered":"Lazarus"},"content":{"rendered":"","protected":false},"excerpt":{"rendered":"<h3><\/h3>\n<h1><\/h1>\n<p>&nbsp;<\/p>\n<h1>Lazarus<\/h1>\n<p><strong>Data do pedido: 14 de janeiro de 2026<\/strong><\/p>\n<h4><strong>Caracter\u00edsticas:<\/strong><\/h4>\n<h5>Tem 9 meses, tem vacinas e microchip. Se estiver interessado em adot\u00e1-lo, contacte: 937 956 744.<\/h5>\n<p>&nbsp;<\/p>\n<style>\n  .responsive-img {<br \/>    max-width: 100%;<br \/>    height: auto;<br \/>  }<br \/><\/style>\n<p><a title=\"c\u00e3o para ado\u00e7\u00e3o (pedido externo)\" href=\"https:\/\/www.flickr.com\/photos\/73528242@N04\/albums\/72177720331562302\" data-flickr-embed=\"true\"><img decoding=\"async\" src=\"https:\/\/live.staticflickr.com\/65535\/55051209752_ccef035811_c.jpg\" alt=\"c\u00e3o para ado\u00e7\u00e3o (pedido externo)\" width=\"200\" height=\"100\" \/><\/a><script async src=\"\/\/embedr.flickr.com\/assets\/client-code.js\" charset=\"utf-8\"><\/script><\/p>\n<style>\n  .responsive-img {<br \/>    max-width: 100%;<br \/>    height: auto;<br \/>  }<br \/><\/style>\n","protected":false},"featured_media":8434,"template":"","meta":[],"product_brand":[],"product_cat":[37,34],"product_tag":[],"class_list":{"0":"post-8433","1":"product","2":"type-product","3":"status-publish","4":"has-post-thumbnail","6":"product_cat-caes","7":"product_cat-pedidos-externos","9":"first","10":"instock","11":"shipping-taxable","12":"product-type-simple"},"_links":{"self":[{"href":"https:\/\/abra.org.pt\/index.php\/wp-json\/wp\/v2\/product\/8433","targetHints":{"allow":["GET"]}}],"collection":[{"href":"https:\/\/abra.org.pt\/index.php\/wp-json\/wp\/v2\/product"}],"about":[{"href":"https:\/\/abra.org.pt\/index.php\/wp-json\/wp\/v2\/types\/product"}],"version-history":[{"count":3,"href":"https:\/\/abra.org.pt\/index.php\/wp-json\/wp\/v2\/product\/8433\/revisions"}],"predecessor-version":[{"id":8479,"href":"https:\/\/abra.org.pt\/index.php\/wp-json\/wp\/v2\/product\/8433\/revisions\/8479"}],"wp:featuredmedia":[{"embeddable":true,"href":"https:\/\/abra.org.pt\/index.php\/wp-json\/wp\/v2\/media\/8434"}],"wp:attachment":[{"href":"https:\/\/abra.org.pt\/index.php\/wp-json\/wp\/v2\/media?parent=8433"}],"wp:term":[{"taxonomy":"product_brand","embeddable":true,"href":"https:\/\/abra.org.pt\/index.php\/wp-json\/wp\/v2\/product_brand?post=8433"},{"taxonomy":"product_cat","embeddable":true,"href":"https:\/\/abra.org.pt\/index.php\/wp-json\/wp\/v2\/product_cat?post=8433"},{"taxonomy":"product_tag","embeddable":true,"href":"https:\/\/abra.org.pt\/index.php\/wp-json\/wp\/v2\/product_tag?post=8433"}],"curies":[{"name":"wp","href":"https:\/\/api.w.org\/{rel}","templated":true}]}}