{"id":8337,"date":"2026-01-09T22:20:10","date_gmt":"2026-01-09T22:20:10","guid":{"rendered":"https:\/\/abra.org.pt\/?post_type=product&#038;p=8337"},"modified":"2026-01-09T22:27:20","modified_gmt":"2026-01-09T22:27:20","slug":"formigo","status":"publish","type":"product","link":"https:\/\/abra.org.pt\/index.php\/produto\/formigo\/","title":{"rendered":"Formigo"},"content":{"rendered":"","protected":false},"excerpt":{"rendered":"<h3><\/h3>\n<h1><\/h1>\n<p>&nbsp;<\/p>\n<h2 class=\"itemTitle\"><span data-sheets-root=\"1\">Formigo<\/span><\/h2>\n<p><strong>Data de entrada: 2 de janeiro de 2026<\/strong><\/p>\n<h4><strong>Caracter\u00edsticas:<\/strong><\/h4>\n<h5>O Formigo \u00e9 um c\u00e3o cuja meiguice est\u00e1 \u00e0 altura do seu porte: grande por fora, mas ainda maior na do\u00e7ura. Procura agora uma fam\u00edlia que saiba retribuir todo esse carinho.<\/h5>\n<h2><a href=\"https:\/\/abra.org.pt\/index.php\/adotar\/\">Quero adotar!<\/a><\/h2>\n<div style=\"text-align: left;\">\n<p><a title=\"Formigo\" href=\"https:\/\/www.flickr.com\/photos\/73528242@N04\/albums\/72177720331357275\" data-flickr-embed=\"true\"><img decoding=\"async\" src=\"https:\/\/live.staticflickr.com\/65535\/55032948100_81689042d4_z.jpg\" alt=\"Formigo\" width=\"200\" height=\"100\" \/><\/a><script async src=\"\/\/embedr.flickr.com\/assets\/client-code.js\" charset=\"utf-8\"><\/script><\/p>\n<style>\n  .responsive-img {<br \/>    max-width: 100%;<br \/>    height: auto;<br \/>  }<br \/><\/style>\n<\/div>\n","protected":false},"featured_media":8338,"template":"","meta":[],"product_brand":[],"product_cat":[37,28,36],"product_tag":[],"class_list":{"0":"post-8337","1":"product","2":"type-product","3":"status-publish","4":"has-post-thumbnail","6":"product_cat-caes","7":"product_cat-caesnocro","8":"product_cat-ultimas-entradas","10":"first","11":"instock","12":"shipping-taxable","13":"product-type-simple"},"_links":{"self":[{"href":"https:\/\/abra.org.pt\/index.php\/wp-json\/wp\/v2\/product\/8337","targetHints":{"allow":["GET"]}}],"collection":[{"href":"https:\/\/abra.org.pt\/index.php\/wp-json\/wp\/v2\/product"}],"about":[{"href":"https:\/\/abra.org.pt\/index.php\/wp-json\/wp\/v2\/types\/product"}],"version-history":[{"count":1,"href":"https:\/\/abra.org.pt\/index.php\/wp-json\/wp\/v2\/product\/8337\/revisions"}],"predecessor-version":[{"id":8341,"href":"https:\/\/abra.org.pt\/index.php\/wp-json\/wp\/v2\/product\/8337\/revisions\/8341"}],"wp:featuredmedia":[{"embeddable":true,"href":"https:\/\/abra.org.pt\/index.php\/wp-json\/wp\/v2\/media\/8338"}],"wp:attachment":[{"href":"https:\/\/abra.org.pt\/index.php\/wp-json\/wp\/v2\/media?parent=8337"}],"wp:term":[{"taxonomy":"product_brand","embeddable":true,"href":"https:\/\/abra.org.pt\/index.php\/wp-json\/wp\/v2\/product_brand?post=8337"},{"taxonomy":"product_cat","embeddable":true,"href":"https:\/\/abra.org.pt\/index.php\/wp-json\/wp\/v2\/product_cat?post=8337"},{"taxonomy":"product_tag","embeddable":true,"href":"https:\/\/abra.org.pt\/index.php\/wp-json\/wp\/v2\/product_tag?post=8337"}],"curies":[{"name":"wp","href":"https:\/\/api.w.org\/{rel}","templated":true}]}}