{"id":8130,"date":"2025-12-09T12:14:14","date_gmt":"2025-12-09T12:14:14","guid":{"rendered":"https:\/\/abra.org.pt\/?post_type=product&#038;p=8130"},"modified":"2025-12-09T12:20:44","modified_gmt":"2025-12-09T12:20:44","slug":"apelo-18-2025","status":"publish","type":"product","link":"https:\/\/abra.org.pt\/index.php\/produto\/apelo-18-2025\/","title":{"rendered":"Apelo 18 &#8211; 2025"},"content":{"rendered":"","protected":false},"excerpt":{"rendered":"<h3><\/h3>\n<h1><\/h1>\n<p>&nbsp;<\/p>\n<h1>Apelo 18<\/h1>\n<p><strong>Data em que desapareceu: 4\/12\/2025<\/strong><\/p>\n<h4><strong>Caracter\u00edsticas:<\/strong><\/h4>\n<h5>O Cacau tem 10 meses e desapareceu recentemente da Rua 8 de Dezembro, n\u00ba 35, Figueiredo \u2013 Amares. N\u00e3o tem microchip e \u00e9 extremamente d\u00f3cil. Se tiver informa\u00e7\u00f5es sobre a localiza\u00e7\u00e3o dele, contacte: 931 922 953.<\/h5>\n<p><a title=\"Cacau (Perdidos e Achados)\" href=\"https:\/\/www.flickr.com\/photos\/73528242@N04\/albums\/72177720330803207\" data-flickr-embed=\"true\"><img decoding=\"async\" src=\"https:\/\/live.staticflickr.com\/65535\/54973332516_9fb85851d5.jpg\" alt=\"Cacau (Perdidos e Achados)\" width=\"200\" height=\"100\" \/><\/a><script async src=\"\/\/embedr.flickr.com\/assets\/client-code.js\" charset=\"utf-8\"><\/script><\/p>\n","protected":false},"featured_media":8131,"template":"","meta":[],"product_brand":[],"product_cat":[35],"product_tag":[],"class_list":{"0":"post-8130","1":"product","2":"type-product","3":"status-publish","4":"has-post-thumbnail","6":"product_cat-perdidos-e-achados","8":"first","9":"instock","10":"shipping-taxable","11":"product-type-simple"},"_links":{"self":[{"href":"https:\/\/abra.org.pt\/index.php\/wp-json\/wp\/v2\/product\/8130","targetHints":{"allow":["GET"]}}],"collection":[{"href":"https:\/\/abra.org.pt\/index.php\/wp-json\/wp\/v2\/product"}],"about":[{"href":"https:\/\/abra.org.pt\/index.php\/wp-json\/wp\/v2\/types\/product"}],"version-history":[{"count":2,"href":"https:\/\/abra.org.pt\/index.php\/wp-json\/wp\/v2\/product\/8130\/revisions"}],"predecessor-version":[{"id":8133,"href":"https:\/\/abra.org.pt\/index.php\/wp-json\/wp\/v2\/product\/8130\/revisions\/8133"}],"wp:featuredmedia":[{"embeddable":true,"href":"https:\/\/abra.org.pt\/index.php\/wp-json\/wp\/v2\/media\/8131"}],"wp:attachment":[{"href":"https:\/\/abra.org.pt\/index.php\/wp-json\/wp\/v2\/media?parent=8130"}],"wp:term":[{"taxonomy":"product_brand","embeddable":true,"href":"https:\/\/abra.org.pt\/index.php\/wp-json\/wp\/v2\/product_brand?post=8130"},{"taxonomy":"product_cat","embeddable":true,"href":"https:\/\/abra.org.pt\/index.php\/wp-json\/wp\/v2\/product_cat?post=8130"},{"taxonomy":"product_tag","embeddable":true,"href":"https:\/\/abra.org.pt\/index.php\/wp-json\/wp\/v2\/product_tag?post=8130"}],"curies":[{"name":"wp","href":"https:\/\/api.w.org\/{rel}","templated":true}]}}