{"id":7996,"date":"2025-11-22T18:23:35","date_gmt":"2025-11-22T18:23:35","guid":{"rendered":"https:\/\/abra.org.pt\/?post_type=product&#038;p=7996"},"modified":"2026-04-15T15:48:09","modified_gmt":"2026-04-15T15:48:09","slug":"filo","status":"publish","type":"product","link":"https:\/\/abra.org.pt\/index.php\/produto\/filo\/","title":{"rendered":"Fil\u00f3"},"content":{"rendered":"","protected":false},"excerpt":{"rendered":"<h3><\/h3>\n<h1><\/h1>\n<p>&nbsp;<\/p>\n<h2 class=\"itemTitle\"><strong>Fil\u00f3<\/strong><\/h2>\n<h2 class=\"itemTitle\"><strong style=\"font-size: 16px;\">Data de entrada: 11 de novembro de 2025<\/strong><\/h2>\n<h4><strong>Caracter\u00edsticas:<\/strong><\/h4>\n<h5>A Fil\u00f3 deu entrada no Centro de Recolha Oficial com paresia dos membros posteriores, tendo sido internada para estudar a causa do seu estado cl\u00ednico. Encontra-se em evolu\u00e7\u00e3o cl\u00ednica favor\u00e1vel, apresentando j\u00e1 capacidade de recolher o membro posterior esquerdo e iniciando movimentos no membro posterior direito. Foi sugerido aguardar a evolu\u00e7\u00e3o natural, tendo j\u00e1 iniciado fisioterapia. Com cerca de 3 meses de idade, a Fil\u00f3 \u00e9 uma gatinha muito meiga, que necessita de um lar tempor\u00e1rio (ou, idealmente, definitivo) onde possa continuar o seu processo de recupera\u00e7\u00e3o com seguran\u00e7a e conforto.<\/h5>\n<h2><a href=\"https:\/\/abra.org.pt\/index.php\/adotar\/\">Quero adotar!<\/a><\/h2>\n<div style=\"text-align: left;\">\n<p><a title=\"Fil\u00f3\" href=\"https:\/\/www.flickr.com\/photos\/73528242@N04\/albums\/72177720330500613\" data-flickr-embed=\"true\"><img decoding=\"async\" src=\"https:\/\/live.staticflickr.com\/65535\/55067507021_acdda61c81_c.jpg\" alt=\"Fil\u00f3\" width=\"200\" height=\"100\" \/><\/a><script async src=\"\/\/embedr.flickr.com\/assets\/client-code.js\" charset=\"utf-8\"><\/script><\/p>\n<style>\n .responsive-img {<br \/>    max-width: 100%;<br \/>    height: auto;<br \/>  }<br \/><\/style>\n<\/div>\n","protected":false},"featured_media":8488,"template":"","meta":[],"product_brand":[],"product_cat":[39,38,33],"product_tag":[],"class_list":{"0":"post-7996","1":"product","2":"type-product","3":"status-publish","4":"has-post-thumbnail","6":"product_cat-casos-urgentes","7":"product_cat-gatos","8":"product_cat-gatos-em-fat","10":"first","11":"instock","12":"shipping-taxable","13":"product-type-simple"},"_links":{"self":[{"href":"https:\/\/abra.org.pt\/index.php\/wp-json\/wp\/v2\/product\/7996","targetHints":{"allow":["GET"]}}],"collection":[{"href":"https:\/\/abra.org.pt\/index.php\/wp-json\/wp\/v2\/product"}],"about":[{"href":"https:\/\/abra.org.pt\/index.php\/wp-json\/wp\/v2\/types\/product"}],"version-history":[{"count":3,"href":"https:\/\/abra.org.pt\/index.php\/wp-json\/wp\/v2\/product\/7996\/revisions"}],"predecessor-version":[{"id":8493,"href":"https:\/\/abra.org.pt\/index.php\/wp-json\/wp\/v2\/product\/7996\/revisions\/8493"}],"wp:featuredmedia":[{"embeddable":true,"href":"https:\/\/abra.org.pt\/index.php\/wp-json\/wp\/v2\/media\/8488"}],"wp:attachment":[{"href":"https:\/\/abra.org.pt\/index.php\/wp-json\/wp\/v2\/media?parent=7996"}],"wp:term":[{"taxonomy":"product_brand","embeddable":true,"href":"https:\/\/abra.org.pt\/index.php\/wp-json\/wp\/v2\/product_brand?post=7996"},{"taxonomy":"product_cat","embeddable":true,"href":"https:\/\/abra.org.pt\/index.php\/wp-json\/wp\/v2\/product_cat?post=7996"},{"taxonomy":"product_tag","embeddable":true,"href":"https:\/\/abra.org.pt\/index.php\/wp-json\/wp\/v2\/product_tag?post=7996"}],"curies":[{"name":"wp","href":"https:\/\/api.w.org\/{rel}","templated":true}]}}