{"id":7973,"date":"2025-11-18T13:06:02","date_gmt":"2025-11-18T13:06:02","guid":{"rendered":"https:\/\/abra.org.pt\/?post_type=product&#038;p=7973"},"modified":"2025-12-12T11:08:21","modified_gmt":"2025-12-12T11:08:21","slug":"tandi","status":"publish","type":"product","link":"https:\/\/abra.org.pt\/index.php\/produto\/tandi\/","title":{"rendered":"Tandi"},"content":{"rendered":"","protected":false},"excerpt":{"rendered":"<h3><\/h3>\n<h1><\/h1>\n<p>&nbsp;<\/p>\n<h2 class=\"itemTitle\"><span data-sheets-root=\"1\">Tandi<\/span><\/h2>\n<p><strong>Data de entrada: 23 de mar\u00e7o de 2023<\/strong><\/p>\n<h4><strong>Caracter\u00edsticas:<\/strong><\/h4>\n<h5>A Tandi deu entrada quando era beb\u00e9 e ainda espera por uma fam\u00edlia definitiva. \u00c9 uma cadela meiga, brincalhona e soci\u00e1vel com outros c\u00e3es.<\/h5>\n<h2><a href=\"https:\/\/abra.org.pt\/index.php\/adotar\/\">Quero adotar!<\/a><\/h2>\n<div style=\"text-align: left;\">\n<p><a title=\"Tandi\" href=\"https:\/\/www.flickr.com\/photos\/73528242@N04\/albums\/72177720307547485\" data-flickr-embed=\"true\"><img decoding=\"async\" src=\"https:\/\/live.staticflickr.com\/65535\/54932013528_d377c80f2c.jpg\" alt=\"Tandi\" width=\"200\" height=\"100\" \/><\/a><script async src=\"\/\/embedr.flickr.com\/assets\/client-code.js\" charset=\"utf-8\"><\/script><\/p>\n<style>\n  .responsive-img {<br \/>    max-width: 100%;<br \/>    height: auto;<br \/>  }<br \/><\/style>\n<\/div>\n","protected":false},"featured_media":7974,"template":"","meta":[],"product_brand":[],"product_cat":[37,31,36],"product_tag":[],"class_list":{"0":"post-7973","1":"product","2":"type-product","3":"status-publish","4":"has-post-thumbnail","6":"product_cat-caes","7":"product_cat-caes-em-fat","8":"product_cat-ultimas-entradas","10":"first","11":"instock","12":"shipping-taxable","13":"product-type-simple"},"_links":{"self":[{"href":"https:\/\/abra.org.pt\/index.php\/wp-json\/wp\/v2\/product\/7973","targetHints":{"allow":["GET"]}}],"collection":[{"href":"https:\/\/abra.org.pt\/index.php\/wp-json\/wp\/v2\/product"}],"about":[{"href":"https:\/\/abra.org.pt\/index.php\/wp-json\/wp\/v2\/types\/product"}],"version-history":[{"count":4,"href":"https:\/\/abra.org.pt\/index.php\/wp-json\/wp\/v2\/product\/7973\/revisions"}],"predecessor-version":[{"id":8152,"href":"https:\/\/abra.org.pt\/index.php\/wp-json\/wp\/v2\/product\/7973\/revisions\/8152"}],"wp:featuredmedia":[{"embeddable":true,"href":"https:\/\/abra.org.pt\/index.php\/wp-json\/wp\/v2\/media\/7974"}],"wp:attachment":[{"href":"https:\/\/abra.org.pt\/index.php\/wp-json\/wp\/v2\/media?parent=7973"}],"wp:term":[{"taxonomy":"product_brand","embeddable":true,"href":"https:\/\/abra.org.pt\/index.php\/wp-json\/wp\/v2\/product_brand?post=7973"},{"taxonomy":"product_cat","embeddable":true,"href":"https:\/\/abra.org.pt\/index.php\/wp-json\/wp\/v2\/product_cat?post=7973"},{"taxonomy":"product_tag","embeddable":true,"href":"https:\/\/abra.org.pt\/index.php\/wp-json\/wp\/v2\/product_tag?post=7973"}],"curies":[{"name":"wp","href":"https:\/\/api.w.org\/{rel}","templated":true}]}}