{"id":7600,"date":"2025-09-26T14:48:19","date_gmt":"2025-09-26T14:48:19","guid":{"rendered":"https:\/\/abra.org.pt\/?post_type=product&#038;p=7600"},"modified":"2025-09-26T14:59:44","modified_gmt":"2025-09-26T14:59:44","slug":"snoopy","status":"publish","type":"product","link":"https:\/\/abra.org.pt\/index.php\/produto\/snoopy\/","title":{"rendered":"Snoopy"},"content":{"rendered":"","protected":false},"excerpt":{"rendered":"<h3><\/h3>\n<h1><\/h1>\n<p>&nbsp;<\/p>\n<h1>Snoopy<\/h1>\n<p><strong>Data do pedido: 16 de setembro de 2025<\/strong><\/p>\n<h4><strong>Caracter\u00edsticas:<\/strong><\/h4>\n<h5>O Snoopy tem 14 anos e, devido \u00e0 idade, j\u00e1 perdeu a audi\u00e7\u00e3o. Apesar disso, continua a ser um c\u00e3o\u00a0 meigo e inteligente. Possui microchip e procura uma fam\u00edlia que lhe d\u00ea todo o carinho que merece nesta fase da vida. Se estiver interessado em adot\u00e1-lo, contacte: <a href=\"mailto:agomvale@gmail.com\" target=\"_blank\" rel=\"noopener\">agomvale@gmail.com<\/a><\/h5>\n<p>&nbsp;<\/p>\n<style>\n  .responsive-img {<br \/>    max-width: 100%;<br \/>    height: auto;<br \/>  }<br \/><\/style>\n<p><a title=\"Snoopy (Ped. Externo)\" href=\"https:\/\/www.flickr.com\/photos\/73528242@N04\/albums\/72177720329292393\" data-flickr-embed=\"true\"><img decoding=\"async\" src=\"https:\/\/live.staticflickr.com\/65535\/54813450958_0a35c5f1cd.jpg\" alt=\"Snoopy (Ped. Externo)\" width=\"200\" height=\"100\" \/><\/a><script async src=\"\/\/embedr.flickr.com\/assets\/client-code.js\" charset=\"utf-8\"><\/script><\/p>\n<style>\n  .responsive-img {<br \/>    max-width: 100%;<br \/>    height: auto;<br \/>  }<br \/><\/style>\n","protected":false},"featured_media":7601,"template":"","meta":[],"product_brand":[],"product_cat":[37,34],"product_tag":[],"class_list":{"0":"post-7600","1":"product","2":"type-product","3":"status-publish","4":"has-post-thumbnail","6":"product_cat-caes","7":"product_cat-pedidos-externos","9":"first","10":"instock","11":"shipping-taxable","12":"product-type-simple"},"_links":{"self":[{"href":"https:\/\/abra.org.pt\/index.php\/wp-json\/wp\/v2\/product\/7600","targetHints":{"allow":["GET"]}}],"collection":[{"href":"https:\/\/abra.org.pt\/index.php\/wp-json\/wp\/v2\/product"}],"about":[{"href":"https:\/\/abra.org.pt\/index.php\/wp-json\/wp\/v2\/types\/product"}],"version-history":[{"count":1,"href":"https:\/\/abra.org.pt\/index.php\/wp-json\/wp\/v2\/product\/7600\/revisions"}],"predecessor-version":[{"id":7602,"href":"https:\/\/abra.org.pt\/index.php\/wp-json\/wp\/v2\/product\/7600\/revisions\/7602"}],"wp:featuredmedia":[{"embeddable":true,"href":"https:\/\/abra.org.pt\/index.php\/wp-json\/wp\/v2\/media\/7601"}],"wp:attachment":[{"href":"https:\/\/abra.org.pt\/index.php\/wp-json\/wp\/v2\/media?parent=7600"}],"wp:term":[{"taxonomy":"product_brand","embeddable":true,"href":"https:\/\/abra.org.pt\/index.php\/wp-json\/wp\/v2\/product_brand?post=7600"},{"taxonomy":"product_cat","embeddable":true,"href":"https:\/\/abra.org.pt\/index.php\/wp-json\/wp\/v2\/product_cat?post=7600"},{"taxonomy":"product_tag","embeddable":true,"href":"https:\/\/abra.org.pt\/index.php\/wp-json\/wp\/v2\/product_tag?post=7600"}],"curies":[{"name":"wp","href":"https:\/\/api.w.org\/{rel}","templated":true}]}}