{"id":5925,"date":"2025-04-14T21:17:49","date_gmt":"2025-04-14T21:17:49","guid":{"rendered":"https:\/\/abra.org.pt\/?post_type=product&#038;p=5925"},"modified":"2026-02-08T18:40:07","modified_gmt":"2026-02-08T18:40:07","slug":"beau","status":"publish","type":"product","link":"https:\/\/abra.org.pt\/index.php\/produto\/beau\/","title":{"rendered":"Beau"},"content":{"rendered":"","protected":false},"excerpt":{"rendered":"<h3><\/h3>\n<h1><\/h1>\n<p>&nbsp;<\/p>\n<h2 class=\"itemTitle\"><span data-sheets-root=\"1\">Beau<\/span><\/h2>\n<p><strong>Data de entrada: 31 de mar\u00e7o de 2025<\/strong><\/p>\n<h4><strong>Caracter\u00edsticas:<\/strong><\/h4>\n<h5>A Beau \u00e9 uma cadela adulta de porte m\u00e9dio que deu entrada no CRO ap\u00f3s ter sido encontrada na rua. Est\u00e1 a procura da sua fam\u00edlia para sempre onde a apreciem e mimem!<\/h5>\n<h2><a href=\"https:\/\/abra.org.pt\/index.php\/adotar\/\">Quero adotar!<\/a><\/h2>\n<div style=\"text-align: left;\">\n<p><a data-flickr-embed=\"true\" href=\"https:\/\/www.flickr.com\/photos\/73528242@N04\/albums\/72177720325101965\" title=\"Beau\"><img decoding=\"async\" src=\"https:\/\/live.staticflickr.com\/65535\/55085277694_95b0dfee42.jpg\" width=\"200\" height=\"100\" alt=\"Beau\"\/><\/a><script async src=\"\/\/embedr.flickr.com\/assets\/client-code.js\" charset=\"utf-8\"><\/script><\/p>\n<style>\n  .responsive-img {<br \/>    max-width: 100%;<br \/>    height: auto;<br \/>  }<br \/><\/style>\n<\/div>\n<p><script async src=\"\/\/embedr.flickr.com\/assets\/client-code.js\" charset=\"utf-8\"><\/script><\/p>\n<h5>\n<style>\n  .responsive-img {<br \/>    max-width: 100%;<br \/>    height: auto;<br \/>  }<br \/><\/style>\n<\/h5>\n","protected":false},"featured_media":8598,"template":"","meta":[],"product_brand":[],"product_cat":[37,28,36],"product_tag":[],"class_list":{"0":"post-5925","1":"product","2":"type-product","3":"status-publish","4":"has-post-thumbnail","6":"product_cat-caes","7":"product_cat-caesnocro","8":"product_cat-ultimas-entradas","10":"first","11":"instock","12":"shipping-taxable","13":"product-type-simple"},"_links":{"self":[{"href":"https:\/\/abra.org.pt\/index.php\/wp-json\/wp\/v2\/product\/5925","targetHints":{"allow":["GET"]}}],"collection":[{"href":"https:\/\/abra.org.pt\/index.php\/wp-json\/wp\/v2\/product"}],"about":[{"href":"https:\/\/abra.org.pt\/index.php\/wp-json\/wp\/v2\/types\/product"}],"version-history":[{"count":5,"href":"https:\/\/abra.org.pt\/index.php\/wp-json\/wp\/v2\/product\/5925\/revisions"}],"predecessor-version":[{"id":8599,"href":"https:\/\/abra.org.pt\/index.php\/wp-json\/wp\/v2\/product\/5925\/revisions\/8599"}],"wp:featuredmedia":[{"embeddable":true,"href":"https:\/\/abra.org.pt\/index.php\/wp-json\/wp\/v2\/media\/8598"}],"wp:attachment":[{"href":"https:\/\/abra.org.pt\/index.php\/wp-json\/wp\/v2\/media?parent=5925"}],"wp:term":[{"taxonomy":"product_brand","embeddable":true,"href":"https:\/\/abra.org.pt\/index.php\/wp-json\/wp\/v2\/product_brand?post=5925"},{"taxonomy":"product_cat","embeddable":true,"href":"https:\/\/abra.org.pt\/index.php\/wp-json\/wp\/v2\/product_cat?post=5925"},{"taxonomy":"product_tag","embeddable":true,"href":"https:\/\/abra.org.pt\/index.php\/wp-json\/wp\/v2\/product_tag?post=5925"}],"curies":[{"name":"wp","href":"https:\/\/api.w.org\/{rel}","templated":true}]}}