{"id":5613,"date":"2025-02-22T20:49:33","date_gmt":"2025-02-22T20:49:33","guid":{"rendered":"https:\/\/abra.org.pt\/?post_type=product&#038;p=5613"},"modified":"2025-02-22T20:52:08","modified_gmt":"2025-02-22T20:52:08","slug":"martha","status":"publish","type":"product","link":"https:\/\/abra.org.pt\/index.php\/produto\/martha\/","title":{"rendered":"Martha"},"content":{"rendered":"","protected":false},"excerpt":{"rendered":"<h3><\/h3>\n<h1><\/h1>\n<p>&nbsp;<\/p>\n<h1>Martha<\/h1>\n<p><strong>Data do pedido: 17 de fevereiro de 2025<\/strong><\/p>\n<h4><strong>Caracter\u00edsticas:<\/strong><\/h4>\n<h5>&#8220;\u00c9 muito tranquila, quase n\u00e3o mia. Adora ficar na janela pegando sol e brincar bastante com os irm\u00e3os (Olga e Ivar). \u00c9 carinhosa e ama dormir pertinho. (olhos diferentes, um amarelo como o pai e um azul como a m\u00e3e. Todos os gatinhos t\u00eam 4 meses e j\u00e1 s\u00e3o totalmente independentes. Eles est\u00e3o acostumados a responder aos nomes e comem de tudo! S\u00e3o muito amorosos, adoram dormir sempre na cama e proporcionam muita alegria. &#8221; Se tiver interesse em adotar, contacte:<\/h5>\n<h5>933958058<\/h5>\n<p><a title=\"PE - Martha\" href=\"https:\/\/www.flickr.com\/photos\/73528242@N04\/albums\/72177720324016363\" data-flickr-embed=\"true\"><img decoding=\"async\" src=\"https:\/\/live.staticflickr.com\/65535\/54343041827_4c461da4e5.jpg\" alt=\"PE - Martha\" width=\"200\" height=\"100\" \/><\/a><script async src=\"\/\/embedr.flickr.com\/assets\/client-code.js\" charset=\"utf-8\"><\/script><\/p>\n<style>\n  .responsive-img {<br \/>    max-width: 100%;<br \/>    height: auto;<br \/>  }<br \/><\/style>\n<p><script async src=\"\/\/embedr.flickr.com\/assets\/client-code.js\" charset=\"utf-8\"><\/script><\/p>\n<style>\n  .responsive-img {<br \/>    max-width: 100%;<br \/>    height: auto;<br \/>  }<br \/><\/style>\n","protected":false},"featured_media":5614,"template":"","meta":[],"product_brand":[],"product_cat":[38,40],"product_tag":[],"class_list":{"0":"post-5613","1":"product","2":"type-product","3":"status-publish","4":"has-post-thumbnail","6":"product_cat-gatos","7":"product_cat-pedidos-externos-gatos","9":"first","10":"instock","11":"shipping-taxable","12":"product-type-simple"},"_links":{"self":[{"href":"https:\/\/abra.org.pt\/index.php\/wp-json\/wp\/v2\/product\/5613","targetHints":{"allow":["GET"]}}],"collection":[{"href":"https:\/\/abra.org.pt\/index.php\/wp-json\/wp\/v2\/product"}],"about":[{"href":"https:\/\/abra.org.pt\/index.php\/wp-json\/wp\/v2\/types\/product"}],"version-history":[{"count":1,"href":"https:\/\/abra.org.pt\/index.php\/wp-json\/wp\/v2\/product\/5613\/revisions"}],"predecessor-version":[{"id":5615,"href":"https:\/\/abra.org.pt\/index.php\/wp-json\/wp\/v2\/product\/5613\/revisions\/5615"}],"wp:featuredmedia":[{"embeddable":true,"href":"https:\/\/abra.org.pt\/index.php\/wp-json\/wp\/v2\/media\/5614"}],"wp:attachment":[{"href":"https:\/\/abra.org.pt\/index.php\/wp-json\/wp\/v2\/media?parent=5613"}],"wp:term":[{"taxonomy":"product_brand","embeddable":true,"href":"https:\/\/abra.org.pt\/index.php\/wp-json\/wp\/v2\/product_brand?post=5613"},{"taxonomy":"product_cat","embeddable":true,"href":"https:\/\/abra.org.pt\/index.php\/wp-json\/wp\/v2\/product_cat?post=5613"},{"taxonomy":"product_tag","embeddable":true,"href":"https:\/\/abra.org.pt\/index.php\/wp-json\/wp\/v2\/product_tag?post=5613"}],"curies":[{"name":"wp","href":"https:\/\/api.w.org\/{rel}","templated":true}]}}