{"id":5595,"date":"2025-02-15T16:07:16","date_gmt":"2025-02-15T16:07:16","guid":{"rendered":"https:\/\/abra.org.pt\/?post_type=product&#038;p=5595"},"modified":"2025-03-06T17:59:48","modified_gmt":"2025-03-06T17:59:48","slug":"apelo-5-2025","status":"publish","type":"product","link":"https:\/\/abra.org.pt\/index.php\/produto\/apelo-5-2025\/","title":{"rendered":"Apelo 5 &#8211; 2025"},"content":{"rendered":"","protected":false},"excerpt":{"rendered":"<h3><\/h3>\n<h1><\/h1>\n<p>&nbsp;<\/p>\n<h1>Apelo 5<\/h1>\n<p><strong>Data em que desapareceu: 05\/02\/2025<\/strong><\/p>\n<h4><strong>Caracter\u00edsticas:<\/strong><\/h4>\n<h5>&#8220;A Maria \u00e9 uma gatinha cega que desapareceu no dia 05\/02\/2025 em S\u00e3o Clemente de Sande (Guimar\u00e3es). Ela acabou por esconder-se numa carrinha que fez o percurso Guimar\u00e3es &#8211; Vila de Prado (Braga), por isso, h\u00e1 a suspeita de que ela esteja perdida nesta zona.<br \/>\nSe a avistar, por favor, contacte: 915967220&#8221;<\/h5>\n<p><a title=\"PA - Maria\" href=\"https:\/\/www.flickr.com\/photos\/73528242@N04\/albums\/72177720323860999\" data-flickr-embed=\"true\"><img decoding=\"async\" src=\"https:\/\/live.staticflickr.com\/65535\/54328162587_b9e8ff96fe.jpg\" alt=\"PA - Maria\" width=\"200\" height=\"100\" \/><\/a><script async src=\"\/\/embedr.flickr.com\/assets\/client-code.js\" charset=\"utf-8\"><\/script><\/p>\n","protected":false},"featured_media":5596,"template":"","meta":[],"product_brand":[],"product_cat":[35],"product_tag":[],"class_list":{"0":"post-5595","1":"product","2":"type-product","3":"status-publish","4":"has-post-thumbnail","6":"product_cat-perdidos-e-achados","8":"first","9":"instock","10":"shipping-taxable","11":"product-type-simple"},"_links":{"self":[{"href":"https:\/\/abra.org.pt\/index.php\/wp-json\/wp\/v2\/product\/5595","targetHints":{"allow":["GET"]}}],"collection":[{"href":"https:\/\/abra.org.pt\/index.php\/wp-json\/wp\/v2\/product"}],"about":[{"href":"https:\/\/abra.org.pt\/index.php\/wp-json\/wp\/v2\/types\/product"}],"version-history":[{"count":1,"href":"https:\/\/abra.org.pt\/index.php\/wp-json\/wp\/v2\/product\/5595\/revisions"}],"predecessor-version":[{"id":5597,"href":"https:\/\/abra.org.pt\/index.php\/wp-json\/wp\/v2\/product\/5595\/revisions\/5597"}],"wp:featuredmedia":[{"embeddable":true,"href":"https:\/\/abra.org.pt\/index.php\/wp-json\/wp\/v2\/media\/5596"}],"wp:attachment":[{"href":"https:\/\/abra.org.pt\/index.php\/wp-json\/wp\/v2\/media?parent=5595"}],"wp:term":[{"taxonomy":"product_brand","embeddable":true,"href":"https:\/\/abra.org.pt\/index.php\/wp-json\/wp\/v2\/product_brand?post=5595"},{"taxonomy":"product_cat","embeddable":true,"href":"https:\/\/abra.org.pt\/index.php\/wp-json\/wp\/v2\/product_cat?post=5595"},{"taxonomy":"product_tag","embeddable":true,"href":"https:\/\/abra.org.pt\/index.php\/wp-json\/wp\/v2\/product_tag?post=5595"}],"curies":[{"name":"wp","href":"https:\/\/api.w.org\/{rel}","templated":true}]}}