{"id":5432,"date":"2025-01-05T13:14:57","date_gmt":"2025-01-05T13:14:57","guid":{"rendered":"https:\/\/abra.org.pt\/?post_type=product&#038;p=5432"},"modified":"2025-01-07T20:27:40","modified_gmt":"2025-01-07T20:27:40","slug":"apelo-1-2025","status":"publish","type":"product","link":"https:\/\/abra.org.pt\/index.php\/produto\/apelo-1-2025\/","title":{"rendered":"Apelo 1 &#8211; 2025"},"content":{"rendered":"","protected":false},"excerpt":{"rendered":"<h3><\/h3>\n<h1><\/h1>\n<p>&nbsp;<\/p>\n<h1>Apelo 1<\/h1>\n<p><strong>Data em que foi encontrado: 29\/12\/2024<\/strong><\/p>\n<h4><strong>Caracter\u00edsticas:<\/strong><\/h4>\n<h5>&#8220;Gato amarelado encontrado em Real no dia 29\/12 e avistado no dia 01\/01 tamb\u00e9m em Real. Marca de coleira bem vis\u00edvel!! N\u00e3o tem chip. Gato soci\u00e1vel, habituado a pessoas. Deve ter 1 ano.&#8221;<\/h5>\n<p><a title=\"PA - Teco\" href=\"https:\/\/www.flickr.com\/photos\/73528242@N04\/albums\/72177720322994563\" data-flickr-embed=\"true\"><img decoding=\"async\" src=\"https:\/\/live.staticflickr.com\/65535\/54248315935_4d2fc6bc5f.jpg\" alt=\"PA - Teco\" width=\"200\" height=\"100\" \/><\/a><script async src=\"\/\/embedr.flickr.com\/assets\/client-code.js\" charset=\"utf-8\"><\/script><\/p>\n","protected":false},"featured_media":5448,"template":"","meta":[],"product_brand":[],"product_cat":[35],"product_tag":[],"class_list":{"0":"post-5432","1":"product","2":"type-product","3":"status-publish","4":"has-post-thumbnail","6":"product_cat-perdidos-e-achados","8":"first","9":"instock","10":"shipping-taxable","11":"product-type-simple"},"_links":{"self":[{"href":"https:\/\/abra.org.pt\/index.php\/wp-json\/wp\/v2\/product\/5432","targetHints":{"allow":["GET"]}}],"collection":[{"href":"https:\/\/abra.org.pt\/index.php\/wp-json\/wp\/v2\/product"}],"about":[{"href":"https:\/\/abra.org.pt\/index.php\/wp-json\/wp\/v2\/types\/product"}],"version-history":[{"count":5,"href":"https:\/\/abra.org.pt\/index.php\/wp-json\/wp\/v2\/product\/5432\/revisions"}],"predecessor-version":[{"id":5487,"href":"https:\/\/abra.org.pt\/index.php\/wp-json\/wp\/v2\/product\/5432\/revisions\/5487"}],"wp:featuredmedia":[{"embeddable":true,"href":"https:\/\/abra.org.pt\/index.php\/wp-json\/wp\/v2\/media\/5448"}],"wp:attachment":[{"href":"https:\/\/abra.org.pt\/index.php\/wp-json\/wp\/v2\/media?parent=5432"}],"wp:term":[{"taxonomy":"product_brand","embeddable":true,"href":"https:\/\/abra.org.pt\/index.php\/wp-json\/wp\/v2\/product_brand?post=5432"},{"taxonomy":"product_cat","embeddable":true,"href":"https:\/\/abra.org.pt\/index.php\/wp-json\/wp\/v2\/product_cat?post=5432"},{"taxonomy":"product_tag","embeddable":true,"href":"https:\/\/abra.org.pt\/index.php\/wp-json\/wp\/v2\/product_tag?post=5432"}],"curies":[{"name":"wp","href":"https:\/\/api.w.org\/{rel}","templated":true}]}}