{"id":5254,"date":"2024-11-14T13:41:11","date_gmt":"2024-11-14T13:41:11","guid":{"rendered":"https:\/\/abra.org.pt\/?post_type=product&#038;p=5254"},"modified":"2026-02-08T18:37:04","modified_gmt":"2026-02-08T18:37:04","slug":"petit","status":"publish","type":"product","link":"https:\/\/abra.org.pt\/index.php\/produto\/petit\/","title":{"rendered":"Petit"},"content":{"rendered":"","protected":false},"excerpt":{"rendered":"<h3><\/h3>\n<h1><\/h1>\n<p>&nbsp;<\/p>\n<h2 class=\"itemTitle\">Petit<\/h2>\n<p><strong>Data de entrada: 6 de novembro de 2024<\/strong><\/p>\n<h4><strong>Caracter\u00edsticas:<\/strong><\/h4>\n<h5>O Petit \u00e9 um c\u00e3o muito jovem e meigo, que deu entrada no CRO com uma les\u00e3o do plexo braquial. Ap\u00f3s cumprir o plano de vacina\u00e7\u00e3o, far\u00e1 a amputa\u00e7\u00e3o do membro. Se quiser acolher este pequeno, n\u00e3o hesite em contactar-nos.<\/h5>\n<h2><a href=\"https:\/\/abra.org.pt\/index.php\/adotar\/\">Quero adotar!<\/a><\/h2>\n<div style=\"text-align: left;\">\n<p><a title=\"Petit\" href=\"https:\/\/www.flickr.com\/photos\/73528242@N04\/albums\/72177720321923407\" data-flickr-embed=\"true\"><img decoding=\"async\" src=\"https:\/\/live.staticflickr.com\/65535\/55084122092_20f970ba4d.jpg\" alt=\"Petit\" width=\"200\" height=\"100\" \/><\/a><script async src=\"\/\/embedr.flickr.com\/assets\/client-code.js\" charset=\"utf-8\"><\/script><\/p>\n<style>\n  .responsive-img {<br \/>    max-width: 100%;<br \/>    height: auto;<br \/>  }<br \/><\/style>\n<\/div>\n<p><script async src=\"\/\/embedr.flickr.com\/assets\/client-code.js\" charset=\"utf-8\"><\/script><\/p>\n<h5>\n<style>\n  .responsive-img {<br \/>    max-width: 100%;<br \/>    height: auto;<br \/>  }<br \/><\/style>\n<\/h5>\n","protected":false},"featured_media":8591,"template":"","meta":[],"product_brand":[],"product_cat":[37,28,36],"product_tag":[],"class_list":{"0":"post-5254","1":"product","2":"type-product","3":"status-publish","4":"has-post-thumbnail","6":"product_cat-caes","7":"product_cat-caesnocro","8":"product_cat-ultimas-entradas","10":"first","11":"instock","12":"shipping-taxable","13":"product-type-simple"},"_links":{"self":[{"href":"https:\/\/abra.org.pt\/index.php\/wp-json\/wp\/v2\/product\/5254","targetHints":{"allow":["GET"]}}],"collection":[{"href":"https:\/\/abra.org.pt\/index.php\/wp-json\/wp\/v2\/product"}],"about":[{"href":"https:\/\/abra.org.pt\/index.php\/wp-json\/wp\/v2\/types\/product"}],"version-history":[{"count":7,"href":"https:\/\/abra.org.pt\/index.php\/wp-json\/wp\/v2\/product\/5254\/revisions"}],"predecessor-version":[{"id":8592,"href":"https:\/\/abra.org.pt\/index.php\/wp-json\/wp\/v2\/product\/5254\/revisions\/8592"}],"wp:featuredmedia":[{"embeddable":true,"href":"https:\/\/abra.org.pt\/index.php\/wp-json\/wp\/v2\/media\/8591"}],"wp:attachment":[{"href":"https:\/\/abra.org.pt\/index.php\/wp-json\/wp\/v2\/media?parent=5254"}],"wp:term":[{"taxonomy":"product_brand","embeddable":true,"href":"https:\/\/abra.org.pt\/index.php\/wp-json\/wp\/v2\/product_brand?post=5254"},{"taxonomy":"product_cat","embeddable":true,"href":"https:\/\/abra.org.pt\/index.php\/wp-json\/wp\/v2\/product_cat?post=5254"},{"taxonomy":"product_tag","embeddable":true,"href":"https:\/\/abra.org.pt\/index.php\/wp-json\/wp\/v2\/product_tag?post=5254"}],"curies":[{"name":"wp","href":"https:\/\/api.w.org\/{rel}","templated":true}]}}