{"id":5194,"date":"2024-11-04T23:43:43","date_gmt":"2024-11-04T23:43:43","guid":{"rendered":"https:\/\/abra.org.pt\/?post_type=product&#038;p=5194"},"modified":"2025-01-05T13:29:29","modified_gmt":"2025-01-05T13:29:29","slug":"estrela","status":"publish","type":"product","link":"https:\/\/abra.org.pt\/index.php\/produto\/estrela\/","title":{"rendered":"Estrela"},"content":{"rendered":"","protected":false},"excerpt":{"rendered":"<h3><\/h3>\n<h1><\/h1>\n<p>&nbsp;<\/p>\n<h1>Estrela<\/h1>\n<p><strong>Data do pedido: 31 de outubro de 2024<\/strong><\/p>\n<h4><strong>Caracter\u00edsticas:<\/strong><\/h4>\n<h5>A Estrela \u00e9 uma gata com cerca de oito anos, esterilizada e com microchip. \u00c9 muito meiguinha e habitua-se facilmente \u00e0s pessoas. A Estrela est\u00e1 agora numa casa provis\u00f3ria, mas n\u00e3o pode ficar l\u00e1 muito tempo. Se estiver interessado em a adotar, contacte:<\/h5>\n<h5>919669063<\/h5>\n<p><a title=\"PE - Estrela\" href=\"https:\/\/www.flickr.com\/photos\/73528242@N04\/albums\/72177720321729839\" data-flickr-embed=\"true\"><img decoding=\"async\" src=\"https:\/\/live.staticflickr.com\/65535\/54117900873_d07c4976f5.jpg\" alt=\"PE - Estrela\" width=\"200\" height=\"100\" \/><\/a><script async src=\"\/\/embedr.flickr.com\/assets\/client-code.js\" charset=\"utf-8\"><\/script><\/p>\n<style>\n  .responsive-img {<br \/>    max-width: 100%;<br \/>    height: auto;<br \/>  }<br \/><\/style>\n<p><script async src=\"\/\/embedr.flickr.com\/assets\/client-code.js\" charset=\"utf-8\"><\/script><\/p>\n<style>\n  .responsive-img {<br \/>    max-width: 100%;<br \/>    height: auto;<br \/>  }<br \/><\/style>\n","protected":false},"featured_media":5195,"template":"","meta":[],"product_brand":[],"product_cat":[38,40],"product_tag":[],"class_list":{"0":"post-5194","1":"product","2":"type-product","3":"status-publish","4":"has-post-thumbnail","6":"product_cat-gatos","7":"product_cat-pedidos-externos-gatos","9":"first","10":"instock","11":"shipping-taxable","12":"product-type-simple"},"_links":{"self":[{"href":"https:\/\/abra.org.pt\/index.php\/wp-json\/wp\/v2\/product\/5194","targetHints":{"allow":["GET"]}}],"collection":[{"href":"https:\/\/abra.org.pt\/index.php\/wp-json\/wp\/v2\/product"}],"about":[{"href":"https:\/\/abra.org.pt\/index.php\/wp-json\/wp\/v2\/types\/product"}],"version-history":[{"count":3,"href":"https:\/\/abra.org.pt\/index.php\/wp-json\/wp\/v2\/product\/5194\/revisions"}],"predecessor-version":[{"id":5434,"href":"https:\/\/abra.org.pt\/index.php\/wp-json\/wp\/v2\/product\/5194\/revisions\/5434"}],"wp:featuredmedia":[{"embeddable":true,"href":"https:\/\/abra.org.pt\/index.php\/wp-json\/wp\/v2\/media\/5195"}],"wp:attachment":[{"href":"https:\/\/abra.org.pt\/index.php\/wp-json\/wp\/v2\/media?parent=5194"}],"wp:term":[{"taxonomy":"product_brand","embeddable":true,"href":"https:\/\/abra.org.pt\/index.php\/wp-json\/wp\/v2\/product_brand?post=5194"},{"taxonomy":"product_cat","embeddable":true,"href":"https:\/\/abra.org.pt\/index.php\/wp-json\/wp\/v2\/product_cat?post=5194"},{"taxonomy":"product_tag","embeddable":true,"href":"https:\/\/abra.org.pt\/index.php\/wp-json\/wp\/v2\/product_tag?post=5194"}],"curies":[{"name":"wp","href":"https:\/\/api.w.org\/{rel}","templated":true}]}}