{"id":5027,"date":"2024-10-15T23:03:38","date_gmt":"2024-10-15T23:03:38","guid":{"rendered":"https:\/\/abra.org.pt\/?post_type=product&#038;p=5027"},"modified":"2024-10-15T23:23:43","modified_gmt":"2024-10-15T23:23:43","slug":"leao","status":"publish","type":"product","link":"https:\/\/abra.org.pt\/index.php\/produto\/leao\/","title":{"rendered":"Le\u00e3o"},"content":{"rendered":"","protected":false},"excerpt":{"rendered":"<h3><\/h3>\n<h1><\/h1>\n<p>&nbsp;<\/p>\n<h1>Le\u00e3o<\/h1>\n<p><strong>Data do pedido: 8 de outubro de 2024<\/strong><\/p>\n<h4><strong>Caracter\u00edsticas:<\/strong><\/h4>\n<h5>O Le\u00e3o tem cerca de dois anos e \u00e9 muito meigo, calmo, brincalh\u00e3o, gosta de muito carinho, de outros animais e tem facilidade em adaptar-se a ambientes e pessoas. N\u00e3o tem chip e n\u00e3o \u00e9 certo se tem vacinas.<\/h5>\n<h5><strong>Contacto para adop\u00e7\u00e3o: 916856892<\/strong><\/h5>\n<style>\n  .responsive-img {<br \/>    max-width: 100%;<br \/>    height: auto;<br \/>  }<br \/><\/style>\n<p><a title=\"PE - Le\u00e3o\" href=\"https:\/\/www.flickr.com\/photos\/73528242@N04\/albums\/72177720321254144\" data-flickr-embed=\"true\"><img decoding=\"async\" src=\"https:\/\/live.staticflickr.com\/65535\/54070229144_268c370a44.jpg\" alt=\"PE - Le\u00e3o\" width=\"200\" height=\"100\" \/><\/a><script async src=\"\/\/embedr.flickr.com\/assets\/client-code.js\" charset=\"utf-8\"><\/script><\/p>\n<style>\n  .responsive-img {<br \/>    max-width: 100%;<br \/>    height: auto;<br \/>  }<br \/><\/style>\n","protected":false},"featured_media":5029,"template":"","meta":[],"product_brand":[],"product_cat":[37,34],"product_tag":[],"class_list":{"0":"post-5027","1":"product","2":"type-product","3":"status-publish","4":"has-post-thumbnail","6":"product_cat-caes","7":"product_cat-pedidos-externos","9":"first","10":"instock","11":"shipping-taxable","12":"product-type-simple"},"_links":{"self":[{"href":"https:\/\/abra.org.pt\/index.php\/wp-json\/wp\/v2\/product\/5027","targetHints":{"allow":["GET"]}}],"collection":[{"href":"https:\/\/abra.org.pt\/index.php\/wp-json\/wp\/v2\/product"}],"about":[{"href":"https:\/\/abra.org.pt\/index.php\/wp-json\/wp\/v2\/types\/product"}],"version-history":[{"count":1,"href":"https:\/\/abra.org.pt\/index.php\/wp-json\/wp\/v2\/product\/5027\/revisions"}],"predecessor-version":[{"id":5030,"href":"https:\/\/abra.org.pt\/index.php\/wp-json\/wp\/v2\/product\/5027\/revisions\/5030"}],"wp:featuredmedia":[{"embeddable":true,"href":"https:\/\/abra.org.pt\/index.php\/wp-json\/wp\/v2\/media\/5029"}],"wp:attachment":[{"href":"https:\/\/abra.org.pt\/index.php\/wp-json\/wp\/v2\/media?parent=5027"}],"wp:term":[{"taxonomy":"product_brand","embeddable":true,"href":"https:\/\/abra.org.pt\/index.php\/wp-json\/wp\/v2\/product_brand?post=5027"},{"taxonomy":"product_cat","embeddable":true,"href":"https:\/\/abra.org.pt\/index.php\/wp-json\/wp\/v2\/product_cat?post=5027"},{"taxonomy":"product_tag","embeddable":true,"href":"https:\/\/abra.org.pt\/index.php\/wp-json\/wp\/v2\/product_tag?post=5027"}],"curies":[{"name":"wp","href":"https:\/\/api.w.org\/{rel}","templated":true}]}}