{"id":4463,"date":"2024-09-23T22:52:51","date_gmt":"2024-09-23T22:52:51","guid":{"rendered":"https:\/\/blissful-lederberg.94-46-22-133.plesk.page\/?post_type=product&#038;p=4463"},"modified":"2024-09-23T22:55:23","modified_gmt":"2024-09-23T22:55:23","slug":"apelo-23-2024","status":"publish","type":"product","link":"https:\/\/abra.org.pt\/index.php\/produto\/apelo-23-2024\/","title":{"rendered":"Apelo 23 &#8211; 2024"},"content":{"rendered":"","protected":false},"excerpt":{"rendered":"<h3><\/h3>\n<h1><\/h1>\n<p>&nbsp;<\/p>\n<h1>Yuki<\/h1>\n<p><strong>Data em que desapareceu: 10\/04\/2024<\/strong><\/p>\n<h4><strong>Caracter\u00edsticas:<\/strong><\/h4>\n<h5>&#8220;Caiu da janela, que n\u00e3o era muito alta. Tem 5 anos, tem um chip e estava registada no sistema SIAC. \u00c9 castanha com riscas e pintas pretas e tem olhos amarelo-esverdeados. \u00c9 uma gata caseira, nunca viveu na rua. Por favor, ajudem-me a encontr\u00e1-la, ela \u00e9 a minha fam\u00edlia. Oferecemos uma recompensa.&#8221;<\/h5>\n<p><a data-flickr-embed=\"true\" href=\"https:\/\/www.flickr.com\/photos\/73528242@N04\/albums\/72177720317371350\" title=\"PA - Yuki\"><img decoding=\"async\" src=\"https:\/\/live.staticflickr.com\/65535\/53753150318_3a40c8b288.jpg\" width=\"200\" height=\"100\" alt=\"PA - Yuki\"\/><\/a><script async src=\"\/\/embedr.flickr.com\/assets\/client-code.js\" charset=\"utf-8\"><\/script><\/p>\n","protected":false},"featured_media":4464,"template":"","meta":[],"product_brand":[],"product_cat":[35],"product_tag":[],"class_list":{"0":"post-4463","1":"product","2":"type-product","3":"status-publish","4":"has-post-thumbnail","6":"product_cat-perdidos-e-achados","8":"first","9":"instock","10":"shipping-taxable","11":"product-type-simple"},"_links":{"self":[{"href":"https:\/\/abra.org.pt\/index.php\/wp-json\/wp\/v2\/product\/4463","targetHints":{"allow":["GET"]}}],"collection":[{"href":"https:\/\/abra.org.pt\/index.php\/wp-json\/wp\/v2\/product"}],"about":[{"href":"https:\/\/abra.org.pt\/index.php\/wp-json\/wp\/v2\/types\/product"}],"version-history":[{"count":1,"href":"https:\/\/abra.org.pt\/index.php\/wp-json\/wp\/v2\/product\/4463\/revisions"}],"predecessor-version":[{"id":4465,"href":"https:\/\/abra.org.pt\/index.php\/wp-json\/wp\/v2\/product\/4463\/revisions\/4465"}],"wp:featuredmedia":[{"embeddable":true,"href":"https:\/\/abra.org.pt\/index.php\/wp-json\/wp\/v2\/media\/4464"}],"wp:attachment":[{"href":"https:\/\/abra.org.pt\/index.php\/wp-json\/wp\/v2\/media?parent=4463"}],"wp:term":[{"taxonomy":"product_brand","embeddable":true,"href":"https:\/\/abra.org.pt\/index.php\/wp-json\/wp\/v2\/product_brand?post=4463"},{"taxonomy":"product_cat","embeddable":true,"href":"https:\/\/abra.org.pt\/index.php\/wp-json\/wp\/v2\/product_cat?post=4463"},{"taxonomy":"product_tag","embeddable":true,"href":"https:\/\/abra.org.pt\/index.php\/wp-json\/wp\/v2\/product_tag?post=4463"}],"curies":[{"name":"wp","href":"https:\/\/api.w.org\/{rel}","templated":true}]}}