{"id":4424,"date":"2024-09-23T22:02:08","date_gmt":"2024-09-23T22:02:08","guid":{"rendered":"https:\/\/blissful-lederberg.94-46-22-133.plesk.page\/?post_type=product&#038;p=4424"},"modified":"2024-09-23T22:04:35","modified_gmt":"2024-09-23T22:04:35","slug":"max-2","status":"publish","type":"product","link":"https:\/\/abra.org.pt\/index.php\/produto\/max-2\/","title":{"rendered":"Max"},"content":{"rendered":"","protected":false},"excerpt":{"rendered":"<h3><\/h3>\n<h1><\/h1>\n<p>&nbsp;<\/p>\n<h1>Max<\/h1>\n<p><strong>Data do pedido: 23 de julho de 2024<\/strong><\/p>\n<h4><strong>Caracter\u00edsticas:<\/strong><\/h4>\n<h5>&#8220;O Max vive em Braga, \u00e9 um c\u00e3o com 7 meses, muito meigo, com todas as vacinas, com chip e j\u00e1 est\u00e1 castrado.&#8221;<\/h5>\n<h5><strong>Contacto para adop\u00e7\u00e3o: <span data-sheets-root=\"1\" data-sheets-value=\"{&quot;1&quot;:3,&quot;3&quot;:936494813}\" data-sheets-userformat=\"{&quot;2&quot;:6723,&quot;3&quot;:{&quot;1&quot;:0},&quot;4&quot;:{&quot;1&quot;:2,&quot;2&quot;:16777215},&quot;9&quot;:2,&quot;12&quot;:0,&quot;14&quot;:{&quot;1&quot;:2,&quot;2&quot;:0},&quot;15&quot;:&quot;docs-Montserrat&quot;}\">92 502 28 62<\/span><\/strong><\/h5>\n<style>\n  .responsive-img {<br \/>    max-width: 100%;<br \/>    height: auto;<br \/>  }<br \/><\/style>\n<p><a title=\"PE - Max\" href=\"https:\/\/www.flickr.com\/photos\/73528242@N04\/albums\/72177720319061591\" data-flickr-embed=\"true\"><img decoding=\"async\" src=\"https:\/\/live.staticflickr.com\/65535\/53876833124_6a2e63ac28_z.jpg\" alt=\"PE - Max\" width=\"200\" height=\"100\" \/><\/a><script async src=\"\/\/embedr.flickr.com\/assets\/client-code.js\" charset=\"utf-8\"><\/script><\/p>\n<style>\n  .responsive-img {<br \/>    max-width: 100%;<br \/>    height: auto;<br \/>  }<br \/><\/style>\n","protected":false},"featured_media":4425,"template":"","meta":[],"product_brand":[],"product_cat":[37,34],"product_tag":[],"class_list":{"0":"post-4424","1":"product","2":"type-product","3":"status-publish","4":"has-post-thumbnail","6":"product_cat-caes","7":"product_cat-pedidos-externos","9":"first","10":"instock","11":"shipping-taxable","12":"product-type-simple"},"_links":{"self":[{"href":"https:\/\/abra.org.pt\/index.php\/wp-json\/wp\/v2\/product\/4424","targetHints":{"allow":["GET"]}}],"collection":[{"href":"https:\/\/abra.org.pt\/index.php\/wp-json\/wp\/v2\/product"}],"about":[{"href":"https:\/\/abra.org.pt\/index.php\/wp-json\/wp\/v2\/types\/product"}],"version-history":[{"count":1,"href":"https:\/\/abra.org.pt\/index.php\/wp-json\/wp\/v2\/product\/4424\/revisions"}],"predecessor-version":[{"id":4426,"href":"https:\/\/abra.org.pt\/index.php\/wp-json\/wp\/v2\/product\/4424\/revisions\/4426"}],"wp:featuredmedia":[{"embeddable":true,"href":"https:\/\/abra.org.pt\/index.php\/wp-json\/wp\/v2\/media\/4425"}],"wp:attachment":[{"href":"https:\/\/abra.org.pt\/index.php\/wp-json\/wp\/v2\/media?parent=4424"}],"wp:term":[{"taxonomy":"product_brand","embeddable":true,"href":"https:\/\/abra.org.pt\/index.php\/wp-json\/wp\/v2\/product_brand?post=4424"},{"taxonomy":"product_cat","embeddable":true,"href":"https:\/\/abra.org.pt\/index.php\/wp-json\/wp\/v2\/product_cat?post=4424"},{"taxonomy":"product_tag","embeddable":true,"href":"https:\/\/abra.org.pt\/index.php\/wp-json\/wp\/v2\/product_tag?post=4424"}],"curies":[{"name":"wp","href":"https:\/\/api.w.org\/{rel}","templated":true}]}}