{"id":4415,"date":"2024-09-23T21:51:26","date_gmt":"2024-09-23T21:51:26","guid":{"rendered":"https:\/\/blissful-lederberg.94-46-22-133.plesk.page\/?post_type=product&#038;p=4415"},"modified":"2024-09-23T21:53:53","modified_gmt":"2024-09-23T21:53:53","slug":"cliff","status":"publish","type":"product","link":"https:\/\/abra.org.pt\/index.php\/produto\/cliff\/","title":{"rendered":"Cliff"},"content":{"rendered":"","protected":false},"excerpt":{"rendered":"<h3><\/h3>\n<h1><\/h1>\n<p>&nbsp;<\/p>\n<h1>Cliff<\/h1>\n<p><strong>Data do pedido: 15 de maio de 2024<\/strong><\/p>\n<h4><strong>Caracter\u00edsticas:<\/strong><\/h4>\n<h5>&#8220;Ol\u00e1! Chamo me Cliff, tenho 3 anos, sou brincalh\u00e3o e n\u00e3o gosto muito de gatos. Gostava de encontrar uma fam\u00edlia que me desse muito amor.&#8221;<\/h5>\n<h5><strong>Contacto para adop\u00e7\u00e3o: <span data-sheets-root=\"1\" data-sheets-value=\"{&quot;1&quot;:3,&quot;3&quot;:936494813}\" data-sheets-userformat=\"{&quot;2&quot;:6723,&quot;3&quot;:{&quot;1&quot;:0},&quot;4&quot;:{&quot;1&quot;:2,&quot;2&quot;:16777215},&quot;9&quot;:2,&quot;12&quot;:0,&quot;14&quot;:{&quot;1&quot;:2,&quot;2&quot;:0},&quot;15&quot;:&quot;docs-Montserrat&quot;}\">929 121 716<\/span><\/strong><\/h5>\n<style>\n  .responsive-img {<br \/>    max-width: 100%;<br \/>    height: auto;<br \/>  }<br \/><\/style>\n<p><a data-flickr-embed=\"true\" href=\"https:\/\/www.flickr.com\/photos\/73528242@N04\/albums\/72177720317015514\" title=\"PE - Cliff\"><img decoding=\"async\" src=\"https:\/\/live.staticflickr.com\/65535\/53723200837_e658981e27.jpg\" width=\"200\" height=\"100\" alt=\"PE - Cliff\"\/><\/a><script async src=\"\/\/embedr.flickr.com\/assets\/client-code.js\" charset=\"utf-8\"><\/script><\/p>\n<style>\n  .responsive-img {<br \/>    max-width: 100%;<br \/>    height: auto;<br \/>  }<br \/><\/style>\n","protected":false},"featured_media":4416,"template":"","meta":[],"product_brand":[],"product_cat":[37,34],"product_tag":[],"class_list":{"0":"post-4415","1":"product","2":"type-product","3":"status-publish","4":"has-post-thumbnail","6":"product_cat-caes","7":"product_cat-pedidos-externos","9":"first","10":"instock","11":"shipping-taxable","12":"product-type-simple"},"_links":{"self":[{"href":"https:\/\/abra.org.pt\/index.php\/wp-json\/wp\/v2\/product\/4415","targetHints":{"allow":["GET"]}}],"collection":[{"href":"https:\/\/abra.org.pt\/index.php\/wp-json\/wp\/v2\/product"}],"about":[{"href":"https:\/\/abra.org.pt\/index.php\/wp-json\/wp\/v2\/types\/product"}],"version-history":[{"count":1,"href":"https:\/\/abra.org.pt\/index.php\/wp-json\/wp\/v2\/product\/4415\/revisions"}],"predecessor-version":[{"id":4417,"href":"https:\/\/abra.org.pt\/index.php\/wp-json\/wp\/v2\/product\/4415\/revisions\/4417"}],"wp:featuredmedia":[{"embeddable":true,"href":"https:\/\/abra.org.pt\/index.php\/wp-json\/wp\/v2\/media\/4416"}],"wp:attachment":[{"href":"https:\/\/abra.org.pt\/index.php\/wp-json\/wp\/v2\/media?parent=4415"}],"wp:term":[{"taxonomy":"product_brand","embeddable":true,"href":"https:\/\/abra.org.pt\/index.php\/wp-json\/wp\/v2\/product_brand?post=4415"},{"taxonomy":"product_cat","embeddable":true,"href":"https:\/\/abra.org.pt\/index.php\/wp-json\/wp\/v2\/product_cat?post=4415"},{"taxonomy":"product_tag","embeddable":true,"href":"https:\/\/abra.org.pt\/index.php\/wp-json\/wp\/v2\/product_tag?post=4415"}],"curies":[{"name":"wp","href":"https:\/\/api.w.org\/{rel}","templated":true}]}}