{"id":4403,"date":"2024-09-23T21:24:09","date_gmt":"2024-09-23T21:24:09","guid":{"rendered":"https:\/\/blissful-lederberg.94-46-22-133.plesk.page\/?post_type=product&#038;p=4403"},"modified":"2024-09-23T21:30:04","modified_gmt":"2024-09-23T21:30:04","slug":"cachorros","status":"publish","type":"product","link":"https:\/\/abra.org.pt\/index.php\/produto\/cachorros\/","title":{"rendered":"Cachorros"},"content":{"rendered":"","protected":false},"excerpt":{"rendered":"<h3><\/h3>\n<h1><\/h1>\n<p>&nbsp;<\/p>\n<h1>Cachorros<\/h1>\n<p><strong>Data do pedido: 5 de mar\u00e7o de 2024<\/strong><\/p>\n<h4><strong>Caracter\u00edsticas:<\/strong><\/h4>\n<h5>&#8220;S\u00e3o Castro laboreiro x pastor transmontano (j\u00e1 a mistura vem de pai e m\u00e3e, os 2 cruzados tamb\u00e9m). S\u00e3o 2 machos e 2 f\u00eameas. (1 &#8211; f\u00eamea, 2- macho, 3- macho e 4 &#8211; f\u00eamea).&#8221;<\/h5>\n<h5><strong>Contacto para adop\u00e7\u00e3o: <span data-sheets-root=\"1\" data-sheets-value=\"{&quot;1&quot;:3,&quot;3&quot;:936494813}\" data-sheets-userformat=\"{&quot;2&quot;:6723,&quot;3&quot;:{&quot;1&quot;:0},&quot;4&quot;:{&quot;1&quot;:2,&quot;2&quot;:16777215},&quot;9&quot;:2,&quot;12&quot;:0,&quot;14&quot;:{&quot;1&quot;:2,&quot;2&quot;:0},&quot;15&quot;:&quot;docs-Montserrat&quot;}\">919868445 (Marta Cruz)<\/span><\/strong><\/h5>\n<style>\n  .responsive-img {<br \/>    max-width: 100%;<br \/>    height: auto;<br \/>  }<br \/><\/style>\n<p><a title=\"PE - cachorros\" href=\"https:\/\/www.flickr.com\/photos\/73528242@N04\/albums\/72177720315244677\" data-flickr-embed=\"true\"><img decoding=\"async\" src=\"https:\/\/live.staticflickr.com\/65535\/53568774272_cc05b35212.jpg\" alt=\"PE - cachorros\" width=\"200\" height=\"100\" \/><\/a><script async src=\"\/\/embedr.flickr.com\/assets\/client-code.js\" charset=\"utf-8\"><\/script><\/p>\n<style>\n  .responsive-img {<br \/>    max-width: 100%;<br \/>    height: auto;<br \/>  }<br \/><\/style>\n","protected":false},"featured_media":4404,"template":"","meta":[],"product_brand":[],"product_cat":[37,34],"product_tag":[],"class_list":{"0":"post-4403","1":"product","2":"type-product","3":"status-publish","4":"has-post-thumbnail","6":"product_cat-caes","7":"product_cat-pedidos-externos","9":"first","10":"instock","11":"shipping-taxable","12":"product-type-simple"},"_links":{"self":[{"href":"https:\/\/abra.org.pt\/index.php\/wp-json\/wp\/v2\/product\/4403","targetHints":{"allow":["GET"]}}],"collection":[{"href":"https:\/\/abra.org.pt\/index.php\/wp-json\/wp\/v2\/product"}],"about":[{"href":"https:\/\/abra.org.pt\/index.php\/wp-json\/wp\/v2\/types\/product"}],"version-history":[{"count":3,"href":"https:\/\/abra.org.pt\/index.php\/wp-json\/wp\/v2\/product\/4403\/revisions"}],"predecessor-version":[{"id":4407,"href":"https:\/\/abra.org.pt\/index.php\/wp-json\/wp\/v2\/product\/4403\/revisions\/4407"}],"wp:featuredmedia":[{"embeddable":true,"href":"https:\/\/abra.org.pt\/index.php\/wp-json\/wp\/v2\/media\/4404"}],"wp:attachment":[{"href":"https:\/\/abra.org.pt\/index.php\/wp-json\/wp\/v2\/media?parent=4403"}],"wp:term":[{"taxonomy":"product_brand","embeddable":true,"href":"https:\/\/abra.org.pt\/index.php\/wp-json\/wp\/v2\/product_brand?post=4403"},{"taxonomy":"product_cat","embeddable":true,"href":"https:\/\/abra.org.pt\/index.php\/wp-json\/wp\/v2\/product_cat?post=4403"},{"taxonomy":"product_tag","embeddable":true,"href":"https:\/\/abra.org.pt\/index.php\/wp-json\/wp\/v2\/product_tag?post=4403"}],"curies":[{"name":"wp","href":"https:\/\/api.w.org\/{rel}","templated":true}]}}