{"id":4379,"date":"2024-09-23T20:51:26","date_gmt":"2024-09-23T20:51:26","guid":{"rendered":"https:\/\/blissful-lederberg.94-46-22-133.plesk.page\/?post_type=product&#038;p=4379"},"modified":"2024-10-17T22:10:02","modified_gmt":"2024-10-17T22:10:02","slug":"poki","status":"publish","type":"product","link":"https:\/\/abra.org.pt\/index.php\/produto\/poki\/","title":{"rendered":"Poki"},"content":{"rendered":"","protected":false},"excerpt":{"rendered":"<h3><\/h3>\n<h1><\/h1>\n<p>&nbsp;<\/p>\n<h1>Poki<\/h1>\n<p><strong>Data do pedido: 21 de agosto de 2024<\/strong><\/p>\n<h4><strong>Caracter\u00edsticas:<\/strong><\/h4>\n<h5><strong>\u00a0<\/strong>O Poki foi encontrado na Quinta da Capela, com uma ligeira ferida no nariz. N\u00e3o tem chip, j\u00e1 foi castrado e \u00e9 Fiv\/Felv negativo. Tem cerca de 2\/3 anos, \u00e9 um gato muito meigo que adora mimos e aten\u00e7\u00e3o. A pessoa que o resgatou das ruas n\u00e3o o pode adotar, pelo que procura uma fam\u00edlia para o Poki que lhe queira dar um novo come\u00e7o.<\/h5>\n<h5><strong>Contacto para ado\u00e7\u00e3o: <span data-sheets-root=\"1\" data-sheets-value=\"{&quot;1&quot;:2,&quot;2&quot;:&quot;ouchmypancreas@gmail.com&quot;}\" data-sheets-userformat=\"{&quot;2&quot;:12993,&quot;3&quot;:{&quot;1&quot;:0},&quot;9&quot;:2,&quot;10&quot;:1,&quot;12&quot;:0,&quot;15&quot;:&quot;Montserrat&quot;,&quot;16&quot;:10}\">96 977 22 16<\/span><\/strong><\/h5>\n<p><a title=\"PE - Poki\" href=\"https:\/\/www.flickr.com\/photos\/73528242@N04\/albums\/72177720319697473\" data-flickr-embed=\"true\"><img decoding=\"async\" src=\"https:\/\/live.staticflickr.com\/65535\/53938946543_3c81507da0.jpg\" alt=\"PE - Poki\" width=\"200\" height=\"100\" \/><\/a><script async src=\"\/\/embedr.flickr.com\/assets\/client-code.js\" charset=\"utf-8\"><\/script><\/p>\n<style>\n  .responsive-img {<br \/>    max-width: 100%;<br \/>    height: auto;<br \/>  }<br \/><\/style>\n<p><script async src=\"\/\/embedr.flickr.com\/assets\/client-code.js\" charset=\"utf-8\"><\/script><\/p>\n<style>\n  .responsive-img {<br \/>    max-width: 100%;<br \/>    height: auto;<br \/>  }<br \/><\/style>\n","protected":false},"featured_media":4380,"template":"","meta":[],"product_brand":[],"product_cat":[38,40],"product_tag":[],"class_list":{"0":"post-4379","1":"product","2":"type-product","3":"status-publish","4":"has-post-thumbnail","6":"product_cat-gatos","7":"product_cat-pedidos-externos-gatos","9":"first","10":"instock","11":"shipping-taxable","12":"product-type-simple"},"_links":{"self":[{"href":"https:\/\/abra.org.pt\/index.php\/wp-json\/wp\/v2\/product\/4379","targetHints":{"allow":["GET"]}}],"collection":[{"href":"https:\/\/abra.org.pt\/index.php\/wp-json\/wp\/v2\/product"}],"about":[{"href":"https:\/\/abra.org.pt\/index.php\/wp-json\/wp\/v2\/types\/product"}],"version-history":[{"count":2,"href":"https:\/\/abra.org.pt\/index.php\/wp-json\/wp\/v2\/product\/4379\/revisions"}],"predecessor-version":[{"id":5046,"href":"https:\/\/abra.org.pt\/index.php\/wp-json\/wp\/v2\/product\/4379\/revisions\/5046"}],"wp:featuredmedia":[{"embeddable":true,"href":"https:\/\/abra.org.pt\/index.php\/wp-json\/wp\/v2\/media\/4380"}],"wp:attachment":[{"href":"https:\/\/abra.org.pt\/index.php\/wp-json\/wp\/v2\/media?parent=4379"}],"wp:term":[{"taxonomy":"product_brand","embeddable":true,"href":"https:\/\/abra.org.pt\/index.php\/wp-json\/wp\/v2\/product_brand?post=4379"},{"taxonomy":"product_cat","embeddable":true,"href":"https:\/\/abra.org.pt\/index.php\/wp-json\/wp\/v2\/product_cat?post=4379"},{"taxonomy":"product_tag","embeddable":true,"href":"https:\/\/abra.org.pt\/index.php\/wp-json\/wp\/v2\/product_tag?post=4379"}],"curies":[{"name":"wp","href":"https:\/\/api.w.org\/{rel}","templated":true}]}}