{"id":3807,"date":"2024-04-02T20:55:36","date_gmt":"2024-04-02T20:55:36","guid":{"rendered":"https:\/\/blissful-lederberg.94-46-22-133.plesk.page\/?post_type=product&#038;p=3807"},"modified":"2024-09-23T22:34:59","modified_gmt":"2024-09-23T22:34:59","slug":"apelo-20-2024","status":"publish","type":"product","link":"https:\/\/abra.org.pt\/index.php\/produto\/apelo-20-2024\/","title":{"rendered":"Apelo 20 &#8211; 2024"},"content":{"rendered":"","protected":false},"excerpt":{"rendered":"<h3><\/h3>\n<h1><\/h1>\n<p>&nbsp;<\/p>\n<h1>Fidel<\/h1>\n<p><strong>Data em que desapareceu: 30\/01\/2024<\/strong><\/p>\n<h4><strong>Caracter\u00edsticas:<\/strong><\/h4>\n<h5>O Fidel desapareceu no dia 30 de Janeiro, nas Fontainhas, no Porto. Ele \u00e9 um jovem atl\u00e9tico macho e acredito que j\u00e1 tenha percorrido v\u00e1rios quil\u00f3metros \u00e0 minha procura, o que dificulta o nosso reencontro. Eu n\u00e3o tenho parado e n\u00e3o vou desistir. J\u00e1 fiz uma busca intensiva entre Espinho e Vila do Conde, com especial aten\u00e7\u00e3o (para al\u00e9m do centro do Porto) a Arcozelo e Maia, pois tenho passado l\u00e1 mais tempo e s\u00e3o zonas que conhece melhor. Espalhei cartazes e tenho perguntado pessoalmente por ele. Deram-me algumas pistas que segui, mas n\u00e3o o encontrei. Ele tem chip e j\u00e1 notifiquei a policia do seu desaparecimento.\u00a0https:\/\/www.facebook.com\/share\/p\/qCCpf84b4FxFngTB\/<\/h5>\n<p><a data-flickr-embed=\"true\" href=\"https:\/\/www.flickr.com\/photos\/73528242@N04\/albums\/72177720315267144\" title=\"PA - Fidel\"><img decoding=\"async\" src=\"https:\/\/live.staticflickr.com\/65535\/53569626996_6b3987815c.jpg\" width=\"200\" height=\"100\" alt=\"PA - Fidel\"\/><\/a><script async src=\"\/\/embedr.flickr.com\/assets\/client-code.js\" charset=\"utf-8\"><\/script><\/p>\n","protected":false},"featured_media":3808,"template":"","meta":[],"product_brand":[],"product_cat":[35],"product_tag":[],"class_list":{"0":"post-3807","1":"product","2":"type-product","3":"status-publish","4":"has-post-thumbnail","6":"product_cat-perdidos-e-achados","8":"first","9":"instock","10":"shipping-taxable","11":"product-type-simple"},"_links":{"self":[{"href":"https:\/\/abra.org.pt\/index.php\/wp-json\/wp\/v2\/product\/3807","targetHints":{"allow":["GET"]}}],"collection":[{"href":"https:\/\/abra.org.pt\/index.php\/wp-json\/wp\/v2\/product"}],"about":[{"href":"https:\/\/abra.org.pt\/index.php\/wp-json\/wp\/v2\/types\/product"}],"version-history":[{"count":2,"href":"https:\/\/abra.org.pt\/index.php\/wp-json\/wp\/v2\/product\/3807\/revisions"}],"predecessor-version":[{"id":4453,"href":"https:\/\/abra.org.pt\/index.php\/wp-json\/wp\/v2\/product\/3807\/revisions\/4453"}],"wp:featuredmedia":[{"embeddable":true,"href":"https:\/\/abra.org.pt\/index.php\/wp-json\/wp\/v2\/media\/3808"}],"wp:attachment":[{"href":"https:\/\/abra.org.pt\/index.php\/wp-json\/wp\/v2\/media?parent=3807"}],"wp:term":[{"taxonomy":"product_brand","embeddable":true,"href":"https:\/\/abra.org.pt\/index.php\/wp-json\/wp\/v2\/product_brand?post=3807"},{"taxonomy":"product_cat","embeddable":true,"href":"https:\/\/abra.org.pt\/index.php\/wp-json\/wp\/v2\/product_cat?post=3807"},{"taxonomy":"product_tag","embeddable":true,"href":"https:\/\/abra.org.pt\/index.php\/wp-json\/wp\/v2\/product_tag?post=3807"}],"curies":[{"name":"wp","href":"https:\/\/api.w.org\/{rel}","templated":true}]}}