{"id":3801,"date":"2024-04-02T20:47:28","date_gmt":"2024-04-02T20:47:28","guid":{"rendered":"https:\/\/blissful-lederberg.94-46-22-133.plesk.page\/?post_type=product&#038;p=3801"},"modified":"2024-09-23T22:34:37","modified_gmt":"2024-09-23T22:34:37","slug":"apelo-18-2023","status":"publish","type":"product","link":"https:\/\/abra.org.pt\/index.php\/produto\/apelo-18-2023\/","title":{"rendered":"Apelo 18 &#8211; 2023"},"content":{"rendered":"","protected":false},"excerpt":{"rendered":"<h3><\/h3>\n<h1><\/h1>\n<p>&nbsp;<\/p>\n<h1>Moro<\/h1>\n<p><strong>Data em que desapareceu: 12\/10\/2023<\/strong><\/p>\n<h4><strong>Caracter\u00edsticas:<\/strong><\/h4>\n<h5>O Moro desapareceu na quinta-feira, dia 12 de outubro, na zona do Trilho dos Carris, no Ger\u00eas. Por favor, entre em contacto com os n\u00fameros abaixo se tiver alguma informa\u00e7\u00e3o. Oferece-se recompensa.<\/h5>\n","protected":false},"featured_media":3802,"template":"","meta":[],"product_brand":[],"product_cat":[35],"product_tag":[],"class_list":{"0":"post-3801","1":"product","2":"type-product","3":"status-publish","4":"has-post-thumbnail","6":"product_cat-perdidos-e-achados","8":"first","9":"instock","10":"shipping-taxable","11":"product-type-simple"},"_links":{"self":[{"href":"https:\/\/abra.org.pt\/index.php\/wp-json\/wp\/v2\/product\/3801","targetHints":{"allow":["GET"]}}],"collection":[{"href":"https:\/\/abra.org.pt\/index.php\/wp-json\/wp\/v2\/product"}],"about":[{"href":"https:\/\/abra.org.pt\/index.php\/wp-json\/wp\/v2\/types\/product"}],"version-history":[{"count":2,"href":"https:\/\/abra.org.pt\/index.php\/wp-json\/wp\/v2\/product\/3801\/revisions"}],"predecessor-version":[{"id":4451,"href":"https:\/\/abra.org.pt\/index.php\/wp-json\/wp\/v2\/product\/3801\/revisions\/4451"}],"wp:featuredmedia":[{"embeddable":true,"href":"https:\/\/abra.org.pt\/index.php\/wp-json\/wp\/v2\/media\/3802"}],"wp:attachment":[{"href":"https:\/\/abra.org.pt\/index.php\/wp-json\/wp\/v2\/media?parent=3801"}],"wp:term":[{"taxonomy":"product_brand","embeddable":true,"href":"https:\/\/abra.org.pt\/index.php\/wp-json\/wp\/v2\/product_brand?post=3801"},{"taxonomy":"product_cat","embeddable":true,"href":"https:\/\/abra.org.pt\/index.php\/wp-json\/wp\/v2\/product_cat?post=3801"},{"taxonomy":"product_tag","embeddable":true,"href":"https:\/\/abra.org.pt\/index.php\/wp-json\/wp\/v2\/product_tag?post=3801"}],"curies":[{"name":"wp","href":"https:\/\/api.w.org\/{rel}","templated":true}]}}