{"id":3782,"date":"2024-04-02T20:08:29","date_gmt":"2024-04-02T20:08:29","guid":{"rendered":"https:\/\/blissful-lederberg.94-46-22-133.plesk.page\/?post_type=product&#038;p=3782"},"modified":"2024-09-23T22:33:53","modified_gmt":"2024-09-23T22:33:53","slug":"apelo-13-2022","status":"publish","type":"product","link":"https:\/\/abra.org.pt\/index.php\/produto\/apelo-13-2022\/","title":{"rendered":"Apelo 13 &#8211; 2022"},"content":{"rendered":"","protected":false},"excerpt":{"rendered":"<h3><\/h3>\n<h1><\/h1>\n<p>&nbsp;<\/p>\n<h1>Wendy<\/h1>\n<p><strong>Data em que desapareceu: Agosto 2022<\/strong><\/p>\n<h4><strong>Caracter\u00edsticas:<\/strong><\/h4>\n<h5>A Wendy desapareceu em Eira, Vieira do Minho, em Agosto de 2022. Tem cerca de 1 ano e \u00e9 muito meiga. Est\u00e1 chipada e esterilizada e est\u00e1 dada com desaparecida no SIAC. Entre em contacto se souber do paradeiro da gatinha.<\/h5>\n<p><a data-flickr-embed=\"true\" href=\"https:\/\/www.flickr.com\/photos\/73528242@N04\/albums\/72177720303175624\" title=\"PE - Wendy\"><img decoding=\"async\" src=\"https:\/\/live.staticflickr.com\/65535\/52454664378_5dbcebdc5d.jpg\" width=\"200\" height=\"100\" alt=\"PE - Wendy\"\/><\/a><script async src=\"\/\/embedr.flickr.com\/assets\/client-code.js\" charset=\"utf-8\"><\/script><\/p>\n","protected":false},"featured_media":3783,"template":"","meta":[],"product_brand":[],"product_cat":[35],"product_tag":[],"class_list":{"0":"post-3782","1":"product","2":"type-product","3":"status-publish","4":"has-post-thumbnail","6":"product_cat-perdidos-e-achados","8":"first","9":"instock","10":"shipping-taxable","11":"product-type-simple"},"_links":{"self":[{"href":"https:\/\/abra.org.pt\/index.php\/wp-json\/wp\/v2\/product\/3782","targetHints":{"allow":["GET"]}}],"collection":[{"href":"https:\/\/abra.org.pt\/index.php\/wp-json\/wp\/v2\/product"}],"about":[{"href":"https:\/\/abra.org.pt\/index.php\/wp-json\/wp\/v2\/types\/product"}],"version-history":[{"count":2,"href":"https:\/\/abra.org.pt\/index.php\/wp-json\/wp\/v2\/product\/3782\/revisions"}],"predecessor-version":[{"id":4448,"href":"https:\/\/abra.org.pt\/index.php\/wp-json\/wp\/v2\/product\/3782\/revisions\/4448"}],"wp:featuredmedia":[{"embeddable":true,"href":"https:\/\/abra.org.pt\/index.php\/wp-json\/wp\/v2\/media\/3783"}],"wp:attachment":[{"href":"https:\/\/abra.org.pt\/index.php\/wp-json\/wp\/v2\/media?parent=3782"}],"wp:term":[{"taxonomy":"product_brand","embeddable":true,"href":"https:\/\/abra.org.pt\/index.php\/wp-json\/wp\/v2\/product_brand?post=3782"},{"taxonomy":"product_cat","embeddable":true,"href":"https:\/\/abra.org.pt\/index.php\/wp-json\/wp\/v2\/product_cat?post=3782"},{"taxonomy":"product_tag","embeddable":true,"href":"https:\/\/abra.org.pt\/index.php\/wp-json\/wp\/v2\/product_tag?post=3782"}],"curies":[{"name":"wp","href":"https:\/\/api.w.org\/{rel}","templated":true}]}}