{"id":3755,"date":"2024-03-27T19:35:34","date_gmt":"2024-03-27T19:35:34","guid":{"rendered":"https:\/\/blissful-lederberg.94-46-22-133.plesk.page\/?post_type=product&#038;p=3755"},"modified":"2024-09-23T22:32:21","modified_gmt":"2024-09-23T22:32:21","slug":"apelo-5-2021","status":"publish","type":"product","link":"https:\/\/abra.org.pt\/index.php\/produto\/apelo-5-2021\/","title":{"rendered":"Apelo 5 &#8211; 2021"},"content":{"rendered":"","protected":false},"excerpt":{"rendered":"<h3><\/h3>\n<h1><\/h1>\n<p>&nbsp;<\/p>\n<h1>&#8211;<\/h1>\n<p><strong>Data em que desapareceu: 24\/11\/2020<\/strong><\/p>\n<h4><strong>Caracter\u00edsticas:<\/strong><\/h4>\n<h5>Tem o p\u00ealo com tonalidades de branco, castanho e preto; mancha branca no nariz\/testa; pinta preta no olho direito; corte na orelha esquerda (n\u00e3o \u00e9 marca de castra\u00e7\u00e3o, apesar de ser castrada; pequena tonalidade castanha no queixo; mancha branca em formato de cora\u00e7\u00e3o no dorso. N\u00e3o tem coleira.<\/h5>\n","protected":false},"featured_media":3756,"template":"","meta":[],"product_brand":[],"product_cat":[35],"product_tag":[],"class_list":{"0":"post-3755","1":"product","2":"type-product","3":"status-publish","4":"has-post-thumbnail","6":"product_cat-perdidos-e-achados","8":"first","9":"instock","10":"shipping-taxable","11":"product-type-simple"},"_links":{"self":[{"href":"https:\/\/abra.org.pt\/index.php\/wp-json\/wp\/v2\/product\/3755","targetHints":{"allow":["GET"]}}],"collection":[{"href":"https:\/\/abra.org.pt\/index.php\/wp-json\/wp\/v2\/product"}],"about":[{"href":"https:\/\/abra.org.pt\/index.php\/wp-json\/wp\/v2\/types\/product"}],"version-history":[{"count":2,"href":"https:\/\/abra.org.pt\/index.php\/wp-json\/wp\/v2\/product\/3755\/revisions"}],"predecessor-version":[{"id":4440,"href":"https:\/\/abra.org.pt\/index.php\/wp-json\/wp\/v2\/product\/3755\/revisions\/4440"}],"wp:featuredmedia":[{"embeddable":true,"href":"https:\/\/abra.org.pt\/index.php\/wp-json\/wp\/v2\/media\/3756"}],"wp:attachment":[{"href":"https:\/\/abra.org.pt\/index.php\/wp-json\/wp\/v2\/media?parent=3755"}],"wp:term":[{"taxonomy":"product_brand","embeddable":true,"href":"https:\/\/abra.org.pt\/index.php\/wp-json\/wp\/v2\/product_brand?post=3755"},{"taxonomy":"product_cat","embeddable":true,"href":"https:\/\/abra.org.pt\/index.php\/wp-json\/wp\/v2\/product_cat?post=3755"},{"taxonomy":"product_tag","embeddable":true,"href":"https:\/\/abra.org.pt\/index.php\/wp-json\/wp\/v2\/product_tag?post=3755"}],"curies":[{"name":"wp","href":"https:\/\/api.w.org\/{rel}","templated":true}]}}