{"id":3747,"date":"2024-03-27T19:23:47","date_gmt":"2024-03-27T19:23:47","guid":{"rendered":"https:\/\/blissful-lederberg.94-46-22-133.plesk.page\/?post_type=product&#038;p=3747"},"modified":"2024-09-23T22:31:59","modified_gmt":"2024-09-23T22:31:59","slug":"apelo-3-2020","status":"publish","type":"product","link":"https:\/\/abra.org.pt\/index.php\/produto\/apelo-3-2020\/","title":{"rendered":"Apelo 3 &#8211; 2020"},"content":{"rendered":"","protected":false},"excerpt":{"rendered":"<h3><\/h3>\n<h1><\/h1>\n<p>&nbsp;<\/p>\n<h1>Am\u00e1lia<\/h1>\n<p><strong>Data em que desapareceu: 27\/09\/2020<\/strong><\/p>\n<h4><strong>Caracter\u00edsticas:<\/strong><\/h4>\n<h5>A Am\u00e1lia desapareceu a 27 de setembro, tem chip mas saiu sem coleira, \u00e9 da ra\u00e7a Podengo. P\u00ealo liso e curto, cores amarelo e branco. Fugiu sem coleira, mas tem microchip.<\/h5>\n","protected":false},"featured_media":3715,"template":"","meta":[],"product_brand":[],"product_cat":[35],"product_tag":[],"class_list":{"0":"post-3747","1":"product","2":"type-product","3":"status-publish","4":"has-post-thumbnail","6":"product_cat-perdidos-e-achados","8":"first","9":"instock","10":"shipping-taxable","11":"product-type-simple"},"_links":{"self":[{"href":"https:\/\/abra.org.pt\/index.php\/wp-json\/wp\/v2\/product\/3747","targetHints":{"allow":["GET"]}}],"collection":[{"href":"https:\/\/abra.org.pt\/index.php\/wp-json\/wp\/v2\/product"}],"about":[{"href":"https:\/\/abra.org.pt\/index.php\/wp-json\/wp\/v2\/types\/product"}],"version-history":[{"count":4,"href":"https:\/\/abra.org.pt\/index.php\/wp-json\/wp\/v2\/product\/3747\/revisions"}],"predecessor-version":[{"id":4438,"href":"https:\/\/abra.org.pt\/index.php\/wp-json\/wp\/v2\/product\/3747\/revisions\/4438"}],"wp:featuredmedia":[{"embeddable":true,"href":"https:\/\/abra.org.pt\/index.php\/wp-json\/wp\/v2\/media\/3715"}],"wp:attachment":[{"href":"https:\/\/abra.org.pt\/index.php\/wp-json\/wp\/v2\/media?parent=3747"}],"wp:term":[{"taxonomy":"product_brand","embeddable":true,"href":"https:\/\/abra.org.pt\/index.php\/wp-json\/wp\/v2\/product_brand?post=3747"},{"taxonomy":"product_cat","embeddable":true,"href":"https:\/\/abra.org.pt\/index.php\/wp-json\/wp\/v2\/product_cat?post=3747"},{"taxonomy":"product_tag","embeddable":true,"href":"https:\/\/abra.org.pt\/index.php\/wp-json\/wp\/v2\/product_tag?post=3747"}],"curies":[{"name":"wp","href":"https:\/\/api.w.org\/{rel}","templated":true}]}}