{"id":3637,"date":"2024-03-12T15:20:42","date_gmt":"2024-03-12T15:20:42","guid":{"rendered":"https:\/\/blissful-lederberg.94-46-22-133.plesk.page\/?post_type=product&#038;p=3637"},"modified":"2025-03-26T10:52:59","modified_gmt":"2025-03-26T10:52:59","slug":"zilda-2","status":"publish","type":"product","link":"https:\/\/abra.org.pt\/index.php\/produto\/zilda-2\/","title":{"rendered":"Zilda"},"content":{"rendered":"","protected":false},"excerpt":{"rendered":"<h3><\/h3>\n<h1><\/h1>\n<p>&nbsp;<\/p>\n<h1>Zilda<\/h1>\n<p><strong>Data de entrada: 11 de julho de 2023<\/strong><\/p>\n<h4><strong>Caracter\u00edsticas:<\/strong><\/h4>\n<h5>A Zilda tem um problema cong\u00e9nito grave \u2013 estenose pulmonar severa, associada a displasia tric\u00faspide severa, compat\u00edvel com doen\u00e7a degenerativa valvular mitral (classe B1). Esta condi\u00e7\u00e3o faz com que, por vezes, tenha quedas s\u00fabitas e moment\u00e2neas. Para manter a sua qualidade de vida, a Zilda precisa de drenagens pleurais frequentes, acompanhamento veterin\u00e1rio regular e exames como hemograma, bioqu\u00edmica s\u00e9rica e ecocardiograma. Al\u00e9m disso, toma medica\u00e7\u00e3o cr\u00f3nica di\u00e1ria (Upcard, Cardisure e Espironolactona), estando os custos da sua medica\u00e7\u00e3o mensal fixados nos 155,57\u20ac. Se quiser ajudar, pondere fazer um donativo, apadrinhar ou, idealmente, adotar esta pequena.<\/h5>\n<h2><a href=\"https:\/\/abra.org.pt\/index.php\/adotar\/\">Quero adotar!<\/a><\/h2>\n<div style=\"text-align: left;\">\n<p><a title=\"Zilda\" href=\"https:\/\/www.flickr.com\/photos\/73528242@N04\/albums\/72177720309698564\" data-flickr-embed=\"true\"><img decoding=\"async\" src=\"https:\/\/live.staticflickr.com\/65535\/53059532955_4ac15312f0.jpg\" alt=\"Zilda\" width=\"200\" height=\"100\" \/><\/a><script async src=\"\/\/embedr.flickr.com\/assets\/client-code.js\" charset=\"utf-8\"><\/script><\/p>\n<style>\n  .responsive-img {<br \/>    max-width: 100%;<br \/>    height: auto;<br \/>  }<br \/><\/style>\n<\/div>\n<p><script async src=\"\/\/embedr.flickr.com\/assets\/client-code.js\" charset=\"utf-8\"><\/script><\/p>\n<style>\n  .responsive-img {<br \/>    max-width: 100%;<br \/>    height: auto;<br \/>  }<br \/><\/style>\n","protected":false},"featured_media":3638,"template":"","meta":[],"product_brand":[],"product_cat":[37,31,39],"product_tag":[],"class_list":{"0":"post-3637","1":"product","2":"type-product","3":"status-publish","4":"has-post-thumbnail","6":"product_cat-caes","7":"product_cat-caes-em-fat","8":"product_cat-casos-urgentes","10":"first","11":"instock","12":"shipping-taxable","13":"product-type-simple"},"_links":{"self":[{"href":"https:\/\/abra.org.pt\/index.php\/wp-json\/wp\/v2\/product\/3637","targetHints":{"allow":["GET"]}}],"collection":[{"href":"https:\/\/abra.org.pt\/index.php\/wp-json\/wp\/v2\/product"}],"about":[{"href":"https:\/\/abra.org.pt\/index.php\/wp-json\/wp\/v2\/types\/product"}],"version-history":[{"count":10,"href":"https:\/\/abra.org.pt\/index.php\/wp-json\/wp\/v2\/product\/3637\/revisions"}],"predecessor-version":[{"id":5801,"href":"https:\/\/abra.org.pt\/index.php\/wp-json\/wp\/v2\/product\/3637\/revisions\/5801"}],"wp:featuredmedia":[{"embeddable":true,"href":"https:\/\/abra.org.pt\/index.php\/wp-json\/wp\/v2\/media\/3638"}],"wp:attachment":[{"href":"https:\/\/abra.org.pt\/index.php\/wp-json\/wp\/v2\/media?parent=3637"}],"wp:term":[{"taxonomy":"product_brand","embeddable":true,"href":"https:\/\/abra.org.pt\/index.php\/wp-json\/wp\/v2\/product_brand?post=3637"},{"taxonomy":"product_cat","embeddable":true,"href":"https:\/\/abra.org.pt\/index.php\/wp-json\/wp\/v2\/product_cat?post=3637"},{"taxonomy":"product_tag","embeddable":true,"href":"https:\/\/abra.org.pt\/index.php\/wp-json\/wp\/v2\/product_tag?post=3637"}],"curies":[{"name":"wp","href":"https:\/\/api.w.org\/{rel}","templated":true}]}}