{"id":3530,"date":"2024-03-12T15:25:22","date_gmt":"2024-03-12T15:25:22","guid":{"rendered":"https:\/\/blissful-lederberg.94-46-22-133.plesk.page\/?post_type=product&#038;p=3530"},"modified":"2024-10-06T21:03:23","modified_gmt":"2024-10-06T21:03:23","slug":"tenji","status":"publish","type":"product","link":"https:\/\/abra.org.pt\/index.php\/produto\/tenji\/","title":{"rendered":"Tenji"},"content":{"rendered":"","protected":false},"excerpt":{"rendered":"<h3><\/h3>\n<h1><\/h1>\n<p>&nbsp;<\/p>\n<h2 class=\"itemTitle\">Tenji<\/h2>\n<p><strong>Data de entrada: 24 de novembro 2023<\/strong><\/p>\n<h4><strong>Caracter\u00edsticas:<\/strong><\/h4>\n<h5>O Tenji \u00e9 um c\u00e3o s\u00e9nior que foi encontrado em Frossos pelos bombeiros e entregue ao CRO. \u00c9 ceguinho de um olho. Acreditamos que tenha uma fam\u00edlia \u00e0 sua procura. Se tiver informa\u00e7\u00e3o sobre ele, entre em contacto connosco atrav\u00e9s do e-mail:\u00a0<a href=\"mailto:%20%3Cscript%20language='JavaScript'%20type='text\/javascript'%3E%20%3C!--%20var%20prefix%20=%20'mailto:';%20var%20suffix%20=%20'';%20var%20attribs%20=%20'';%20var%20path%20=%20'hr'%20+%20'ef'%20+%20'=';%20var%20addy1178%20=%20'geral'%20+%20'@';%20addy1178%20=%20addy1178%20+%20'abra'%20+%20'.'%20+%20'org'%20+%20'.'%20+%20'pt';%20document.write(%20'%3Ca%20'%20+%20path%20+%20'\\''%20+%20prefix%20+%20addy1178%20+%20suffix%20+%20'\\''%20+%20attribs%20+%20'%3E'%20);%20document.write(%20addy1178%20);%20document.write(%20'%3C\\\/a%3E'%20);%20\/\/--%3E%20%3C\/script%3E%3Cscript%20language='JavaScript'%20type='text\/javascript'%3E%20%3C!--%20document.write(%20'%3Cspan%20style=\\'display:%20none;\\'%3E'%20);%20\/\/--%3E%20%3C\/script%3EEste%20endere%C3%A7o%20de%20e-mail%20est%C3%A1%20protegido%20de%20spam%20bots,%20pelo%20que%20necessita%20do%20Javascript%20activado%20para%20o%20visualizar%20%3Cscript%20language='JavaScript'%20type='text\/javascript'%3E%20%3C!--%20document.write(%20'%3C\/'%20);%20document.write(%20'span%3E'%20);%20\/\/--%3E%20%3C\/script%3E\">\u00a0<\/a><a href=\"mailto:geral@abra.org.pt\">geral@abra.org.pt<\/a>. Na aus\u00eancia de um adotante, o Tenji foi encaminhado para uma Fam\u00edlia de Acolhimento Tempor\u00e1rio que n\u00e3o ficou indiferente \u00e0 sua situa\u00e7\u00e3o e por l\u00e1 ficar\u00e1 at\u00e9 encontrar uma nova fam\u00edlia. Se o seu lar estiver preparado para receber mais um amigo de 4 patas, entre em contacto: geral@abra.org.pt<\/h5>\n<h2><a href=\"https:\/\/abra.org.pt\/index.php\/adotar\/\">Quero adotar!<\/a><\/h2>\n<div style=\"text-align: left;\">\n<p><a title=\"Tenji\" href=\"https:\/\/www.flickr.com\/photos\/73528242@N04\/albums\/72177720312897762\" data-flickr-embed=\"true\"><img decoding=\"async\" src=\"https:\/\/live.staticflickr.com\/65535\/53352077857_0032c278fc.jpg\" alt=\"Tenji\" width=\"200\" height=\"100\" \/><\/a><script async src=\"\/\/embedr.flickr.com\/assets\/client-code.js\" charset=\"utf-8\"><\/script><\/p>\n<style>\n  .responsive-img {<br \/>    max-width: 100%;<br \/>    height: auto;<br \/>  }<br \/><\/style>\n<\/div>\n<p><script async src=\"\/\/embedr.flickr.com\/assets\/client-code.js\" charset=\"utf-8\"><\/script><\/p>\n<style>\n  .responsive-img {<br \/>    max-width: 100%;<br \/>    height: auto;<br \/>  }<br \/><\/style>\n","protected":false},"featured_media":3531,"template":"","meta":[],"product_brand":[],"product_cat":[37,31],"product_tag":[],"class_list":{"0":"post-3530","1":"product","2":"type-product","3":"status-publish","4":"has-post-thumbnail","6":"product_cat-caes","7":"product_cat-caes-em-fat","9":"first","10":"instock","11":"shipping-taxable","12":"product-type-simple"},"_links":{"self":[{"href":"https:\/\/abra.org.pt\/index.php\/wp-json\/wp\/v2\/product\/3530","targetHints":{"allow":["GET"]}}],"collection":[{"href":"https:\/\/abra.org.pt\/index.php\/wp-json\/wp\/v2\/product"}],"about":[{"href":"https:\/\/abra.org.pt\/index.php\/wp-json\/wp\/v2\/types\/product"}],"version-history":[{"count":4,"href":"https:\/\/abra.org.pt\/index.php\/wp-json\/wp\/v2\/product\/3530\/revisions"}],"predecessor-version":[{"id":4841,"href":"https:\/\/abra.org.pt\/index.php\/wp-json\/wp\/v2\/product\/3530\/revisions\/4841"}],"wp:featuredmedia":[{"embeddable":true,"href":"https:\/\/abra.org.pt\/index.php\/wp-json\/wp\/v2\/media\/3531"}],"wp:attachment":[{"href":"https:\/\/abra.org.pt\/index.php\/wp-json\/wp\/v2\/media?parent=3530"}],"wp:term":[{"taxonomy":"product_brand","embeddable":true,"href":"https:\/\/abra.org.pt\/index.php\/wp-json\/wp\/v2\/product_brand?post=3530"},{"taxonomy":"product_cat","embeddable":true,"href":"https:\/\/abra.org.pt\/index.php\/wp-json\/wp\/v2\/product_cat?post=3530"},{"taxonomy":"product_tag","embeddable":true,"href":"https:\/\/abra.org.pt\/index.php\/wp-json\/wp\/v2\/product_tag?post=3530"}],"curies":[{"name":"wp","href":"https:\/\/api.w.org\/{rel}","templated":true}]}}