{"id":3463,"date":"2020-08-15T22:20:56","date_gmt":"2020-08-15T22:20:56","guid":{"rendered":"https:\/\/blissful-lederberg.94-46-22-133.plesk.page\/?post_type=product&#038;p=3463"},"modified":"2024-10-06T19:47:03","modified_gmt":"2024-10-06T19:47:03","slug":"rosalia","status":"publish","type":"product","link":"https:\/\/abra.org.pt\/index.php\/produto\/rosalia\/","title":{"rendered":"Ros\u00e1lia"},"content":{"rendered":"","protected":false},"excerpt":{"rendered":"<h3><\/h3>\n<h1><\/h1>\n<p>&nbsp;<\/p>\n<h1>Ros\u00e1lia<\/h1>\n<p><strong>Data de entrada: 15 de agosto de 2020<\/strong><\/p>\n<h4><strong>Caracter\u00edsticas:<\/strong><\/h4>\n<h5>A Ros\u00e1lia \u00e9 uma cadela com alguns receios mas que j\u00e1 confia plenamente na sua FAT. \u00c9 uma cadela muito ativa e dependente das pessoas que confia. O ideal seria uma fam\u00edlia para a vida que compreenda a sua personalidade delicada e com paci\u00eancia para ganhar a sua confian\u00e7a.<\/h5>\n<h2><a href=\"https:\/\/abra.org.pt\/index.php\/adotar\/\">Quero adotar!<\/a><\/h2>\n<div style=\"text-align: left;\">\n<p><a title=\"Ros\u00e1lia\" href=\"https:\/\/www.flickr.com\/photos\/73528242@N04\/albums\/72157715501841771\" data-flickr-embed=\"true\"><img decoding=\"async\" src=\"https:\/\/live.staticflickr.com\/65535\/51326984024_c77a1ee6cc.jpg\" alt=\"Ros\u00e1lia\" width=\"200\" height=\"100\" \/><\/a><script async src=\"\/\/embedr.flickr.com\/assets\/client-code.js\" charset=\"utf-8\"><\/script><\/p>\n<style>\n  .responsive-img {<br \/>    max-width: 100%;<br \/>    height: auto;<br \/>  }<br \/><\/style>\n<\/div>\n<p><script async src=\"\/\/embedr.flickr.com\/assets\/client-code.js\" charset=\"utf-8\"><\/script><\/p>\n<style>\n  .responsive-img {<br \/>    max-width: 100%;<br \/>    height: auto;<br \/>  }<br \/><\/style>\n","protected":false},"featured_media":3464,"template":"","meta":[],"product_brand":[],"product_cat":[37,31],"product_tag":[],"class_list":{"0":"post-3463","1":"product","2":"type-product","3":"status-publish","4":"has-post-thumbnail","6":"product_cat-caes","7":"product_cat-caes-em-fat","9":"first","10":"instock","11":"shipping-taxable","12":"product-type-simple"},"_links":{"self":[{"href":"https:\/\/abra.org.pt\/index.php\/wp-json\/wp\/v2\/product\/3463","targetHints":{"allow":["GET"]}}],"collection":[{"href":"https:\/\/abra.org.pt\/index.php\/wp-json\/wp\/v2\/product"}],"about":[{"href":"https:\/\/abra.org.pt\/index.php\/wp-json\/wp\/v2\/types\/product"}],"version-history":[{"count":8,"href":"https:\/\/abra.org.pt\/index.php\/wp-json\/wp\/v2\/product\/3463\/revisions"}],"predecessor-version":[{"id":4677,"href":"https:\/\/abra.org.pt\/index.php\/wp-json\/wp\/v2\/product\/3463\/revisions\/4677"}],"wp:featuredmedia":[{"embeddable":true,"href":"https:\/\/abra.org.pt\/index.php\/wp-json\/wp\/v2\/media\/3464"}],"wp:attachment":[{"href":"https:\/\/abra.org.pt\/index.php\/wp-json\/wp\/v2\/media?parent=3463"}],"wp:term":[{"taxonomy":"product_brand","embeddable":true,"href":"https:\/\/abra.org.pt\/index.php\/wp-json\/wp\/v2\/product_brand?post=3463"},{"taxonomy":"product_cat","embeddable":true,"href":"https:\/\/abra.org.pt\/index.php\/wp-json\/wp\/v2\/product_cat?post=3463"},{"taxonomy":"product_tag","embeddable":true,"href":"https:\/\/abra.org.pt\/index.php\/wp-json\/wp\/v2\/product_tag?post=3463"}],"curies":[{"name":"wp","href":"https:\/\/api.w.org\/{rel}","templated":true}]}}