{"id":3397,"date":"2024-03-09T22:35:28","date_gmt":"2024-03-09T22:35:28","guid":{"rendered":"https:\/\/blissful-lederberg.94-46-22-133.plesk.page\/?post_type=product&#038;p=3397"},"modified":"2025-10-21T23:03:13","modified_gmt":"2025-10-21T23:03:13","slug":"pointer","status":"publish","type":"product","link":"https:\/\/abra.org.pt\/index.php\/produto\/pointer\/","title":{"rendered":"Pointer"},"content":{"rendered":"","protected":false},"excerpt":{"rendered":"<h3><\/h3>\n<h1><\/h1>\n<p>&nbsp;<\/p>\n<h2 class=\"itemTitle\">Pointer<\/h2>\n<p><strong>Data de entrada: 23 de fevereiro 2022<\/strong><\/p>\n<h4><strong>Caracter\u00edsticas:<\/strong><\/h4>\n<h5>Al\u00e9m de muito d\u00f3cil, o Pointer \u00e9 soci\u00e1vel com outros c\u00e3es e bastante calmo. Est\u00e1 pronto para conhecer a sua futura fam\u00edlia. Entre em contacto connosco se a sua casa estiver pronta para receber um amigo de quatro patas.<\/h5>\n<h2><a href=\"https:\/\/abra.org.pt\/index.php\/adotar\/\">Quero adotar!<\/a><\/h2>\n<div style=\"text-align: left;\">\n<p><a title=\"Pointer\" href=\"https:\/\/www.flickr.com\/photos\/73528242@N04\/albums\/72177720296903823\" data-flickr-embed=\"true\"><img decoding=\"async\" src=\"https:\/\/live.staticflickr.com\/65535\/54870310767_b04e93584a.jpg\" alt=\"Pointer\" width=\"200\" height=\"100\" \/><\/a><script async src=\"\/\/embedr.flickr.com\/assets\/client-code.js\" charset=\"utf-8\"><\/script><\/p>\n<style>\n  .responsive-img {<br \/>    max-width: 100%;<br \/>    height: auto;<br \/>  }<br \/><\/style>\n<\/div>\n<p><script async src=\"\/\/embedr.flickr.com\/assets\/client-code.js\" charset=\"utf-8\"><\/script><\/p>\n<style>\n  .responsive-img {<br \/>    max-width: 100%;<br \/>    height: auto;<br \/>  }<br \/><\/style>\n","protected":false},"featured_media":7861,"template":"","meta":[],"product_brand":[],"product_cat":[37,28],"product_tag":[],"class_list":{"0":"post-3397","1":"product","2":"type-product","3":"status-publish","4":"has-post-thumbnail","6":"product_cat-caes","7":"product_cat-caesnocro","9":"first","10":"instock","11":"shipping-taxable","12":"product-type-simple"},"_links":{"self":[{"href":"https:\/\/abra.org.pt\/index.php\/wp-json\/wp\/v2\/product\/3397","targetHints":{"allow":["GET"]}}],"collection":[{"href":"https:\/\/abra.org.pt\/index.php\/wp-json\/wp\/v2\/product"}],"about":[{"href":"https:\/\/abra.org.pt\/index.php\/wp-json\/wp\/v2\/types\/product"}],"version-history":[{"count":5,"href":"https:\/\/abra.org.pt\/index.php\/wp-json\/wp\/v2\/product\/3397\/revisions"}],"predecessor-version":[{"id":7863,"href":"https:\/\/abra.org.pt\/index.php\/wp-json\/wp\/v2\/product\/3397\/revisions\/7863"}],"wp:featuredmedia":[{"embeddable":true,"href":"https:\/\/abra.org.pt\/index.php\/wp-json\/wp\/v2\/media\/7861"}],"wp:attachment":[{"href":"https:\/\/abra.org.pt\/index.php\/wp-json\/wp\/v2\/media?parent=3397"}],"wp:term":[{"taxonomy":"product_brand","embeddable":true,"href":"https:\/\/abra.org.pt\/index.php\/wp-json\/wp\/v2\/product_brand?post=3397"},{"taxonomy":"product_cat","embeddable":true,"href":"https:\/\/abra.org.pt\/index.php\/wp-json\/wp\/v2\/product_cat?post=3397"},{"taxonomy":"product_tag","embeddable":true,"href":"https:\/\/abra.org.pt\/index.php\/wp-json\/wp\/v2\/product_tag?post=3397"}],"curies":[{"name":"wp","href":"https:\/\/api.w.org\/{rel}","templated":true}]}}