{"id":3388,"date":"2024-03-09T22:13:26","date_gmt":"2024-03-09T22:13:26","guid":{"rendered":"https:\/\/blissful-lederberg.94-46-22-133.plesk.page\/?post_type=product&#038;p=3388"},"modified":"2026-02-12T22:21:15","modified_gmt":"2026-02-12T22:21:15","slug":"drowzee","status":"publish","type":"product","link":"https:\/\/abra.org.pt\/index.php\/produto\/drowzee\/","title":{"rendered":"Drowzee"},"content":{"rendered":"","protected":false},"excerpt":{"rendered":"<h3><\/h3>\n<h1><\/h1>\n<p>&nbsp;<\/p>\n<h2 class=\"itemTitle\">Drowzee<\/h2>\n<p><strong>Data de entrada: 28 de setembro 2021<\/strong><\/p>\n<h4><strong>Caracter\u00edsticas:<\/strong><\/h4>\n<h5>O Drowzee ainda est\u00e1 assustado por ter entrado no CRO. Infelizmente, este animal est\u00e1 desde setembro de 2021 no CRO e ainda n\u00e3o teve nenhum interessado. \u00c9 um c\u00e3ozinho assustado, sofre muito por estar no canil e n\u00e3o consegue evoluir no ambiente stressante em que se encontra. O mimo dos volunt\u00e1rios infelizmente n\u00e3o tem sido suficiente e \u00e9 preocupante a sua n\u00e3o evolu\u00e7\u00e3o. Sabemos que anda por a\u00ed uma fam\u00edlia que precisa de um Drowzee e que \u00e9 exatamente o que ele precisa tamb\u00e9m: um lar com muito amor, paci\u00eancia, um brinquedo ou outro (que tamb\u00e9m ajuda) e o aux\u00edlio de um treinador profissional que lhe permita progredir mais rapidamente e ser um c\u00e3ozinho feliz. Se gostaria de ser a fam\u00edlia para sempre do Drowzee e fazer com que este seja o seu \u00faltimo ano no CRO, contacte:\u00a0<a href=\"mailto:geral@abra.org.pt\">geral@abra.org.pt<\/a>.<\/h5>\n<h2><a href=\"https:\/\/abra.org.pt\/index.php\/adotar\/\">Quero adotar!<\/a><\/h2>\n<div style=\"text-align: left;\">\n<p><a title=\"Drowzee\" href=\"https:\/\/www.flickr.com\/photos\/73528242@N04\/albums\/72157719934465957\" data-flickr-embed=\"true\"><img decoding=\"async\" src=\"https:\/\/live.staticflickr.com\/65535\/55091687622_b2ee639c69_c.jpg\" alt=\"Drowzee\" width=\"200\" height=\"100\" \/><\/a><script async src=\"\/\/embedr.flickr.com\/assets\/client-code.js\" charset=\"utf-8\"><\/script><\/p>\n<style>\n  .responsive-img {<br \/>    max-width: 100%;<br \/>    height: auto;<br \/>  }<br \/><\/style>\n<\/div>\n<p><script async src=\"\/\/embedr.flickr.com\/assets\/client-code.js\" charset=\"utf-8\"><\/script><\/p>\n<style>\n  .responsive-img {<br \/>    max-width: 100%;<br \/>    height: auto;<br \/>  }<br \/><\/style>\n","protected":false},"featured_media":8603,"template":"","meta":[],"product_brand":[],"product_cat":[37,28],"product_tag":[],"class_list":{"0":"post-3388","1":"product","2":"type-product","3":"status-publish","4":"has-post-thumbnail","6":"product_cat-caes","7":"product_cat-caesnocro","9":"first","10":"instock","11":"shipping-taxable","12":"product-type-simple"},"_links":{"self":[{"href":"https:\/\/abra.org.pt\/index.php\/wp-json\/wp\/v2\/product\/3388","targetHints":{"allow":["GET"]}}],"collection":[{"href":"https:\/\/abra.org.pt\/index.php\/wp-json\/wp\/v2\/product"}],"about":[{"href":"https:\/\/abra.org.pt\/index.php\/wp-json\/wp\/v2\/types\/product"}],"version-history":[{"count":5,"href":"https:\/\/abra.org.pt\/index.php\/wp-json\/wp\/v2\/product\/3388\/revisions"}],"predecessor-version":[{"id":8613,"href":"https:\/\/abra.org.pt\/index.php\/wp-json\/wp\/v2\/product\/3388\/revisions\/8613"}],"wp:featuredmedia":[{"embeddable":true,"href":"https:\/\/abra.org.pt\/index.php\/wp-json\/wp\/v2\/media\/8603"}],"wp:attachment":[{"href":"https:\/\/abra.org.pt\/index.php\/wp-json\/wp\/v2\/media?parent=3388"}],"wp:term":[{"taxonomy":"product_brand","embeddable":true,"href":"https:\/\/abra.org.pt\/index.php\/wp-json\/wp\/v2\/product_brand?post=3388"},{"taxonomy":"product_cat","embeddable":true,"href":"https:\/\/abra.org.pt\/index.php\/wp-json\/wp\/v2\/product_cat?post=3388"},{"taxonomy":"product_tag","embeddable":true,"href":"https:\/\/abra.org.pt\/index.php\/wp-json\/wp\/v2\/product_tag?post=3388"}],"curies":[{"name":"wp","href":"https:\/\/api.w.org\/{rel}","templated":true}]}}