{"id":3242,"date":"2024-03-04T23:19:23","date_gmt":"2024-03-04T23:19:23","guid":{"rendered":"https:\/\/blissful-lederberg.94-46-22-133.plesk.page\/?post_type=product&#038;p=3242"},"modified":"2024-10-06T20:13:25","modified_gmt":"2024-10-06T20:13:25","slug":"morty","status":"publish","type":"product","link":"https:\/\/abra.org.pt\/index.php\/produto\/morty\/","title":{"rendered":"Morty"},"content":{"rendered":"","protected":false},"excerpt":{"rendered":"<h3><\/h3>\n<h1><\/h1>\n<p>&nbsp;<\/p>\n<h1>Morty<\/h1>\n<p><strong>Data de entrada: 7 de mar\u00e7o 2021<\/strong><\/p>\n<h4><strong>Caracter\u00edsticas:<\/strong><\/h4>\n<h5>O Morty deu entrada no CRO muito assustado e desconfiado. O seu progresso parecia-nos um sonho muito distante, pois passavam-se meses e zero sinais de evolu\u00e7\u00e3o. Depois de muito trabalho e persist\u00eancia dos volunt\u00e1rios, come\u00e7amos a observar uma melhoria no seu comportamento. Agora, o Morty j\u00e1 se encontra mais calmo, menos assustado e at\u00e9 aceita mimos. Isto prova que o esfor\u00e7o e o amor que os volunt\u00e1rios d\u00e3o aos animais em algum momento trar\u00e1 frutos. O importante \u00e9 n\u00e3o desistirmos de ajud\u00e1-los. Neste momento, o Morty est\u00e1 \u00e0 procura de uma fam\u00edlia que lhe possa dar um novo lar e continuar este processo junto dele, para que se sinta cada vez mais confort\u00e1vel e confiante.<\/h5>\n<h2><a href=\"https:\/\/abra.org.pt\/index.php\/adotar\/\">Quero adotar!<\/a><\/h2>\n<div style=\"text-align: left;\">\n<p><a title=\"Morty\" href=\"https:\/\/www.flickr.com\/photos\/73528242@N04\/albums\/72157718558590441\" data-flickr-embed=\"true\"><img decoding=\"async\" src=\"https:\/\/live.staticflickr.com\/65535\/52529694432_c278ff3fd3_n.jpg\" alt=\"Morty\" width=\"200\" height=\"100\" \/><\/a><script async src=\"\/\/embedr.flickr.com\/assets\/client-code.js\" charset=\"utf-8\"><\/script><\/p>\n<style>\n  .responsive-img {<br \/>    max-width: 100%;<br \/>    height: auto;<br \/>  }<br \/><\/style>\n<\/div>\n<p><script async src=\"\/\/embedr.flickr.com\/assets\/client-code.js\" charset=\"utf-8\"><\/script><\/p>\n<style>\n  .responsive-img {<br \/>    max-width: 100%;<br \/>    height: auto;<br \/>  }<br \/><\/style>\n","protected":false},"featured_media":3249,"template":"","meta":[],"product_brand":[],"product_cat":[37,28],"product_tag":[],"class_list":{"0":"post-3242","1":"product","2":"type-product","3":"status-publish","4":"has-post-thumbnail","6":"product_cat-caes","7":"product_cat-caesnocro","9":"first","10":"instock","11":"shipping-taxable","12":"product-type-simple"},"_links":{"self":[{"href":"https:\/\/abra.org.pt\/index.php\/wp-json\/wp\/v2\/product\/3242","targetHints":{"allow":["GET"]}}],"collection":[{"href":"https:\/\/abra.org.pt\/index.php\/wp-json\/wp\/v2\/product"}],"about":[{"href":"https:\/\/abra.org.pt\/index.php\/wp-json\/wp\/v2\/types\/product"}],"version-history":[{"count":6,"href":"https:\/\/abra.org.pt\/index.php\/wp-json\/wp\/v2\/product\/3242\/revisions"}],"predecessor-version":[{"id":4734,"href":"https:\/\/abra.org.pt\/index.php\/wp-json\/wp\/v2\/product\/3242\/revisions\/4734"}],"wp:featuredmedia":[{"embeddable":true,"href":"https:\/\/abra.org.pt\/index.php\/wp-json\/wp\/v2\/media\/3249"}],"wp:attachment":[{"href":"https:\/\/abra.org.pt\/index.php\/wp-json\/wp\/v2\/media?parent=3242"}],"wp:term":[{"taxonomy":"product_brand","embeddable":true,"href":"https:\/\/abra.org.pt\/index.php\/wp-json\/wp\/v2\/product_brand?post=3242"},{"taxonomy":"product_cat","embeddable":true,"href":"https:\/\/abra.org.pt\/index.php\/wp-json\/wp\/v2\/product_cat?post=3242"},{"taxonomy":"product_tag","embeddable":true,"href":"https:\/\/abra.org.pt\/index.php\/wp-json\/wp\/v2\/product_tag?post=3242"}],"curies":[{"name":"wp","href":"https:\/\/api.w.org\/{rel}","templated":true}]}}