{"id":3198,"date":"2024-03-04T17:29:49","date_gmt":"2024-03-04T17:29:49","guid":{"rendered":"https:\/\/blissful-lederberg.94-46-22-133.plesk.page\/?post_type=product&#038;p=3198"},"modified":"2024-10-06T20:11:07","modified_gmt":"2024-10-06T20:11:07","slug":"pamela","status":"publish","type":"product","link":"https:\/\/abra.org.pt\/index.php\/produto\/pamela\/","title":{"rendered":"Pamela"},"content":{"rendered":"","protected":false},"excerpt":{"rendered":"<h3><\/h3>\n<h1><\/h1>\n<p>&nbsp;<\/p>\n<h1>Pamela<\/h1>\n<p><strong>Data de entrada: 28 de mar\u00e7o 2016<\/strong><\/p>\n<h4><strong>Caracter\u00edsticas:<\/strong><\/h4>\n<h5>A Pamela deu entrada no canil com 5 cachorros. Est\u00e1 magra e com algumas feridas que evidenciam bem as dificuldades pelas quais j\u00e1 ter\u00e1 passado. Os cachorros apesar de j\u00e1 comerem ainda est\u00e3o a ser amamentados. A Pamela tem comido muito pouco e est\u00e1 com diarreia. Os cachorros est\u00e3o, tamb\u00e9m, a ficar com as fezes muito moles. A progenitora j\u00e1 se encontra a fazer um pr\u00f3 bi\u00f3tico mas necessitamos de ra\u00e7\u00e3o de melhor qualidade para esta fam\u00edlia. Tememos que dentro de poucos dias adoe\u00e7am. \u00c9 uma cadelinha meiga.<\/h5>\n<h2><a href=\"https:\/\/abra.org.pt\/index.php\/adotar\/\">Quero adotar!<\/a><\/h2>\n<div style=\"text-align: left;\">\n<p><a title=\"Pamela\" href=\"https:\/\/www.flickr.com\/photos\/73528242@N04\/albums\/72157666372820751\" data-flickr-embed=\"true\"><img decoding=\"async\" src=\"https:\/\/live.staticflickr.com\/1652\/26091281095_3e8b2b8d2d.jpg\" alt=\"Pamela\" width=\"200\" height=\"100\" \/><\/a><script async src=\"\/\/embedr.flickr.com\/assets\/client-code.js\" charset=\"utf-8\"><\/script><\/p>\n<style>\n  .responsive-img {<br \/>    max-width: 100%;<br \/>    height: auto;<br \/>  }<br \/><\/style>\n<\/div>\n<p><script async src=\"\/\/embedr.flickr.com\/assets\/client-code.js\" charset=\"utf-8\"><\/script><\/p>\n<style>\n  .responsive-img {<br \/>    max-width: 100%;<br \/>    height: auto;<br \/>  }<br \/><\/style>\n","protected":false},"featured_media":3199,"template":"","meta":[],"product_brand":[],"product_cat":[37,32],"product_tag":[],"class_list":{"0":"post-3198","1":"product","2":"type-product","3":"status-publish","4":"has-post-thumbnail","6":"product_cat-caes","7":"product_cat-caes-no-hotel","9":"first","10":"instock","11":"shipping-taxable","12":"product-type-simple"},"_links":{"self":[{"href":"https:\/\/abra.org.pt\/index.php\/wp-json\/wp\/v2\/product\/3198","targetHints":{"allow":["GET"]}}],"collection":[{"href":"https:\/\/abra.org.pt\/index.php\/wp-json\/wp\/v2\/product"}],"about":[{"href":"https:\/\/abra.org.pt\/index.php\/wp-json\/wp\/v2\/types\/product"}],"version-history":[{"count":2,"href":"https:\/\/abra.org.pt\/index.php\/wp-json\/wp\/v2\/product\/3198\/revisions"}],"predecessor-version":[{"id":4726,"href":"https:\/\/abra.org.pt\/index.php\/wp-json\/wp\/v2\/product\/3198\/revisions\/4726"}],"wp:featuredmedia":[{"embeddable":true,"href":"https:\/\/abra.org.pt\/index.php\/wp-json\/wp\/v2\/media\/3199"}],"wp:attachment":[{"href":"https:\/\/abra.org.pt\/index.php\/wp-json\/wp\/v2\/media?parent=3198"}],"wp:term":[{"taxonomy":"product_brand","embeddable":true,"href":"https:\/\/abra.org.pt\/index.php\/wp-json\/wp\/v2\/product_brand?post=3198"},{"taxonomy":"product_cat","embeddable":true,"href":"https:\/\/abra.org.pt\/index.php\/wp-json\/wp\/v2\/product_cat?post=3198"},{"taxonomy":"product_tag","embeddable":true,"href":"https:\/\/abra.org.pt\/index.php\/wp-json\/wp\/v2\/product_tag?post=3198"}],"curies":[{"name":"wp","href":"https:\/\/api.w.org\/{rel}","templated":true}]}}