{"id":3144,"date":"2024-02-29T17:08:48","date_gmt":"2024-02-29T17:08:48","guid":{"rendered":"https:\/\/blissful-lederberg.94-46-22-133.plesk.page\/?post_type=product&#038;p=3144"},"modified":"2024-10-06T20:01:54","modified_gmt":"2024-10-06T20:01:54","slug":"benito","status":"publish","type":"product","link":"https:\/\/abra.org.pt\/index.php\/produto\/benito\/","title":{"rendered":"Benito"},"content":{"rendered":"","protected":false},"excerpt":{"rendered":"<h3><\/h3>\n<h1><\/h1>\n<p>&nbsp;<\/p>\n<h1>Benito<\/h1>\n<p><strong>Data de entrada: 19 de mar\u00e7o 2014<\/strong><\/p>\n<h4><strong>Caracter\u00edsticas:<\/strong><\/h4>\n<h5>O Benito foi hoje recolhido de um monte onde ter\u00e1 sido deixado ao abandono e onde acabaria por morrer se n\u00e3o fosse encontrado (e recolhido). Est\u00e1 completamente esquel\u00e9tico e com feridas espalhadas um pouco por todo o corpo. Estas feridas levam a suspeitar que, para al\u00e9m do estado relatado, poder\u00e1 tamb\u00e9m estar doente. Dada a fome que passou, tem um insaci\u00e1vel apetite. O Benito foi levado para uma cl\u00ednica veterin\u00e1ria na qual foi realizado o teste da Leishamaniose, cujo resultado aguardamos. O Benito precisa urgentemente de FAT, madrinhas ou dono que o acolha j\u00e1 nos pr\u00f3ximos dias para n\u00e3o dar entrada no canil neste estado. Precisa de conforto e carinho para que consiga esquecer todo o sofrimento e fome a que algu\u00e9m, intencionalmente, o submeteu.<\/h5>\n<h2><a href=\"https:\/\/abra.org.pt\/index.php\/adotar\/\">Quero adotar!<\/a><\/h2>\n<div style=\"text-align: left;\">\n<p><a title=\"Benito\" href=\"https:\/\/www.flickr.com\/photos\/73528242@N04\/albums\/72157642595395994\" data-flickr-embed=\"true\"><img decoding=\"async\" src=\"https:\/\/live.staticflickr.com\/463\/19910367670_244b40c9fc.jpg\" alt=\"Benito\" width=\"200\" height=\"100\" \/><\/a><script async src=\"\/\/embedr.flickr.com\/assets\/client-code.js\" charset=\"utf-8\"><\/script><\/p>\n<style>\n  .responsive-img {<br \/>    max-width: 100%;<br \/>    height: auto;<br \/>  }<br \/><\/style>\n<\/div>\n<p><script async src=\"\/\/embedr.flickr.com\/assets\/client-code.js\" charset=\"utf-8\"><\/script><\/p>\n<style>\n  .responsive-img {<br \/>    max-width: 100%;<br \/>    height: auto;<br \/>  }<br \/><\/style>\n","protected":false},"featured_media":3145,"template":"","meta":[],"product_brand":[],"product_cat":[37,32],"product_tag":[],"class_list":{"0":"post-3144","1":"product","2":"type-product","3":"status-publish","4":"has-post-thumbnail","6":"product_cat-caes","7":"product_cat-caes-no-hotel","9":"first","10":"instock","11":"shipping-taxable","12":"product-type-simple"},"_links":{"self":[{"href":"https:\/\/abra.org.pt\/index.php\/wp-json\/wp\/v2\/product\/3144","targetHints":{"allow":["GET"]}}],"collection":[{"href":"https:\/\/abra.org.pt\/index.php\/wp-json\/wp\/v2\/product"}],"about":[{"href":"https:\/\/abra.org.pt\/index.php\/wp-json\/wp\/v2\/types\/product"}],"version-history":[{"count":3,"href":"https:\/\/abra.org.pt\/index.php\/wp-json\/wp\/v2\/product\/3144\/revisions"}],"predecessor-version":[{"id":4701,"href":"https:\/\/abra.org.pt\/index.php\/wp-json\/wp\/v2\/product\/3144\/revisions\/4701"}],"wp:featuredmedia":[{"embeddable":true,"href":"https:\/\/abra.org.pt\/index.php\/wp-json\/wp\/v2\/media\/3145"}],"wp:attachment":[{"href":"https:\/\/abra.org.pt\/index.php\/wp-json\/wp\/v2\/media?parent=3144"}],"wp:term":[{"taxonomy":"product_brand","embeddable":true,"href":"https:\/\/abra.org.pt\/index.php\/wp-json\/wp\/v2\/product_brand?post=3144"},{"taxonomy":"product_cat","embeddable":true,"href":"https:\/\/abra.org.pt\/index.php\/wp-json\/wp\/v2\/product_cat?post=3144"},{"taxonomy":"product_tag","embeddable":true,"href":"https:\/\/abra.org.pt\/index.php\/wp-json\/wp\/v2\/product_tag?post=3144"}],"curies":[{"name":"wp","href":"https:\/\/api.w.org\/{rel}","templated":true}]}}