{"id":3128,"date":"2024-02-28T16:32:40","date_gmt":"2024-02-28T16:32:40","guid":{"rendered":"https:\/\/blissful-lederberg.94-46-22-133.plesk.page\/?post_type=product&#038;p=3128"},"modified":"2024-10-06T19:59:29","modified_gmt":"2024-10-06T19:59:29","slug":"julie","status":"publish","type":"product","link":"https:\/\/abra.org.pt\/index.php\/produto\/julie\/","title":{"rendered":"Julie"},"content":{"rendered":"","protected":false},"excerpt":{"rendered":"<h3><\/h3>\n<h1><\/h1>\n<p>&nbsp;<\/p>\n<h1>Julie<\/h1>\n<p><strong>Data de entrada: 03 de abril 2013<\/strong><\/p>\n<h4><strong>Caracter\u00edsticas:<\/strong><\/h4>\n<h5>A Julie deu entrada no canil com quatro crias acabadas de nascer. Um veterin\u00e1rio, que se deslocou ao canil a pedido e a expensas da ABRA, diagnosticou \u00e0 cadelinha um tumor vaginal que se encontra bastante inflamado e que, no momento, n\u00e3o \u00e9 aconselh\u00e1vel operar. A cadelinha e crias precisam de uma FAT que as acolha com urg\u00eancia. N\u00e3o s\u00f3 pela condi\u00e7\u00e3o fr\u00e1gil das crias mas tamb\u00e9m pela da progenitora. Grande parte das cadelas n\u00e3o urinam junto do ninho, se a mesma estiver confinada \u00e0 sua boxe sem urinar isso agravar\u00e1 o tumor e ter\u00e1 que ser internada e separada das suas crias.<\/h5>\n<h2><a href=\"https:\/\/abra.org.pt\/index.php\/adotar\/\">Quero adotar!<\/a><\/h2>\n<div style=\"text-align: left;\">\n<p><a title=\"Julie\" href=\"https:\/\/www.flickr.com\/photos\/73528242@N04\/albums\/72157633161283932\" data-flickr-embed=\"true\"><img decoding=\"async\" src=\"https:\/\/live.staticflickr.com\/443\/20236921415_d0c3bb21d4.jpg\" alt=\"Julie\" width=\"200\" height=\"100\" \/><\/a><script async src=\"\/\/embedr.flickr.com\/assets\/client-code.js\" charset=\"utf-8\"><\/script><\/p>\n<style>\n  .responsive-img {<br \/>    max-width: 100%;<br \/>    height: auto;<br \/>  }<br \/><\/style>\n<\/div>\n<p><script async src=\"\/\/embedr.flickr.com\/assets\/client-code.js\" charset=\"utf-8\"><\/script><\/p>\n<style>\n  .responsive-img {<br \/>    max-width: 100%;<br \/>    height: auto;<br \/>  }<br \/><\/style>\n","protected":false},"featured_media":3129,"template":"","meta":[],"product_brand":[],"product_cat":[37,32],"product_tag":[],"class_list":{"0":"post-3128","1":"product","2":"type-product","3":"status-publish","4":"has-post-thumbnail","6":"product_cat-caes","7":"product_cat-caes-no-hotel","9":"first","10":"instock","11":"shipping-taxable","12":"product-type-simple"},"_links":{"self":[{"href":"https:\/\/abra.org.pt\/index.php\/wp-json\/wp\/v2\/product\/3128","targetHints":{"allow":["GET"]}}],"collection":[{"href":"https:\/\/abra.org.pt\/index.php\/wp-json\/wp\/v2\/product"}],"about":[{"href":"https:\/\/abra.org.pt\/index.php\/wp-json\/wp\/v2\/types\/product"}],"version-history":[{"count":2,"href":"https:\/\/abra.org.pt\/index.php\/wp-json\/wp\/v2\/product\/3128\/revisions"}],"predecessor-version":[{"id":4692,"href":"https:\/\/abra.org.pt\/index.php\/wp-json\/wp\/v2\/product\/3128\/revisions\/4692"}],"wp:featuredmedia":[{"embeddable":true,"href":"https:\/\/abra.org.pt\/index.php\/wp-json\/wp\/v2\/media\/3129"}],"wp:attachment":[{"href":"https:\/\/abra.org.pt\/index.php\/wp-json\/wp\/v2\/media?parent=3128"}],"wp:term":[{"taxonomy":"product_brand","embeddable":true,"href":"https:\/\/abra.org.pt\/index.php\/wp-json\/wp\/v2\/product_brand?post=3128"},{"taxonomy":"product_cat","embeddable":true,"href":"https:\/\/abra.org.pt\/index.php\/wp-json\/wp\/v2\/product_cat?post=3128"},{"taxonomy":"product_tag","embeddable":true,"href":"https:\/\/abra.org.pt\/index.php\/wp-json\/wp\/v2\/product_tag?post=3128"}],"curies":[{"name":"wp","href":"https:\/\/api.w.org\/{rel}","templated":true}]}}