{"id":2914,"date":"2024-02-14T18:04:54","date_gmt":"2024-02-14T18:04:54","guid":{"rendered":"https:\/\/blissful-lederberg.94-46-22-133.plesk.page\/?post_type=product&#038;p=2914"},"modified":"2025-03-24T13:14:27","modified_gmt":"2025-03-24T13:14:27","slug":"amelia","status":"publish","type":"product","link":"https:\/\/abra.org.pt\/index.php\/produto\/amelia\/","title":{"rendered":"Amelia"},"content":{"rendered":"","protected":false},"excerpt":{"rendered":"<h3><\/h3>\n<h1><\/h1>\n<p>&nbsp;<\/p>\n<h1>Amelia<\/h1>\n<p><strong>Data de entrada: 17 de agosto 2021<\/strong><\/p>\n<h4><strong>Caracter\u00edsticas:<\/strong><\/h4>\n<h5>A Amelia \u00e9 uma gata linda e bem-disposta que n\u00e3o se deixa definir pelas suas dificuldades. As patas traseiras funcionam com mais esfor\u00e7o, e tem tend\u00eancia a anemia, pelo que faz medica\u00e7\u00e3o e ra\u00e7\u00e3o urin\u00e1ria, al\u00e9m de lhe ter sido recentemente diagnosticada diabetes. \u00c9 FIV\/FELV negativa. Adora receber festas e companhia humana, brinca e d\u00e1-se bem com outros gatos.<\/h5>\n<h2><a href=\"https:\/\/abra.org.pt\/index.php\/adotar\/\">Quero adotar!<\/a><\/h2>\n<div style=\"text-align: left;\">\n<p><a data-flickr-embed=\"true\" href=\"https:\/\/www.flickr.com\/photos\/73528242@N04\/albums\/72157719694591659\" title=\"Amelia\"><img decoding=\"async\" src=\"https:\/\/live.staticflickr.com\/65535\/54381188985_87594bf34b.jpg\" width=\"200\" height=\"100\" alt=\"Amelia\"\/><\/a><script async src=\"\/\/embedr.flickr.com\/assets\/client-code.js\" charset=\"utf-8\"><\/script><\/p>\n<style>\n  .responsive-img {<br \/>    max-width: 100%;<br \/>    height: auto;<br \/>  }<br \/><\/style>\n<\/div>\n<p><script async src=\"\/\/embedr.flickr.com\/assets\/client-code.js\" charset=\"utf-8\"><\/script><\/p>\n<style>\n  .responsive-img {<br \/>    max-width: 100%;<br \/>    height: auto;<br \/>  }<br \/><\/style>\n","protected":false},"featured_media":5714,"template":"","meta":[],"product_brand":[],"product_cat":[39,38,33],"product_tag":[],"class_list":{"0":"post-2914","1":"product","2":"type-product","3":"status-publish","4":"has-post-thumbnail","6":"product_cat-casos-urgentes","7":"product_cat-gatos","8":"product_cat-gatos-em-fat","10":"first","11":"instock","12":"shipping-taxable","13":"product-type-simple"},"_links":{"self":[{"href":"https:\/\/abra.org.pt\/index.php\/wp-json\/wp\/v2\/product\/2914","targetHints":{"allow":["GET"]}}],"collection":[{"href":"https:\/\/abra.org.pt\/index.php\/wp-json\/wp\/v2\/product"}],"about":[{"href":"https:\/\/abra.org.pt\/index.php\/wp-json\/wp\/v2\/types\/product"}],"version-history":[{"count":12,"href":"https:\/\/abra.org.pt\/index.php\/wp-json\/wp\/v2\/product\/2914\/revisions"}],"predecessor-version":[{"id":5792,"href":"https:\/\/abra.org.pt\/index.php\/wp-json\/wp\/v2\/product\/2914\/revisions\/5792"}],"wp:featuredmedia":[{"embeddable":true,"href":"https:\/\/abra.org.pt\/index.php\/wp-json\/wp\/v2\/media\/5714"}],"wp:attachment":[{"href":"https:\/\/abra.org.pt\/index.php\/wp-json\/wp\/v2\/media?parent=2914"}],"wp:term":[{"taxonomy":"product_brand","embeddable":true,"href":"https:\/\/abra.org.pt\/index.php\/wp-json\/wp\/v2\/product_brand?post=2914"},{"taxonomy":"product_cat","embeddable":true,"href":"https:\/\/abra.org.pt\/index.php\/wp-json\/wp\/v2\/product_cat?post=2914"},{"taxonomy":"product_tag","embeddable":true,"href":"https:\/\/abra.org.pt\/index.php\/wp-json\/wp\/v2\/product_tag?post=2914"}],"curies":[{"name":"wp","href":"https:\/\/api.w.org\/{rel}","templated":true}]}}