{"id":9,"date":"2023-07-29T15:57:45","date_gmt":"2023-07-29T15:57:45","guid":{"rendered":"https:\/\/blissful-lederberg.94-46-22-133.plesk.page\/?page_id=9"},"modified":"2024-10-21T18:32:07","modified_gmt":"2024-10-21T18:32:07","slug":"quem-somos","status":"publish","type":"page","link":"https:\/\/abra.org.pt\/index.php\/quem-somos\/","title":{"rendered":"Quem somos"},"content":{"rendered":"\t\t<div data-elementor-type=\"wp-page\" data-elementor-id=\"9\" class=\"elementor elementor-9\">\n\t\t\t\t\t\t<section class=\"elementor-section elementor-top-section elementor-element elementor-element-b63de84 elementor-section-full_width elementor-section-height-min-height elementor-section-height-default elementor-section-items-middle wpr-particle-no wpr-sticky-section-no\" data-id=\"b63de84\" data-element_type=\"section\" data-settings=\"{&quot;background_background&quot;:&quot;classic&quot;,&quot;shape_divider_bottom&quot;:&quot;mountains&quot;}\">\n\t\t\t\t\t<div class=\"elementor-shape elementor-shape-bottom\" aria-hidden=\"true\" data-negative=\"false\">\n\t\t\t<svg xmlns=\"http:\/\/www.w3.org\/2000\/svg\" viewBox=\"0 0 1000 100\" preserveAspectRatio=\"none\">\n\t<path class=\"elementor-shape-fill\" opacity=\"0.33\" d=\"M473,67.3c-203.9,88.3-263.1-34-320.3,0C66,119.1,0,59.7,0,59.7V0h1000v59.7 c0,0-62.1,26.1-94.9,29.3c-32.8,3.3-62.8-12.3-75.8-22.1C806,49.6,745.3,8.7,694.9,4.7S492.4,59,473,67.3z\"\/>\n\t<path class=\"elementor-shape-fill\" opacity=\"0.66\" d=\"M734,67.3c-45.5,0-77.2-23.2-129.1-39.1c-28.6-8.7-150.3-10.1-254,39.1 s-91.7-34.4-149.2,0C115.7,118.3,0,39.8,0,39.8V0h1000v36.5c0,0-28.2-18.5-92.1-18.5C810.2,18.1,775.7,67.3,734,67.3z\"\/>\n\t<path class=\"elementor-shape-fill\" d=\"M766.1,28.9c-200-57.5-266,65.5-395.1,19.5C242,1.8,242,5.4,184.8,20.6C128,35.8,132.3,44.9,89.9,52.5C28.6,63.7,0,0,0,0 h1000c0,0-9.9,40.9-83.6,48.1S829.6,47,766.1,28.9z\"\/>\n<\/svg>\t\t<\/div>\n\t\t\t\t\t<div class=\"elementor-container elementor-column-gap-default\">\n\t\t\t\t\t<div class=\"elementor-column elementor-col-100 elementor-top-column elementor-element elementor-element-29021d1\" data-id=\"29021d1\" data-element_type=\"column\">\n\t\t\t<div class=\"elementor-widget-wrap elementor-element-populated\">\n\t\t\t\t\t\t<div class=\"elementor-element elementor-element-c1366bb elementor-widget elementor-widget-heading\" data-id=\"c1366bb\" data-element_type=\"widget\" data-widget_type=\"heading.default\">\n\t\t\t\t<div class=\"elementor-widget-container\">\n\t\t\t\t\t<h2 class=\"elementor-heading-title elementor-size-default\">Quem somos<\/h2>\t\t\t\t<\/div>\n\t\t\t\t<\/div>\n\t\t\t\t\t<\/div>\n\t\t<\/div>\n\t\t\t\t\t<\/div>\n\t\t<\/section>\n\t\t\t\t<section class=\"elementor-section elementor-top-section elementor-element elementor-element-58ed136 elementor-section-boxed elementor-section-height-default elementor-section-height-default wpr-particle-no wpr-sticky-section-no\" data-id=\"58ed136\" data-element_type=\"section\">\n\t\t\t\t\t\t<div class=\"elementor-container elementor-column-gap-default\">\n\t\t\t\t\t<div class=\"elementor-column elementor-col-100 elementor-top-column elementor-element elementor-element-af01df9\" data-id=\"af01df9\" data-element_type=\"column\">\n\t\t\t<div class=\"elementor-widget-wrap elementor-element-populated\">\n\t\t\t\t\t\t<div class=\"elementor-element elementor-element-35b9d74 elementor-widget elementor-widget-spacer\" data-id=\"35b9d74\" data-element_type=\"widget\" data-widget_type=\"spacer.default\">\n\t\t\t\t<div class=\"elementor-widget-container\">\n\t\t\t\t\t\t\t<div class=\"elementor-spacer\">\n\t\t\t<div class=\"elementor-spacer-inner\"><\/div>\n\t\t<\/div>\n\t\t\t\t\t\t<\/div>\n\t\t\t\t<\/div>\n\t\t\t\t<div class=\"elementor-element elementor-element-c6b92c0 elementor-widget__width-initial elementor-widget elementor-widget-text-editor\" data-id=\"c6b92c0\" data-element_type=\"widget\" data-widget_type=\"text-editor.default\">\n\t\t\t\t<div class=\"elementor-widget-container\">\n\t\t\t\t\t\t\t\t\t<p><span style=\"font-weight: 400;\">Em mar\u00e7o de 2005, em Braga, surgia a ABRA, uma associa\u00e7\u00e3o formalmente constitu\u00edda para dar voz e visibilidade aos animais que tinham a infelicidade de entrar no Canil Municipal de Braga que, na \u00e9poca, era de abate.\u00a0<\/span><\/p><p><span style=\"font-weight: 400;\">Os fundadores da associa\u00e7\u00e3o tinham como preocupa\u00e7\u00e3o os animais do canil\/gatil municipal de Braga e desejavam providenciar-lhes uma vida mais digna.<\/span><\/p><p><span style=\"font-weight: 400;\">Algumas d\u00e9cadas depois, o objetivo primordial permanece o mesmo: colaborar, em regime de voluntariado, com o CRO de Braga, com o intuito de dignificar as condi\u00e7\u00f5es dos animais que a\u00ed se encontram.\u00a0<\/span><\/p><p><span style=\"font-weight: 400;\">Diferentes animais reagem de forma distinta \u00e0 entrada no CRO; uns perdem pelo, outros ficam extremamente assustados, h\u00e1 aqueles que se automutilam, h\u00e1 outros que perdem a vontade de comer e ficam ap\u00e1ticos&#8230;\u00a0<\/span><\/p><p><span style=\"font-weight: 400;\">A principal preocupa\u00e7\u00e3o dos nossos volunt\u00e1rios \u00e9 proporcionar aos animais que est\u00e3o no CRO aquela aten\u00e7\u00e3o e carinho que muitos nunca tiveram. Com isto tornamos poss\u00edvel que eles voltem a sentir alegria e confian\u00e7a naqueles seres que reconhecem como semelhantes aos seus antigos donos.<\/span><\/p>\t\t\t\t\t\t\t\t<\/div>\n\t\t\t\t<\/div>\n\t\t\t\t<div class=\"elementor-element elementor-element-5e82af7 elementor-widget elementor-widget-spacer\" data-id=\"5e82af7\" data-element_type=\"widget\" data-widget_type=\"spacer.default\">\n\t\t\t\t<div class=\"elementor-widget-container\">\n\t\t\t\t\t\t\t<div class=\"elementor-spacer\">\n\t\t\t<div class=\"elementor-spacer-inner\"><\/div>\n\t\t<\/div>\n\t\t\t\t\t\t<\/div>\n\t\t\t\t<\/div>\n\t\t\t\t\t<\/div>\n\t\t<\/div>\n\t\t\t\t\t<\/div>\n\t\t<\/section>\n\t\t\t\t<section class=\"elementor-section elementor-top-section elementor-element elementor-element-4c352bf elementor-section-boxed elementor-section-height-default elementor-section-height-default wpr-particle-no wpr-sticky-section-no\" data-id=\"4c352bf\" data-element_type=\"section\">\n\t\t\t\t\t\t<div class=\"elementor-container elementor-column-gap-default\">\n\t\t\t\t\t<div class=\"elementor-column elementor-col-33 elementor-top-column elementor-element elementor-element-5caad80\" data-id=\"5caad80\" data-element_type=\"column\">\n\t\t\t<div class=\"elementor-widget-wrap elementor-element-populated\">\n\t\t\t\t\t\t<div class=\"elementor-element elementor-element-99e1b0f elementor-widget elementor-widget-image\" data-id=\"99e1b0f\" data-element_type=\"widget\" data-widget_type=\"image.default\">\n\t\t\t\t<div class=\"elementor-widget-container\">\n\t\t\t\t\t\t\t\t\t\t\t\t\t\t\t<img decoding=\"async\" width=\"64\" height=\"64\" src=\"https:\/\/abra.org.pt\/wp-content\/uploads\/2023\/09\/pet-care.png\" class=\"attachment-large size-large wp-image-817\" alt=\"\" \/>\t\t\t\t\t\t\t\t\t\t\t\t\t\t\t<\/div>\n\t\t\t\t<\/div>\n\t\t\t\t<div class=\"elementor-element elementor-element-0046588 elementor-widget elementor-widget-heading\" data-id=\"0046588\" data-element_type=\"widget\" data-widget_type=\"heading.default\">\n\t\t\t\t<div class=\"elementor-widget-container\">\n\t\t\t\t\t<h2 class=\"elementor-heading-title elementor-size-default\">Socializa\u00e7\u00e3o dos animais<\/h2>\t\t\t\t<\/div>\n\t\t\t\t<\/div>\n\t\t\t\t<div class=\"elementor-element elementor-element-69294d2 elementor-widget__width-initial elementor-widget elementor-widget-text-editor\" data-id=\"69294d2\" data-element_type=\"widget\" data-widget_type=\"text-editor.default\">\n\t\t\t\t<div class=\"elementor-widget-container\">\n\t\t\t\t\t\t\t\t\t<p dir=\"ltr\">Os volunt\u00e1rios da associa\u00e7\u00e3o deslocam-se todas as semanas ao CRO, com o objetivo de passear e socializar com os animais.\u00a0<\/p>\t\t\t\t\t\t\t\t<\/div>\n\t\t\t\t<\/div>\n\t\t\t\t\t<\/div>\n\t\t<\/div>\n\t\t\t\t<div class=\"elementor-column elementor-col-33 elementor-top-column elementor-element elementor-element-cbae723\" data-id=\"cbae723\" data-element_type=\"column\">\n\t\t\t<div class=\"elementor-widget-wrap elementor-element-populated\">\n\t\t\t\t\t\t<div class=\"elementor-element elementor-element-4be2550 elementor-widget elementor-widget-image\" data-id=\"4be2550\" data-element_type=\"widget\" data-widget_type=\"image.default\">\n\t\t\t\t<div class=\"elementor-widget-container\">\n\t\t\t\t\t\t\t\t\t\t\t\t\t\t\t<img decoding=\"async\" width=\"64\" height=\"64\" src=\"https:\/\/abra.org.pt\/wp-content\/uploads\/2023\/09\/veterinarian-2.png\" class=\"attachment-medium size-medium wp-image-815\" alt=\"\" \/>\t\t\t\t\t\t\t\t\t\t\t\t\t\t\t<\/div>\n\t\t\t\t<\/div>\n\t\t\t\t<div class=\"elementor-element elementor-element-e777835 elementor-widget elementor-widget-heading\" data-id=\"e777835\" data-element_type=\"widget\" data-widget_type=\"heading.default\">\n\t\t\t\t<div class=\"elementor-widget-container\">\n\t\t\t\t\t<h2 class=\"elementor-heading-title elementor-size-default\">Tratamentos veterin\u00e1rios<\/h2>\t\t\t\t<\/div>\n\t\t\t\t<\/div>\n\t\t\t\t<div class=\"elementor-element elementor-element-210caee elementor-widget__width-initial elementor-widget elementor-widget-text-editor\" data-id=\"210caee\" data-element_type=\"widget\" data-widget_type=\"text-editor.default\">\n\t\t\t\t<div class=\"elementor-widget-container\">\n\t\t\t\t\t\t\t\t\t<p><span style=\"font-weight: 400;\">Aqueles que t\u00eam doen\u00e7as trat\u00e1veis s\u00e3o levados \u00e0s cl\u00ednicas veterin\u00e1rias e s\u00e3o acompanhados no seu tratamento.<\/span><\/p>\t\t\t\t\t\t\t\t<\/div>\n\t\t\t\t<\/div>\n\t\t\t\t\t<\/div>\n\t\t<\/div>\n\t\t\t\t<div class=\"elementor-column elementor-col-33 elementor-top-column elementor-element elementor-element-27279de\" data-id=\"27279de\" data-element_type=\"column\">\n\t\t\t<div class=\"elementor-widget-wrap elementor-element-populated\">\n\t\t\t\t\t\t<div class=\"elementor-element elementor-element-9f16abe elementor-widget elementor-widget-image\" data-id=\"9f16abe\" data-element_type=\"widget\" data-widget_type=\"image.default\">\n\t\t\t\t<div class=\"elementor-widget-container\">\n\t\t\t\t\t\t\t\t\t\t\t\t\t\t\t<img decoding=\"async\" width=\"64\" height=\"64\" src=\"https:\/\/abra.org.pt\/wp-content\/uploads\/2023\/09\/public-relation.png\" class=\"attachment-large size-large wp-image-816\" alt=\"\" \/>\t\t\t\t\t\t\t\t\t\t\t\t\t\t\t<\/div>\n\t\t\t\t<\/div>\n\t\t\t\t<div class=\"elementor-element elementor-element-117e6c8 elementor-widget elementor-widget-heading\" data-id=\"117e6c8\" data-element_type=\"widget\" data-widget_type=\"heading.default\">\n\t\t\t\t<div class=\"elementor-widget-container\">\n\t\t\t\t\t<h2 class=\"elementor-heading-title elementor-size-default\">Divulga\u00e7\u00e3o<\/h2>\t\t\t\t<\/div>\n\t\t\t\t<\/div>\n\t\t\t\t<div class=\"elementor-element elementor-element-ac46d81 elementor-widget elementor-widget-text-editor\" data-id=\"ac46d81\" data-element_type=\"widget\" data-widget_type=\"text-editor.default\">\n\t\t\t\t<div class=\"elementor-widget-container\">\n\t\t\t\t\t\t\t\t\t<p><span style=\"font-weight: 400;\">Os volunt\u00e1rios dinamizam campanhas mensais de ado\u00e7\u00e3o no centro da cidade de Braga e participam em eventos de sensibiliza\u00e7\u00e3o para a causa animal.<\/span><\/p>\t\t\t\t\t\t\t\t<\/div>\n\t\t\t\t<\/div>\n\t\t\t\t\t<\/div>\n\t\t<\/div>\n\t\t\t\t\t<\/div>\n\t\t<\/section>\n\t\t\t\t<section class=\"elementor-section elementor-top-section elementor-element elementor-element-dfc430b elementor-section-boxed elementor-section-height-default elementor-section-height-default wpr-particle-no wpr-sticky-section-no\" data-id=\"dfc430b\" data-element_type=\"section\">\n\t\t\t\t\t\t<div class=\"elementor-container elementor-column-gap-default\">\n\t\t\t\t\t<div class=\"elementor-column elementor-col-100 elementor-top-column elementor-element elementor-element-d047df1\" data-id=\"d047df1\" data-element_type=\"column\">\n\t\t\t<div class=\"elementor-widget-wrap elementor-element-populated\">\n\t\t\t\t\t\t<div class=\"elementor-element elementor-element-1a6062d elementor-widget elementor-widget-spacer\" data-id=\"1a6062d\" data-element_type=\"widget\" data-widget_type=\"spacer.default\">\n\t\t\t\t<div class=\"elementor-widget-container\">\n\t\t\t\t\t\t\t<div class=\"elementor-spacer\">\n\t\t\t<div class=\"elementor-spacer-inner\"><\/div>\n\t\t<\/div>\n\t\t\t\t\t\t<\/div>\n\t\t\t\t<\/div>\n\t\t\t\t\t<\/div>\n\t\t<\/div>\n\t\t\t\t\t<\/div>\n\t\t<\/section>\n\t\t\t\t<section class=\"elementor-section elementor-top-section elementor-element elementor-element-a3668a6 elementor-section-full_width elementor-section-height-min-height elementor-section-height-default elementor-section-items-middle wpr-particle-no wpr-sticky-section-no\" data-id=\"a3668a6\" data-element_type=\"section\" data-settings=\"{&quot;background_background&quot;:&quot;classic&quot;}\">\n\t\t\t\t\t\t<div class=\"elementor-container elementor-column-gap-default\">\n\t\t\t\t\t<div class=\"elementor-column elementor-col-100 elementor-top-column elementor-element elementor-element-a1b12b7\" data-id=\"a1b12b7\" data-element_type=\"column\">\n\t\t\t<div class=\"elementor-widget-wrap\">\n\t\t\t\t\t\t\t<\/div>\n\t\t<\/div>\n\t\t\t\t\t<\/div>\n\t\t<\/section>\n\t\t\t\t<section class=\"elementor-section elementor-top-section elementor-element elementor-element-6537cdb elementor-section-boxed elementor-section-height-default elementor-section-height-default wpr-particle-no wpr-sticky-section-no\" data-id=\"6537cdb\" data-element_type=\"section\">\n\t\t\t\t\t\t<div class=\"elementor-container elementor-column-gap-default\">\n\t\t\t\t\t<div class=\"elementor-column elementor-col-100 elementor-top-column elementor-element elementor-element-c3fa3ae\" data-id=\"c3fa3ae\" data-element_type=\"column\">\n\t\t\t<div class=\"elementor-widget-wrap elementor-element-populated\">\n\t\t\t\t\t\t<div class=\"elementor-element elementor-element-179fba4 elementor-widget elementor-widget-spacer\" data-id=\"179fba4\" data-element_type=\"widget\" data-widget_type=\"spacer.default\">\n\t\t\t\t<div class=\"elementor-widget-container\">\n\t\t\t\t\t\t\t<div class=\"elementor-spacer\">\n\t\t\t<div class=\"elementor-spacer-inner\"><\/div>\n\t\t<\/div>\n\t\t\t\t\t\t<\/div>\n\t\t\t\t<\/div>\n\t\t\t\t<div class=\"elementor-element elementor-element-f3835b9 elementor-widget elementor-widget-heading\" data-id=\"f3835b9\" data-element_type=\"widget\" data-widget_type=\"heading.default\">\n\t\t\t\t<div class=\"elementor-widget-container\">\n\t\t\t\t\t<h2 class=\"elementor-heading-title elementor-size-default\">Conhe\u00e7a o seu pr\u00f3ximo melhor amigo<\/h2>\t\t\t\t<\/div>\n\t\t\t\t<\/div>\n\t\t\t\t<div class=\"elementor-element elementor-element-1e9511c elementor-widget__width-initial elementor-widget elementor-widget-text-editor\" data-id=\"1e9511c\" data-element_type=\"widget\" data-widget_type=\"text-editor.default\">\n\t\t\t\t<div class=\"elementor-widget-container\">\n\t\t\t\t\t\t\t\t\t<p><span style=\"font-weight: 400;\">Os c\u00e3es e gatos que d\u00e3o entrada no CRO precisam de uma fam\u00edlia e n\u00f3s queremos ajud\u00e1-los a encontr\u00e1-la.<\/span><span style=\"font-weight: 400;\"> Adote e mude uma vida para melhor!<\/span><\/p>\t\t\t\t\t\t\t\t<\/div>\n\t\t\t\t<\/div>\n\t\t\t\t\t<\/div>\n\t\t<\/div>\n\t\t\t\t\t<\/div>\n\t\t<\/section>\n\t\t\t\t<section class=\"elementor-section elementor-top-section elementor-element elementor-element-9e0b389 elementor-section-boxed elementor-section-height-default elementor-section-height-default wpr-particle-no wpr-sticky-section-no\" data-id=\"9e0b389\" data-element_type=\"section\">\n\t\t\t\t\t\t<div class=\"elementor-container elementor-column-gap-default\">\n\t\t\t\t\t<div class=\"elementor-column elementor-col-100 elementor-top-column elementor-element elementor-element-ed9cdab\" data-id=\"ed9cdab\" data-element_type=\"column\">\n\t\t\t<div class=\"elementor-widget-wrap elementor-element-populated\">\n\t\t\t\t\t\t<div class=\"elementor-element elementor-element-a877d81 animated-fast elementor-align-center elementor-widget elementor-widget-button\" data-id=\"a877d81\" data-element_type=\"widget\" data-settings=\"{&quot;_animation&quot;:&quot;none&quot;,&quot;_animation_delay&quot;:200}\" data-widget_type=\"button.default\">\n\t\t\t\t<div class=\"elementor-widget-container\">\n\t\t\t\t\t\t\t\t\t<div class=\"elementor-button-wrapper\">\n\t\t\t\t\t<a class=\"elementor-button elementor-button-link elementor-size-lg\" href=\"https:\/\/abra.org.pt\/index.php\/animais\/\">\n\t\t\t\t\t\t<span class=\"elementor-button-content-wrapper\">\n\t\t\t\t\t\t<span class=\"elementor-button-icon\">\n\t\t\t\t<svg xmlns=\"http:\/\/www.w3.org\/2000\/svg\" width=\"22\" height=\"18\" fill=\"none\"><path d=\"M8.424 5.66a1.979 1.979 0 01-.303.025c-.434 0-.882-.166-1.28-.51-.472-.41-.809-1.014-.934-1.715h0c-.125-.697-.019-1.383.282-1.93.313-.564.783-.906 1.315-1.004C8.56.34 9.75 1.222 10.02 2.722c.126.702.019 1.383-.282 1.93v.002c-.309.564-.78.907-1.313 1.005zm4.051-2.938c.126-.697.462-1.3.934-1.711.49-.421 1.05-.578 1.582-.485.532.098 1.002.44 1.315 1.004.297.542.405 1.22.285 1.911l-.004.019c-.243 1.356-1.255 2.224-2.221 2.224h0a1.99 1.99 0 01-.303-.026c-1.048-.194-1.857-1.438-1.588-2.936h0zm2.646 8.228l.03.01c1.414.4 2.413 1.688 2.413 3.035 0 1.756-1.369 3.153-3.014 3.153a3.213 3.213 0 01-1.698-.502 2.966 2.966 0 00-3.204 0 3.237 3.237 0 01-1.703.502c-1.645 0-3.014-1.397-3.014-3.153 0-1.352 1.013-2.652 2.445-3.044h.004c.508-.144.906-.52 1.095-1.024.455-1.212 1.546-1.98 2.775-1.98 1.225 0 2.316.764 2.77 1.98l.001.002c.188.496.585.878 1.1 1.022zm5.095-5.386l.001.001c.444.31.728.815.775 1.463.044.62-.146 1.287-.554 1.871l-.002.002c-.402.581-.962.987-1.565 1.162h0a2.21 2.21 0 01-.615.09c-.379 0-.729-.107-1.02-.311-.878-.616-1.095-2.083-.222-3.335v-.001c.403-.58.966-.987 1.566-1.162.623-.18 1.197-.088 1.636.22zm-18.983.793v-.001c.353-.41.885-.642 1.534-.625.621.018 1.266.274 1.806.739h.002c.538.46.886 1.057 1 1.674h0c.04.217.048.426.028.621-.038.377-.18.715-.412.985-.7.811-2.181.88-3.34-.113h0c-.538-.46-.886-1.06-1-1.674-.118-.638.031-1.2.382-1.606z\" stroke=\"#fff\"><\/path><\/svg>\t\t\t<\/span>\n\t\t\t\t\t\t\t\t\t<span class=\"elementor-button-text\">Ver animais<\/span>\n\t\t\t\t\t<\/span>\n\t\t\t\t\t<\/a>\n\t\t\t\t<\/div>\n\t\t\t\t\t\t\t\t<\/div>\n\t\t\t\t<\/div>\n\t\t\t\t\t<\/div>\n\t\t<\/div>\n\t\t\t\t\t<\/div>\n\t\t<\/section>\n\t\t\t\t<\/div>\n\t\t","protected":false},"excerpt":{"rendered":"<p>Quem somos Em mar\u00e7o de 2005, em Braga, surgia a ABRA, uma associa\u00e7\u00e3o formalmente constitu\u00edda para dar voz e visibilidade aos animais que tinham a infelicidade de entrar no Canil Municipal de Braga que, na \u00e9poca, era de abate.\u00a0 Os fundadores da associa\u00e7\u00e3o tinham como preocupa\u00e7\u00e3o os animais do canil\/gatil municipal de Braga e desejavam providenciar-lhes uma vida mais digna. Algumas d\u00e9cadas depois, o objetivo primordial permanece o mesmo: colaborar, em regime de voluntariado, com o CRO de Braga, com o intuito de dignificar as condi\u00e7\u00f5es dos animais que a\u00ed se encontram.\u00a0 Diferentes animais reagem de forma distinta \u00e0 entrada no CRO; uns perdem pelo, outros ficam extremamente assustados, h\u00e1 aqueles que se automutilam, h\u00e1 outros que perdem a vontade de comer e ficam ap\u00e1ticos&#8230;\u00a0 A principal preocupa\u00e7\u00e3o dos nossos volunt\u00e1rios \u00e9 proporcionar aos animais que est\u00e3o no CRO aquela aten\u00e7\u00e3o e carinho que muitos nunca tiveram. Com isto tornamos poss\u00edvel que eles voltem a sentir alegria e confian\u00e7a naqueles seres que reconhecem como semelhantes aos seus antigos donos. Socializa\u00e7\u00e3o dos animais Os volunt\u00e1rios da associa\u00e7\u00e3o deslocam-se todas as semanas ao CRO, com o objetivo de passear e socializar com os animais.\u00a0 Tratamentos veterin\u00e1rios Aqueles que t\u00eam doen\u00e7as trat\u00e1veis s\u00e3o levados \u00e0s cl\u00ednicas veterin\u00e1rias e s\u00e3o acompanhados no seu tratamento. Divulga\u00e7\u00e3o Os volunt\u00e1rios dinamizam campanhas mensais de ado\u00e7\u00e3o no centro da cidade de Braga e participam em eventos de sensibiliza\u00e7\u00e3o para a causa animal. Conhe\u00e7a o seu pr\u00f3ximo melhor amigo Os c\u00e3es e gatos que d\u00e3o entrada no CRO precisam de uma fam\u00edlia e n\u00f3s queremos ajud\u00e1-los a encontr\u00e1-la. Adote e mude uma vida para melhor! Ver animais<\/p>\n","protected":false},"author":1,"featured_media":0,"parent":0,"menu_order":0,"comment_status":"closed","ping_status":"closed","template":"","meta":{"footnotes":""},"class_list":["post-9","page","type-page","status-publish","hentry"],"_links":{"self":[{"href":"https:\/\/abra.org.pt\/index.php\/wp-json\/wp\/v2\/pages\/9","targetHints":{"allow":["GET"]}}],"collection":[{"href":"https:\/\/abra.org.pt\/index.php\/wp-json\/wp\/v2\/pages"}],"about":[{"href":"https:\/\/abra.org.pt\/index.php\/wp-json\/wp\/v2\/types\/page"}],"author":[{"embeddable":true,"href":"https:\/\/abra.org.pt\/index.php\/wp-json\/wp\/v2\/users\/1"}],"replies":[{"embeddable":true,"href":"https:\/\/abra.org.pt\/index.php\/wp-json\/wp\/v2\/comments?post=9"}],"version-history":[{"count":31,"href":"https:\/\/abra.org.pt\/index.php\/wp-json\/wp\/v2\/pages\/9\/revisions"}],"predecessor-version":[{"id":5109,"href":"https:\/\/abra.org.pt\/index.php\/wp-json\/wp\/v2\/pages\/9\/revisions\/5109"}],"wp:attachment":[{"href":"https:\/\/abra.org.pt\/index.php\/wp-json\/wp\/v2\/media?parent=9"}],"curies":[{"name":"wp","href":"https:\/\/api.w.org\/{rel}","templated":true}]}}