{"id":23,"date":"2023-07-29T16:00:51","date_gmt":"2023-07-29T16:00:51","guid":{"rendered":"https:\/\/blissful-lederberg.94-46-22-133.plesk.page\/?page_id=23"},"modified":"2024-09-15T20:07:29","modified_gmt":"2024-09-15T20:07:29","slug":"donativos-monetarios","status":"publish","type":"page","link":"https:\/\/abra.org.pt\/index.php\/donativos-monetarios\/","title":{"rendered":"Donativos"},"content":{"rendered":"\t\t<div data-elementor-type=\"wp-page\" data-elementor-id=\"23\" class=\"elementor elementor-23\">\n\t\t\t\t\t\t<section class=\"elementor-section elementor-top-section elementor-element elementor-element-2fc5aa6 elementor-section-boxed elementor-section-height-default elementor-section-height-default wpr-particle-no wpr-sticky-section-no\" data-id=\"2fc5aa6\" data-element_type=\"section\">\n\t\t\t\t\t\t<div class=\"elementor-container elementor-column-gap-default\">\n\t\t\t\t\t<div class=\"elementor-column elementor-col-100 elementor-top-column elementor-element elementor-element-5639e00\" data-id=\"5639e00\" data-element_type=\"column\">\n\t\t\t<div class=\"elementor-widget-wrap elementor-element-populated\">\n\t\t\t\t\t\t<div class=\"elementor-element elementor-element-ea5481c elementor-widget elementor-widget-spacer\" data-id=\"ea5481c\" data-element_type=\"widget\" data-widget_type=\"spacer.default\">\n\t\t\t\t<div class=\"elementor-widget-container\">\n\t\t\t\t\t\t\t<div class=\"elementor-spacer\">\n\t\t\t<div class=\"elementor-spacer-inner\"><\/div>\n\t\t<\/div>\n\t\t\t\t\t\t<\/div>\n\t\t\t\t<\/div>\n\t\t\t\t<div class=\"elementor-element elementor-element-152baea elementor-widget elementor-widget-heading\" data-id=\"152baea\" data-element_type=\"widget\" data-widget_type=\"heading.default\">\n\t\t\t\t<div class=\"elementor-widget-container\">\n\t\t\t\t\t<h2 class=\"elementor-heading-title elementor-size-default\">Ajude-nos a ajudar!<\/h2>\t\t\t\t<\/div>\n\t\t\t\t<\/div>\n\t\t\t\t\t<\/div>\n\t\t<\/div>\n\t\t\t\t\t<\/div>\n\t\t<\/section>\n\t\t\t\t<section class=\"elementor-section elementor-top-section elementor-element elementor-element-8b392f2 elementor-section-boxed elementor-section-height-default elementor-section-height-default wpr-particle-no wpr-sticky-section-no\" data-id=\"8b392f2\" data-element_type=\"section\">\n\t\t\t\t\t\t<div class=\"elementor-container elementor-column-gap-default\">\n\t\t\t\t\t<div class=\"elementor-column elementor-col-100 elementor-top-column elementor-element elementor-element-6cb2eeb\" data-id=\"6cb2eeb\" data-element_type=\"column\">\n\t\t\t<div class=\"elementor-widget-wrap elementor-element-populated\">\n\t\t\t\t\t\t<div class=\"elementor-element elementor-element-e46e054 elementor-widget elementor-widget-spacer\" data-id=\"e46e054\" data-element_type=\"widget\" data-widget_type=\"spacer.default\">\n\t\t\t\t<div class=\"elementor-widget-container\">\n\t\t\t\t\t\t\t<div class=\"elementor-spacer\">\n\t\t\t<div class=\"elementor-spacer-inner\"><\/div>\n\t\t<\/div>\n\t\t\t\t\t\t<\/div>\n\t\t\t\t<\/div>\n\t\t\t\t\t<\/div>\n\t\t<\/div>\n\t\t\t\t\t<\/div>\n\t\t<\/section>\n\t\t\t\t<section class=\"elementor-section elementor-top-section elementor-element elementor-element-b6180d4 elementor-section-boxed elementor-section-height-default elementor-section-height-default wpr-particle-no wpr-sticky-section-no\" data-id=\"b6180d4\" data-element_type=\"section\">\n\t\t\t\t\t\t<div class=\"elementor-container elementor-column-gap-default\">\n\t\t\t\t\t<div class=\"elementor-column elementor-col-50 elementor-top-column elementor-element elementor-element-169e276\" data-id=\"169e276\" data-element_type=\"column\">\n\t\t\t<div class=\"elementor-widget-wrap elementor-element-populated\">\n\t\t\t\t\t\t<div class=\"elementor-element elementor-element-f3433c5 elementor-widget elementor-widget-image\" data-id=\"f3433c5\" data-element_type=\"widget\" data-widget_type=\"image.default\">\n\t\t\t\t<div class=\"elementor-widget-container\">\n\t\t\t\t\t\t\t\t\t\t\t\t\t\t\t<img decoding=\"async\" src=\"https:\/\/abra.org.pt\/wp-content\/uploads\/elementor\/thumbs\/imresizer-1700528394629-scaled-qfnx6js66kw36ai2vg32p23d75hjjvne8n59t8oxdk.jpg\" title=\"imresizer-1700528394629\" alt=\"imresizer-1700528394629\" loading=\"lazy\" \/>\t\t\t\t\t\t\t\t\t\t\t\t\t\t\t<\/div>\n\t\t\t\t<\/div>\n\t\t\t\t\t<\/div>\n\t\t<\/div>\n\t\t\t\t<div class=\"elementor-column elementor-col-50 elementor-top-column elementor-element elementor-element-88fd26e\" data-id=\"88fd26e\" data-element_type=\"column\">\n\t\t\t<div class=\"elementor-widget-wrap elementor-element-populated\">\n\t\t\t\t\t\t<div class=\"elementor-element elementor-element-0712606 elementor-widget elementor-widget-text-editor\" data-id=\"0712606\" data-element_type=\"widget\" data-widget_type=\"text-editor.default\">\n\t\t\t\t<div class=\"elementor-widget-container\">\n\t\t\t\t\t\t\t\t\t<p><span style=\"font-weight: 400;\">Com o Centro de Recolha Oficial lotado e as taxas de abandono de animais de estima\u00e7\u00e3o a aumentar, os pr\u00f3ximos meses adivinham-se desafiantes. Por isso, fica o convite para tornar-se Mecenas da ABRA e a ajudar-nos a garantir que todos os animais t\u00eam o que todos os animais merecem: algu\u00e9m que se preocupa com eles. Para al\u00e9m de empresas, podem ser mecenas da ABRA as pessoas particulares e os grupos informais de pessoas.<\/span><\/p><p><span style=\"font-weight: 400;\">Preencha o formul\u00e1rio e aguarde pelo contacto de um dos nossos volunt\u00e1rios!<\/span><\/p>\t\t\t\t\t\t\t\t<\/div>\n\t\t\t\t<\/div>\n\t\t\t\t<div class=\"elementor-element elementor-element-3d8dd57 animated-fast elementor-align-center elementor-widget elementor-widget-button\" data-id=\"3d8dd57\" data-element_type=\"widget\" data-settings=\"{&quot;_animation&quot;:&quot;none&quot;,&quot;_animation_delay&quot;:200}\" data-widget_type=\"button.default\">\n\t\t\t\t<div class=\"elementor-widget-container\">\n\t\t\t\t\t\t\t\t\t<div class=\"elementor-button-wrapper\">\n\t\t\t\t\t<a class=\"elementor-button elementor-button-link elementor-size-lg\" href=\"#ajudar\">\n\t\t\t\t\t\t<span class=\"elementor-button-content-wrapper\">\n\t\t\t\t\t\t<span class=\"elementor-button-icon\">\n\t\t\t\t<svg xmlns=\"http:\/\/www.w3.org\/2000\/svg\" width=\"22\" height=\"18\" fill=\"none\"><path d=\"M8.424 5.66a1.979 1.979 0 01-.303.025c-.434 0-.882-.166-1.28-.51-.472-.41-.809-1.014-.934-1.715h0c-.125-.697-.019-1.383.282-1.93.313-.564.783-.906 1.315-1.004C8.56.34 9.75 1.222 10.02 2.722c.126.702.019 1.383-.282 1.93v.002c-.309.564-.78.907-1.313 1.005zm4.051-2.938c.126-.697.462-1.3.934-1.711.49-.421 1.05-.578 1.582-.485.532.098 1.002.44 1.315 1.004.297.542.405 1.22.285 1.911l-.004.019c-.243 1.356-1.255 2.224-2.221 2.224h0a1.99 1.99 0 01-.303-.026c-1.048-.194-1.857-1.438-1.588-2.936h0zm2.646 8.228l.03.01c1.414.4 2.413 1.688 2.413 3.035 0 1.756-1.369 3.153-3.014 3.153a3.213 3.213 0 01-1.698-.502 2.966 2.966 0 00-3.204 0 3.237 3.237 0 01-1.703.502c-1.645 0-3.014-1.397-3.014-3.153 0-1.352 1.013-2.652 2.445-3.044h.004c.508-.144.906-.52 1.095-1.024.455-1.212 1.546-1.98 2.775-1.98 1.225 0 2.316.764 2.77 1.98l.001.002c.188.496.585.878 1.1 1.022zm5.095-5.386l.001.001c.444.31.728.815.775 1.463.044.62-.146 1.287-.554 1.871l-.002.002c-.402.581-.962.987-1.565 1.162h0a2.21 2.21 0 01-.615.09c-.379 0-.729-.107-1.02-.311-.878-.616-1.095-2.083-.222-3.335v-.001c.403-.58.966-.987 1.566-1.162.623-.18 1.197-.088 1.636.22zm-18.983.793v-.001c.353-.41.885-.642 1.534-.625.621.018 1.266.274 1.806.739h.002c.538.46.886 1.057 1 1.674h0c.04.217.048.426.028.621-.038.377-.18.715-.412.985-.7.811-2.181.88-3.34-.113h0c-.538-.46-.886-1.06-1-1.674-.118-.638.031-1.2.382-1.606z\" stroke=\"#fff\"><\/path><\/svg>\t\t\t<\/span>\n\t\t\t\t\t\t\t\t\t<span class=\"elementor-button-text\">Entrar em contacto<\/span>\n\t\t\t\t\t<\/span>\n\t\t\t\t\t<\/a>\n\t\t\t\t<\/div>\n\t\t\t\t\t\t\t\t<\/div>\n\t\t\t\t<\/div>\n\t\t\t\t\t<\/div>\n\t\t<\/div>\n\t\t\t\t\t<\/div>\n\t\t<\/section>\n\t\t\t\t<section class=\"elementor-section elementor-top-section elementor-element elementor-element-f77e42a elementor-section-boxed elementor-section-height-default elementor-section-height-default wpr-particle-no wpr-sticky-section-no\" data-id=\"f77e42a\" data-element_type=\"section\">\n\t\t\t\t\t\t<div class=\"elementor-container elementor-column-gap-default\">\n\t\t\t\t\t<div class=\"elementor-column elementor-col-100 elementor-top-column elementor-element elementor-element-814bd7b\" data-id=\"814bd7b\" data-element_type=\"column\">\n\t\t\t<div class=\"elementor-widget-wrap elementor-element-populated\">\n\t\t\t\t\t\t<div class=\"elementor-element elementor-element-1baa4d4 elementor-widget elementor-widget-spacer\" data-id=\"1baa4d4\" data-element_type=\"widget\" data-widget_type=\"spacer.default\">\n\t\t\t\t<div class=\"elementor-widget-container\">\n\t\t\t\t\t\t\t<div class=\"elementor-spacer\">\n\t\t\t<div class=\"elementor-spacer-inner\"><\/div>\n\t\t<\/div>\n\t\t\t\t\t\t<\/div>\n\t\t\t\t<\/div>\n\t\t\t\t<div class=\"elementor-element elementor-element-dc3866b elementor-widget elementor-widget-heading\" data-id=\"dc3866b\" data-element_type=\"widget\" data-widget_type=\"heading.default\">\n\t\t\t\t<div class=\"elementor-widget-container\">\n\t\t\t\t\t<h2 class=\"elementor-heading-title elementor-size-default\">Como pode contribuir? <\/h2>\t\t\t\t<\/div>\n\t\t\t\t<\/div>\n\t\t\t\t<div class=\"elementor-element elementor-element-94fad85 elementor-widget elementor-widget-text-editor\" data-id=\"94fad85\" data-element_type=\"widget\" data-widget_type=\"text-editor.default\">\n\t\t\t\t<div class=\"elementor-widget-container\">\n\t\t\t\t\t\t\t\t\t<p><span style=\"font-weight: 400;\">Al\u00e9m de doa\u00e7\u00f5es monet\u00e1rias, os donativos em g\u00e9nero s\u00e3o de imenso valor para n\u00f3s. Aqui est\u00e1 a lista de itens que mais necessitamos:<\/span><\/p>\t\t\t\t\t\t\t\t<\/div>\n\t\t\t\t<\/div>\n\t\t\t\t\t<\/div>\n\t\t<\/div>\n\t\t\t\t\t<\/div>\n\t\t<\/section>\n\t\t\t\t<section class=\"elementor-section elementor-top-section elementor-element elementor-element-6c4e7e9 elementor-section-boxed elementor-section-height-default elementor-section-height-default wpr-particle-no wpr-sticky-section-no\" data-id=\"6c4e7e9\" data-element_type=\"section\">\n\t\t\t\t\t\t<div class=\"elementor-container elementor-column-gap-default\">\n\t\t\t\t\t<div class=\"elementor-column elementor-col-50 elementor-top-column elementor-element elementor-element-3ba14cd\" data-id=\"3ba14cd\" data-element_type=\"column\">\n\t\t\t<div class=\"elementor-widget-wrap elementor-element-populated\">\n\t\t\t\t\t\t<div class=\"elementor-element elementor-element-bb18d80 elementor-widget elementor-widget-text-editor\" data-id=\"bb18d80\" data-element_type=\"widget\" data-widget_type=\"text-editor.default\">\n\t\t\t\t<div class=\"elementor-widget-container\">\n\t\t\t\t\t\t\t\t\t<ul><li style=\"font-weight: 400;\" aria-level=\"1\"><span style=\"font-weight: 400;\">Ra\u00e7\u00e3o;<\/span><\/li><li style=\"font-weight: 400;\" aria-level=\"1\"><span style=\"font-weight: 400;\">Comida h\u00famida;<\/span><\/li><li style=\"font-weight: 400;\" aria-level=\"1\"><span style=\"font-weight: 400;\">Transportadoras;<\/span><\/li><li style=\"font-weight: 400;\" aria-level=\"1\"><span style=\"font-weight: 400;\">Toalhas;<\/span><\/li><li style=\"font-weight: 400;\" aria-level=\"1\"><span style=\"font-weight: 400;\">Cobertores;<\/span><\/li><li style=\"font-weight: 400;\" aria-level=\"1\"><span style=\"font-weight: 400;\">Resguardos;<\/span><\/li><li style=\"font-weight: 400;\" aria-level=\"1\"><span style=\"font-weight: 400;\">Leite em p\u00f3 para gatinhos;<\/span><\/li><li style=\"font-weight: 400;\" aria-level=\"1\"><span style=\"font-weight: 400;\">Comida Gastrointestinal para gatinhos;<\/span><\/li><li style=\"font-weight: 400;\" aria-level=\"1\"><span style=\"font-weight: 400;\">Medica\u00e7\u00e3o cr\u00f3nica para tratamento de animais seniores:<\/span><ul><li style=\"font-weight: 400;\" aria-level=\"2\"><span style=\"font-weight: 400;\">Condoprotetores como omnicondro ou outros;<\/span><\/li><li style=\"font-weight: 400;\" aria-level=\"2\"><span style=\"font-weight: 400;\">Cardisure 5 mg ou 2,5 mg;<\/span><\/li><li style=\"font-weight: 400;\" aria-level=\"2\"><span style=\"font-weight: 400;\">Nutricardiol;<\/span><\/li><li style=\"font-weight: 400;\" aria-level=\"2\"><span style=\"font-weight: 400;\">Upcard 3 mg.<\/span><\/li><\/ul><\/li><\/ul><p>\u00a0<\/p><p>\u00a0<\/p><p><span style=\"font-weight: 400;\">A sua ajuda pode fazer toda a diferen\u00e7a na vida desses animais. Junte-se a n\u00f3s!<\/span><\/p>\t\t\t\t\t\t\t\t<\/div>\n\t\t\t\t<\/div>\n\t\t\t\t\t<\/div>\n\t\t<\/div>\n\t\t\t\t<div class=\"elementor-column elementor-col-50 elementor-top-column elementor-element elementor-element-d0b3ab7\" data-id=\"d0b3ab7\" data-element_type=\"column\">\n\t\t\t<div class=\"elementor-widget-wrap elementor-element-populated\">\n\t\t\t\t\t\t<div class=\"elementor-element elementor-element-fea7ec7 elementor-widget elementor-widget-image\" data-id=\"fea7ec7\" data-element_type=\"widget\" data-widget_type=\"image.default\">\n\t\t\t\t<div class=\"elementor-widget-container\">\n\t\t\t\t\t\t\t\t\t\t\t\t\t\t\t<img fetchpriority=\"high\" decoding=\"async\" width=\"470\" height=\"475\" src=\"https:\/\/abra.org.pt\/wp-content\/uploads\/2023\/12\/Captura-de-ecra-2023-12-18-163715.png\" class=\"attachment-large size-large wp-image-1909\" alt=\"\" srcset=\"https:\/\/abra.org.pt\/wp-content\/uploads\/2023\/12\/Captura-de-ecra-2023-12-18-163715.png 470w, https:\/\/abra.org.pt\/wp-content\/uploads\/2023\/12\/Captura-de-ecra-2023-12-18-163715-100x100.png 100w, https:\/\/abra.org.pt\/wp-content\/uploads\/2023\/12\/Captura-de-ecra-2023-12-18-163715-300x303.png 300w, https:\/\/abra.org.pt\/wp-content\/uploads\/2023\/12\/Captura-de-ecra-2023-12-18-163715-297x300.png 297w\" sizes=\"(max-width: 470px) 100vw, 470px\" \/>\t\t\t\t\t\t\t\t\t\t\t\t\t\t\t<\/div>\n\t\t\t\t<\/div>\n\t\t\t\t\t<\/div>\n\t\t<\/div>\n\t\t\t\t\t<\/div>\n\t\t<\/section>\n\t\t\t\t<section class=\"elementor-section elementor-top-section elementor-element elementor-element-88598db elementor-section-boxed elementor-section-height-default elementor-section-height-default wpr-particle-no wpr-sticky-section-no\" data-id=\"88598db\" data-element_type=\"section\">\n\t\t\t\t\t\t<div class=\"elementor-container elementor-column-gap-default\">\n\t\t\t\t\t<div class=\"elementor-column elementor-col-100 elementor-top-column elementor-element elementor-element-9492bc0\" data-id=\"9492bc0\" data-element_type=\"column\">\n\t\t\t<div class=\"elementor-widget-wrap elementor-element-populated\">\n\t\t\t\t\t\t<div class=\"elementor-element elementor-element-fd71359 elementor-widget elementor-widget-menu-anchor\" data-id=\"fd71359\" data-element_type=\"widget\" data-widget_type=\"menu-anchor.default\">\n\t\t\t\t<div class=\"elementor-widget-container\">\n\t\t\t\t\t\t\t<div class=\"elementor-menu-anchor\" id=\"ajudar\"><\/div>\n\t\t\t\t\t\t<\/div>\n\t\t\t\t<\/div>\n\t\t\t\t<div class=\"elementor-element elementor-element-5d0e721 elementor-widget elementor-widget-spacer\" data-id=\"5d0e721\" data-element_type=\"widget\" data-widget_type=\"spacer.default\">\n\t\t\t\t<div class=\"elementor-widget-container\">\n\t\t\t\t\t\t\t<div class=\"elementor-spacer\">\n\t\t\t<div class=\"elementor-spacer-inner\"><\/div>\n\t\t<\/div>\n\t\t\t\t\t\t<\/div>\n\t\t\t\t<\/div>\n\t\t\t\t<div class=\"elementor-element elementor-element-4d7adf0 elementor-widget elementor-widget-heading\" data-id=\"4d7adf0\" data-element_type=\"widget\" data-widget_type=\"heading.default\">\n\t\t\t\t<div class=\"elementor-widget-container\">\n\t\t\t\t\t<h2 class=\"elementor-heading-title elementor-size-default\">Quero fazer um donativo<\/h2>\t\t\t\t<\/div>\n\t\t\t\t<\/div>\n\t\t\t\t<div class=\"elementor-element elementor-element-3b2c83c elementor-widget elementor-widget-wpforms\" data-id=\"3b2c83c\" data-element_type=\"widget\" data-widget_type=\"wpforms.default\">\n\t\t\t\t<div class=\"elementor-widget-container\">\n\t\t\t\t\t<div class=\"wpforms-container wpforms-container-full wpforms-render-modern\" id=\"wpforms-1845\"><form id=\"wpforms-form-1845\" class=\"wpforms-validate wpforms-form wpforms-ajax-form\" data-formid=\"1845\" method=\"post\" enctype=\"multipart\/form-data\" action=\"\/index.php\/wp-json\/wp\/v2\/pages\/23\" data-token=\"6ca6a5af36084068b0934c94871992ac\" data-token-time=\"1776372603\"><noscript class=\"wpforms-error-noscript\">Please enable JavaScript in your browser to complete this form.<\/noscript><div id=\"wpforms-error-noscript\" style=\"display: none;\">Please enable JavaScript in your browser to complete this form.<\/div><div class=\"wpforms-field-container\"><div id=\"wpforms-1845-field_0-container\" class=\"wpforms-field wpforms-field-name\" data-field-id=\"0\"><label class=\"wpforms-field-label\" for=\"wpforms-1845-field_0\">Nome <span class=\"wpforms-required-label\" aria-hidden=\"true\">*<\/span><\/label><input type=\"text\" id=\"wpforms-1845-field_0\" class=\"wpforms-field-medium wpforms-field-required\" name=\"wpforms[fields][0]\" aria-errormessage=\"wpforms-1845-field_0-error\" required><\/div><div id=\"wpforms-1845-field_1-container\" class=\"wpforms-field wpforms-field-email\" data-field-id=\"1\"><label class=\"wpforms-field-label\" for=\"wpforms-1845-field_1\">Email <span class=\"wpforms-required-label\" aria-hidden=\"true\">*<\/span><\/label><input type=\"email\" id=\"wpforms-1845-field_1\" class=\"wpforms-field-medium wpforms-field-required\" name=\"wpforms[fields][1]\" spellcheck=\"false\" aria-errormessage=\"wpforms-1845-field_1-error\" required><\/div><div id=\"wpforms-1845-field_7-container\" class=\"wpforms-field wpforms-field-number\" data-field-id=\"7\"><label class=\"wpforms-field-label\" for=\"wpforms-1845-field_7\">Contacto telef\u00f3nico <span class=\"wpforms-required-label\" aria-hidden=\"true\">*<\/span><\/label><input type=\"number\" id=\"wpforms-1845-field_7\" class=\"wpforms-field-medium wpforms-field-required\" name=\"wpforms[fields][7]\" step=\"any\" aria-errormessage=\"wpforms-1845-field_7-error\" required><\/div><div id=\"wpforms-1845-field_8-container\" class=\"wpforms-field wpforms-field-text\" data-field-id=\"8\"><label class=\"wpforms-field-label\" for=\"wpforms-1845-field_8\"> O que deseja doar?  <span class=\"wpforms-required-label\" aria-hidden=\"true\">*<\/span><\/label><input type=\"text\" id=\"wpforms-1845-field_8\" class=\"wpforms-field-medium wpforms-field-required\" name=\"wpforms[fields][8]\" aria-errormessage=\"wpforms-1845-field_8-error\" required><\/div><div id=\"wpforms-1845-field_9-container\" class=\"wpforms-field wpforms-field-text\" data-field-id=\"9\"><label class=\"wpforms-field-label\" for=\"wpforms-1845-field_9\">Se desejar recibo, por favor indique-nos o seu NIF<\/label><input type=\"text\" id=\"wpforms-1845-field_9\" class=\"wpforms-field-medium\" name=\"wpforms[fields][9]\" aria-errormessage=\"wpforms-1845-field_9-error\" ><\/div><\/div><!-- .wpforms-field-container --><div class=\"wpforms-submit-container\" ><input type=\"hidden\" name=\"wpforms[id]\" value=\"1845\"><input type=\"hidden\" name=\"page_title\" value=\"\"><input type=\"hidden\" name=\"page_url\" value=\"https:\/\/abra.org.pt\/index.php\/wp-json\/wp\/v2\/pages\/23\"><input type=\"hidden\" name=\"url_referer\" value=\"\"><button type=\"submit\" name=\"wpforms[submit]\" id=\"wpforms-submit-1845\" class=\"wpforms-submit\" data-alt-text=\"Enviando...\" data-submit-text=\"Submeter\" aria-live=\"assertive\" value=\"wpforms-submit\">Submeter<\/button><img decoding=\"async\" src=\"https:\/\/abra.org.pt\/wp-content\/plugins\/wpforms-lite\/assets\/images\/submit-spin.svg\" class=\"wpforms-submit-spinner\" style=\"display: none;\" width=\"26\" height=\"26\" alt=\"Loading\"><\/div><\/form><\/div>  <!-- .wpforms-container -->\t\t\t\t<\/div>\n\t\t\t\t<\/div>\n\t\t\t\t<div class=\"elementor-element elementor-element-da9b298 elementor-widget elementor-widget-text-editor\" data-id=\"da9b298\" data-element_type=\"widget\" data-widget_type=\"text-editor.default\">\n\t\t\t\t<div class=\"elementor-widget-container\">\n\t\t\t\t\t\t\t\t\t<p><span style=\"font-weight: 400;\">A ABRA trabalha em regime de voluntariado, deixando o tempo de resposta dependente da disponibilidade dos nossos volunt\u00e1rios. O contacto preferencial \u00e9 feito por e-mail que fica registado na base de dados e ser\u00e1 sempre respondido. Agradecemos a compreens\u00e3o.<\/span><\/p><p><style>\n  a {<br \/>    color: black;<br \/>  }<br \/><\/style><\/p>\t\t\t\t\t\t\t\t<\/div>\n\t\t\t\t<\/div>\n\t\t\t\t\t<\/div>\n\t\t<\/div>\n\t\t\t\t\t<\/div>\n\t\t<\/section>\n\t\t\t\t<\/div>\n\t\t","protected":false},"excerpt":{"rendered":"<p>Ajude-nos a ajudar! Com o Centro de Recolha Oficial lotado e as taxas de abandono de animais de estima\u00e7\u00e3o a aumentar, os pr\u00f3ximos meses adivinham-se desafiantes. Por isso, fica o convite para tornar-se Mecenas da ABRA e a ajudar-nos a garantir que todos os animais t\u00eam o que todos os animais merecem: algu\u00e9m que se preocupa com eles. Para al\u00e9m de empresas, podem ser mecenas da ABRA as pessoas particulares e os grupos informais de pessoas. Preencha o formul\u00e1rio e aguarde pelo contacto de um dos nossos volunt\u00e1rios! Entrar em contacto Como pode contribuir? Al\u00e9m de doa\u00e7\u00f5es monet\u00e1rias, os donativos em g\u00e9nero s\u00e3o de imenso valor para n\u00f3s. Aqui est\u00e1 a lista de itens que mais necessitamos: Ra\u00e7\u00e3o; Comida h\u00famida; Transportadoras; Toalhas; Cobertores; Resguardos; Leite em p\u00f3 para gatinhos; Comida Gastrointestinal para gatinhos; Medica\u00e7\u00e3o cr\u00f3nica para tratamento de animais seniores: Condoprotetores como omnicondro ou outros; Cardisure 5 mg ou 2,5 mg; Nutricardiol; Upcard 3 mg. \u00a0 \u00a0 A sua ajuda pode fazer toda a diferen\u00e7a na vida desses animais. Junte-se a n\u00f3s! Quero fazer um donativo Please enable JavaScript in your browser to complete this form.Please enable JavaScript in your browser to complete this form.Nome *Email *Contacto telef\u00f3nico O que deseja doar? *Se desejar recibo, por favor indique-nos o seu NIF Submeter A ABRA trabalha em regime de voluntariado, deixando o tempo de resposta dependente da disponibilidade dos nossos volunt\u00e1rios. O contacto preferencial \u00e9 feito por e-mail que fica registado na base de dados e ser\u00e1 sempre respondido. Agradecemos a compreens\u00e3o.<\/p>\n","protected":false},"author":1,"featured_media":0,"parent":0,"menu_order":0,"comment_status":"closed","ping_status":"closed","template":"","meta":{"footnotes":""},"class_list":["post-23","page","type-page","status-publish","hentry"],"_links":{"self":[{"href":"https:\/\/abra.org.pt\/index.php\/wp-json\/wp\/v2\/pages\/23","targetHints":{"allow":["GET"]}}],"collection":[{"href":"https:\/\/abra.org.pt\/index.php\/wp-json\/wp\/v2\/pages"}],"about":[{"href":"https:\/\/abra.org.pt\/index.php\/wp-json\/wp\/v2\/types\/page"}],"author":[{"embeddable":true,"href":"https:\/\/abra.org.pt\/index.php\/wp-json\/wp\/v2\/users\/1"}],"replies":[{"embeddable":true,"href":"https:\/\/abra.org.pt\/index.php\/wp-json\/wp\/v2\/comments?post=23"}],"version-history":[{"count":92,"href":"https:\/\/abra.org.pt\/index.php\/wp-json\/wp\/v2\/pages\/23\/revisions"}],"predecessor-version":[{"id":4090,"href":"https:\/\/abra.org.pt\/index.php\/wp-json\/wp\/v2\/pages\/23\/revisions\/4090"}],"wp:attachment":[{"href":"https:\/\/abra.org.pt\/index.php\/wp-json\/wp\/v2\/media?parent=23"}],"curies":[{"name":"wp","href":"https:\/\/api.w.org\/{rel}","templated":true}]}}